{"id":2969,"date":"2023-10-01T17:02:40","date_gmt":"2023-10-01T15:02:40","guid":{"rendered":"https:\/\/veganova.eu\/?post_type=product&#038;p=2969"},"modified":"2026-04-21T07:23:36","modified_gmt":"2026-04-21T05:23:36","slug":"doctors-best-quercetin-bromelain-180-kaps","status":"publish","type":"product","link":"https:\/\/veganova.eu\/it\/shop\/doctors-best-quercetin-bromelain-180-kaps\/","title":{"rendered":"Doctor's Best Quercetina Bromelina (180 caps)"},"content":{"rendered":"<h3>Doctor's Best Quercetina Bromelina (180 caps)<\/h3>\n<p>Nutrizione basata sulla scienza<br \/>\nIntegratore alimentare<br \/>\nVegano<br \/>\nAiuta a sostenere un'immunit\u00e0 sana<br \/>\nNon OGM\/Senza glutine\/Senza soia<\/p>\n<p>I flavonoidi sono sostanze nutritive presenti nei frutti e nelle piante colorate, utili per la salute umana. La quercetina contribuisce al colore dorato e brillante della pianta Dimorphandra mollis, che fornisce il flavonoide estratto dai baccelli dei semi. Le propriet\u00e0 proteolitiche della bromelina aiutano a scomporre le proteine, favorendo la digestione. La bromelina \u00e8 un enzima naturale ricavato dai gambi dell'ananas che contribuisce ad aumentare la biodisponibilit\u00e0 e i benefici del flavonoide quercetina, favorendo una risposta immunitaria sostenuta.<\/p>\n<p>Aiuta a sostenere una risposta immunitaria prolungata<br \/>\nContribuisce alla salute del sistema circolatorio e delle articolazioni<br \/>\nL'enzima bromelina favorisce la salute dell'apparato digerente<\/p>","protected":false},"excerpt":{"rendered":"<p>L'integratore alimentare vegano Doctor's Best Quercetin Bromelain \u00e8 indicato per un sistema cardiovascolare sano e per rafforzare le difese immunitarie. La confezione contiene: 180 capsule. Senza glutine e senza OGM.<\/p>","protected":false},"featured_media":53226,"comment_status":"closed","ping_status":"closed","template":"","meta":{"advanced_seo_description":"","jetpack_seo_html_title":"","jetpack_seo_noindex":false},"pwb-brand":[147],"product_brand":[4565],"product_cat":[596,289,597,152],"product_tag":[1067,1239,1117,1153],"class_list":{"0":"post-2969","1":"product","2":"type-product","3":"status-publish","4":"has-post-thumbnail","6":"pwb-brand-doctors-best","7":"product_brand-doctors-best","8":"product_cat-digestion","9":"product_cat-heart-and-blood-vessels","10":"product_cat-body-immunity","11":"product_cat-vitamins-and-minerals","12":"product_tag-digestion","13":"product_tag-enzymes","14":"product_tag-immunity","15":"product_tag-vessels","16":"brand_woo-doctors-best","18":"first","19":"instock","20":"sale","21":"taxable","22":"shipping-taxable","23":"purchasable","24":"product-type-simple"},"jetpack_sharing_enabled":true,"brands":[{"id":147,"name":"Il meglio del medico","slug":"doctors-best"}],"_links":{"self":[{"href":"https:\/\/veganova.eu\/it\/wp-json\/wp\/v2\/product\/2969","targetHints":{"allow":["GET"]}}],"collection":[{"href":"https:\/\/veganova.eu\/it\/wp-json\/wp\/v2\/product"}],"about":[{"href":"https:\/\/veganova.eu\/it\/wp-json\/wp\/v2\/types\/product"}],"replies":[{"embeddable":true,"href":"https:\/\/veganova.eu\/it\/wp-json\/wp\/v2\/comments?post=2969"}],"version-history":[{"count":1,"href":"https:\/\/veganova.eu\/it\/wp-json\/wp\/v2\/product\/2969\/revisions"}],"predecessor-version":[{"id":57481,"href":"https:\/\/veganova.eu\/it\/wp-json\/wp\/v2\/product\/2969\/revisions\/57481"}],"wp:featuredmedia":[{"embeddable":true,"href":"https:\/\/veganova.eu\/it\/wp-json\/wp\/v2\/media\/53226"}],"wp:attachment":[{"href":"https:\/\/veganova.eu\/it\/wp-json\/wp\/v2\/media?parent=2969"}],"wp:term":[{"taxonomy":"pwb-brand","embeddable":true,"href":"https:\/\/veganova.eu\/it\/wp-json\/wp\/v2\/pwb-brand?post=2969"},{"taxonomy":"product_brand","embeddable":true,"href":"https:\/\/veganova.eu\/it\/wp-json\/wp\/v2\/product_brand?post=2969"},{"taxonomy":"product_cat","embeddable":true,"href":"https:\/\/veganova.eu\/it\/wp-json\/wp\/v2\/product_cat?post=2969"},{"taxonomy":"product_tag","embeddable":true,"href":"https:\/\/veganova.eu\/it\/wp-json\/wp\/v2\/product_tag?post=2969"}],"curies":[{"name":"wp","href":"https:\/\/api.w.org\/{rel}","templated":true}]}}