{"id":3014,"date":"2023-10-01T17:02:57","date_gmt":"2023-10-01T15:02:57","guid":{"rendered":"https:\/\/veganova.eu\/?post_type=product&#038;p=3014"},"modified":"2026-04-27T02:22:31","modified_gmt":"2026-04-27T00:22:31","slug":"garden-of-life-dr-formulated-whole-food-magnesium-orange-197g","status":"publish","type":"product","link":"https:\/\/veganova.eu\/it\/shop\/garden-of-life-dr-formulated-whole-food-magnesium-orange-197g\/","title":{"rendered":"Garden of Life Dr. Formulated Magnesio Integrale, Arancia (197 g)"},"content":{"rendered":"<h3>Garden of Life Dr. Formulated Magnesio Integrale, Arancia (197 g)<\/h3>\n<p>Se vi sentite stanchi, avete problemi a dormire o avete a che fare con lo stress nella vostra vita, \u00e8 il momento di bere-sonno-riposo! Il magnesio \u00e8 uno degli oligoelementi pi\u00f9 importanti della dieta umana, eppure la maggior parte delle persone non ne assume abbastanza con la normale alimentazione. Il magnesio in polvere di Dr. Formulated Whole Food \u00e8 un delizioso modo frizzante al gusto di lampone e limone per aiutarvi a calmarvi e rilassarvi, ripristinando al contempo i livelli ottimali di magnesio nel vostro organismo. Il magnesio integrale Dr. Formulated contiene chelato di magnesio di proteine di riso integrale e probiotici vivi - 1 miliardo di CFU - per favorire una sana digestione e regolarit\u00e0.<\/p>","protected":false},"excerpt":{"rendered":"<p>Integratore alimentare vegano con magnesio Garden of Life Dr. Formulated Whole Food Magnesium con l'aggiunta di probiotici, adatto nei periodi di stress e di maggiore tensione mentale e fisica. Gusto: Arancia, la confezione contiene: 197g.<\/p>","protected":false},"featured_media":53221,"comment_status":"closed","ping_status":"closed","template":"","meta":{"advanced_seo_description":"","jetpack_seo_html_title":"","jetpack_seo_noindex":false},"pwb-brand":[303],"product_brand":[4625],"product_cat":[172,2598,152],"product_tag":[1245,1197,1079,1126],"class_list":{"0":"post-3014","1":"product","2":"type-product","3":"status-publish","4":"has-post-thumbnail","6":"pwb-brand-garden-of-life","7":"product_brand-garden-of-life","8":"product_cat-minerals","9":"product_cat-recovery","10":"product_cat-vitamins-and-minerals","11":"product_tag-mental-well-being","12":"product_tag-regeneration","13":"product_tag-relaxation","14":"product_tag-stress","15":"brand_woo-garden-of-life","17":"first","18":"instock","19":"taxable","20":"shipping-taxable","21":"purchasable","22":"product-type-simple"},"jetpack_sharing_enabled":true,"brands":[{"id":303,"name":"Giardino della vita","slug":"garden-of-life"}],"_links":{"self":[{"href":"https:\/\/veganova.eu\/it\/wp-json\/wp\/v2\/product\/3014","targetHints":{"allow":["GET"]}}],"collection":[{"href":"https:\/\/veganova.eu\/it\/wp-json\/wp\/v2\/product"}],"about":[{"href":"https:\/\/veganova.eu\/it\/wp-json\/wp\/v2\/types\/product"}],"replies":[{"embeddable":true,"href":"https:\/\/veganova.eu\/it\/wp-json\/wp\/v2\/comments?post=3014"}],"version-history":[{"count":1,"href":"https:\/\/veganova.eu\/it\/wp-json\/wp\/v2\/product\/3014\/revisions"}],"predecessor-version":[{"id":57519,"href":"https:\/\/veganova.eu\/it\/wp-json\/wp\/v2\/product\/3014\/revisions\/57519"}],"wp:featuredmedia":[{"embeddable":true,"href":"https:\/\/veganova.eu\/it\/wp-json\/wp\/v2\/media\/53221"}],"wp:attachment":[{"href":"https:\/\/veganova.eu\/it\/wp-json\/wp\/v2\/media?parent=3014"}],"wp:term":[{"taxonomy":"pwb-brand","embeddable":true,"href":"https:\/\/veganova.eu\/it\/wp-json\/wp\/v2\/pwb-brand?post=3014"},{"taxonomy":"product_brand","embeddable":true,"href":"https:\/\/veganova.eu\/it\/wp-json\/wp\/v2\/product_brand?post=3014"},{"taxonomy":"product_cat","embeddable":true,"href":"https:\/\/veganova.eu\/it\/wp-json\/wp\/v2\/product_cat?post=3014"},{"taxonomy":"product_tag","embeddable":true,"href":"https:\/\/veganova.eu\/it\/wp-json\/wp\/v2\/product_tag?post=3014"}],"curies":[{"name":"wp","href":"https:\/\/api.w.org\/{rel}","templated":true}]}}