{"id":3194,"date":"2023-10-01T17:04:05","date_gmt":"2023-10-01T15:04:05","guid":{"rendered":"https:\/\/veganova.eu\/?post_type=product&#038;p=3194"},"modified":"2026-04-21T07:23:49","modified_gmt":"2026-04-21T05:23:49","slug":"jarrow-formulas-same-400-30-tab","status":"publish","type":"product","link":"https:\/\/veganova.eu\/it\/shop\/jarrow-formulas-same-400-30-tab\/","title":{"rendered":"Jarrow Formulas SAMe 400 (30 compresse)"},"content":{"rendered":"<h3>Jarrow Formulas SAMe 400 (30 compresse)<\/h3>\n<p>Jarrow Formulas SAMe 200 fornisce 200 mg di SAMe (resa netta) da 400 mg di SAMe tosilato disolfato. SAMe 200 \u00e8 prodotto in condizioni di bassa temperatura e bassa umidit\u00e0 ed \u00e8 rivestito entericamente per garantire un prodotto biologicamente attivo.<\/p>\n<p>Con una quantit\u00e0 maggiore di S,S biologicamente attivo rispetto alla forma R,S<br \/>\nPresente in tutte le cellule viventi, la SAMe \u00e8 un metabolita della metionina (un aminoacido essenziale). La SAMe \u00e8 una molecola chirale composta da due forme: (S,S) SAMe e (R,S) SAMe. La forma biologicamente attiva \u00e8 la struttura (S,S), mentre la struttura (R,S) \u00e8 biologicamente inattiva. La SAMe di Jarrow Formulas \u00e8 prodotta mediante fermentazione microbiologica e poi lavorata senza solventi chimici per preservare la SAMe 68-80% (S,S).<\/p>\n<p>SAMe supporta:<\/p>\n<p>Metabolismo cerebrale e umore*<br \/>\nLe reazioni di metilazione della SAMe sono coinvolte nella sintesi della fosfatidilcolina, un componente sostanziale della materia grigia del cervello e delle membrane cellulari*.<br \/>\nnella formazione o nel metabolismo dei neurotrasmettitori, il che contribuisce a<br \/>\nsostenere un umore equilibrato.*<\/p>\n<p>Salute delle articolazioni*<br \/>\nIn questo processo di transulfurazione, i componenti critici del tessuto connettivo noti come glicosaminoglicani (GAG), tra cui la glucosamina e la condroitina, vengono solfatati dai metaboliti della SAMe per ottenere GAG solfatati, come il solfato di glucosamina e il solfato di condroitina, che costituiscono i mattoni della cartilagine.*<\/p>\n<p>Funzione epatica*<br \/>\nLa SAMe favorisce la sintesi del glutatione (GSH), fondamentale per le difese antiossidanti e le funzioni epatiche, compresa la disintossicazione di fase II*.<\/p>\n<p>SAMe 200 di Jarrow Formulas \u00e8 confezionato in blister per massimizzare la stabilit\u00e0 e fornisce 200 mg di S-Adenosyl Methionine derivate da 400 mg di SAMe Tosylate Disulfate.<\/p>","protected":false},"excerpt":{"rendered":"<p>The vegan nutritional supplement Jarrow Formulas SAMe 400 is suitable for healthy joints, detoxification of the liver, strengthening of brain functions and support of good mood. The package contains: 30 tablets.<\/p>","protected":false},"featured_media":11252,"comment_status":"closed","ping_status":"closed","template":"","meta":{"advanced_seo_description":"","jetpack_seo_html_title":"","jetpack_seo_noindex":false},"pwb-brand":[165],"product_brand":[4572],"product_cat":[294,143],"product_tag":[1146,1273,1272,1271],"class_list":{"0":"post-3194","1":"product","2":"type-product","3":"status-publish","4":"has-post-thumbnail","6":"pwb-brand-jarrow-formulas","7":"product_brand-jarrow-formulas","8":"product_cat-for-seniors","9":"product_cat-health-issues","10":"product_tag-good-mood","11":"product_tag-healthy-brain","12":"product_tag-healthy-joints","13":"product_tag-liver-detox","14":"brand_woo-jarrow-formulas","16":"first","17":"instock","18":"taxable","19":"shipping-taxable","20":"purchasable","21":"product-type-simple"},"jetpack_sharing_enabled":true,"brands":[{"id":165,"name":"Formule Jarrow","slug":"jarrow-formulas"}],"_links":{"self":[{"href":"https:\/\/veganova.eu\/it\/wp-json\/wp\/v2\/product\/3194","targetHints":{"allow":["GET"]}}],"collection":[{"href":"https:\/\/veganova.eu\/it\/wp-json\/wp\/v2\/product"}],"about":[{"href":"https:\/\/veganova.eu\/it\/wp-json\/wp\/v2\/types\/product"}],"replies":[{"embeddable":true,"href":"https:\/\/veganova.eu\/it\/wp-json\/wp\/v2\/comments?post=3194"}],"version-history":[{"count":1,"href":"https:\/\/veganova.eu\/it\/wp-json\/wp\/v2\/product\/3194\/revisions"}],"predecessor-version":[{"id":57680,"href":"https:\/\/veganova.eu\/it\/wp-json\/wp\/v2\/product\/3194\/revisions\/57680"}],"wp:featuredmedia":[{"embeddable":true,"href":"https:\/\/veganova.eu\/it\/wp-json\/wp\/v2\/media\/11252"}],"wp:attachment":[{"href":"https:\/\/veganova.eu\/it\/wp-json\/wp\/v2\/media?parent=3194"}],"wp:term":[{"taxonomy":"pwb-brand","embeddable":true,"href":"https:\/\/veganova.eu\/it\/wp-json\/wp\/v2\/pwb-brand?post=3194"},{"taxonomy":"product_brand","embeddable":true,"href":"https:\/\/veganova.eu\/it\/wp-json\/wp\/v2\/product_brand?post=3194"},{"taxonomy":"product_cat","embeddable":true,"href":"https:\/\/veganova.eu\/it\/wp-json\/wp\/v2\/product_cat?post=3194"},{"taxonomy":"product_tag","embeddable":true,"href":"https:\/\/veganova.eu\/it\/wp-json\/wp\/v2\/product_tag?post=3194"}],"curies":[{"name":"wp","href":"https:\/\/api.w.org\/{rel}","templated":true}]}}