{"id":3300,"date":"2023-10-01T17:04:40","date_gmt":"2023-10-01T15:04:40","guid":{"rendered":"https:\/\/veganova.eu\/?post_type=product&#038;p=3300"},"modified":"2026-04-21T07:23:56","modified_gmt":"2026-04-21T05:23:56","slug":"now-foods-adam-multi-vitamin-for-men-90-kaps","status":"publish","type":"product","link":"https:\/\/veganova.eu\/it\/shop\/now-foods-adam-multi-vitamin-for-men-90-kaps\/","title":{"rendered":"NOW Foods ADAM Multivitaminico per uomini (90 caps)"},"content":{"rendered":"<h3>NOW Foods ADAM Multi-Vitamin per uomo<\/h3>\n<ul>\n<li>multivitaminico vegano per uomini<\/li>\n<li>Molti prodotti oggi in commercio contengono quantit\u00e0 inutili di eccipienti e ingredienti aggiunti.<\/li>\n<li>ADAM \u00e8 formulato in modo da contenere i livelli pi\u00f9 bassi di questi ingredienti aggiuntivi non necessari, lasciando pi\u00f9 spazio ai livelli pi\u00f9 elevati di nutrienti di cui gli uomini hanno bisogno per mantenere una salute ottimale.<\/li>\n<\/ul>","protected":false},"excerpt":{"rendered":"<p>Integratore alimentare vegano studiato appositamente per le esigenze degli uomini NOW Foods ADAM Multi-Vitamin for Men, la confezione contiene: 90 compresse. Senza glutine.<\/p>","protected":false},"featured_media":51391,"comment_status":"closed","ping_status":"closed","template":"","meta":{"advanced_seo_description":"","jetpack_seo_html_title":"","jetpack_seo_noindex":false},"pwb-brand":[173],"product_brand":[4580],"product_cat":[321],"product_tag":[923],"class_list":{"0":"post-3300","1":"product","2":"type-product","3":"status-publish","4":"has-post-thumbnail","6":"pwb-brand-now-foods","7":"product_brand-now-foods","8":"product_cat-for-men","9":"product_tag-vitamins-for-men","10":"brand_woo-now-foods","12":"first","13":"instock","14":"taxable","15":"shipping-taxable","16":"purchasable","17":"product-type-simple"},"jetpack_sharing_enabled":true,"brands":[{"id":173,"name":"Cibi NOW","slug":"now-foods"}],"_links":{"self":[{"href":"https:\/\/veganova.eu\/it\/wp-json\/wp\/v2\/product\/3300","targetHints":{"allow":["GET"]}}],"collection":[{"href":"https:\/\/veganova.eu\/it\/wp-json\/wp\/v2\/product"}],"about":[{"href":"https:\/\/veganova.eu\/it\/wp-json\/wp\/v2\/types\/product"}],"replies":[{"embeddable":true,"href":"https:\/\/veganova.eu\/it\/wp-json\/wp\/v2\/comments?post=3300"}],"version-history":[{"count":1,"href":"https:\/\/veganova.eu\/it\/wp-json\/wp\/v2\/product\/3300\/revisions"}],"predecessor-version":[{"id":57749,"href":"https:\/\/veganova.eu\/it\/wp-json\/wp\/v2\/product\/3300\/revisions\/57749"}],"wp:featuredmedia":[{"embeddable":true,"href":"https:\/\/veganova.eu\/it\/wp-json\/wp\/v2\/media\/51391"}],"wp:attachment":[{"href":"https:\/\/veganova.eu\/it\/wp-json\/wp\/v2\/media?parent=3300"}],"wp:term":[{"taxonomy":"pwb-brand","embeddable":true,"href":"https:\/\/veganova.eu\/it\/wp-json\/wp\/v2\/pwb-brand?post=3300"},{"taxonomy":"product_brand","embeddable":true,"href":"https:\/\/veganova.eu\/it\/wp-json\/wp\/v2\/product_brand?post=3300"},{"taxonomy":"product_cat","embeddable":true,"href":"https:\/\/veganova.eu\/it\/wp-json\/wp\/v2\/product_cat?post=3300"},{"taxonomy":"product_tag","embeddable":true,"href":"https:\/\/veganova.eu\/it\/wp-json\/wp\/v2\/product_tag?post=3300"}],"curies":[{"name":"wp","href":"https:\/\/api.w.org\/{rel}","templated":true}]}}