{"id":3414,"date":"2023-10-01T17:05:30","date_gmt":"2023-10-01T15:05:30","guid":{"rendered":"https:\/\/veganova.eu\/?post_type=product&#038;p=3414"},"modified":"2026-04-21T07:24:04","modified_gmt":"2026-04-21T05:24:04","slug":"now-foods-curcubrain-400mg-50-kaps","status":"publish","type":"product","link":"https:\/\/veganova.eu\/it\/shop\/now-foods-curcubrain-400mg-50-kaps\/","title":{"rendered":"NOW Foods CurcuBrain, 400mg (50 caps)"},"content":{"rendered":"<h3>NOW Foods CurcuBrain<\/h3>\n<ul>\n<li>Curcumina ottimizzata Longvida<\/li>\n<li>Attraversa la barriera emato-encefalica<\/li>\n<li>Curcumina in forma libera con eccellente biodisponibilit\u00e0<\/li>\n<li>La curcumina \u00e8 un potente neutralizzatore di radicali liberi noto per sostenere una funzione immunitaria equilibrata, ma \u00e8 anche nota per la sua scarsa biodisponibilit\u00e0.<\/li>\n<li>Ora CurcuBrain contiene curcumina ottimizzata Longvida, che negli studi dimostra una biodisponibilit\u00e0 di curcuminoidi liberi fino a 65 volte superiore rispetto alla curcumina generica.<\/li>\n<li>Longvida viene assorbito dal tratto digerente e viene distribuito al resto dell'organismo come curcumina libera, la forma attiva nell'organismo.<\/li>\n<\/ul>","protected":false},"excerpt":{"rendered":"<p>Integratore alimentare vegano NOW Foods CurcuBrain, 400 mg, contenente un estratto brevettato di curcumina, che garantisce una maggiore assorbibilit\u00e0 e fruibilit\u00e0 rispetto all'uso regolare di curcuma. La confezione contiene: 50 capsule. Senza glutine e senza OGM.<\/p>","protected":false},"featured_media":53560,"comment_status":"closed","ping_status":"closed","template":"","meta":{"advanced_seo_description":"","jetpack_seo_html_title":"","jetpack_seo_noindex":false},"pwb-brand":[173],"product_brand":[4580],"product_cat":[2592,294,143,597,2600,2591],"product_tag":[1273,1117],"class_list":{"0":"post-3414","1":"product","2":"type-product","3":"status-publish","4":"has-post-thumbnail","6":"pwb-brand-now-foods","7":"product_brand-now-foods","8":"product_cat-detox","9":"product_cat-for-seniors","10":"product_cat-health-issues","11":"product_cat-body-immunity","12":"product_cat-inflammation","13":"product_cat-liver","14":"product_tag-healthy-brain","15":"product_tag-immunity","16":"brand_woo-now-foods","18":"first","19":"instock","20":"taxable","21":"shipping-taxable","22":"purchasable","23":"product-type-simple"},"jetpack_sharing_enabled":true,"brands":[{"id":173,"name":"Cibi NOW","slug":"now-foods"}],"_links":{"self":[{"href":"https:\/\/veganova.eu\/it\/wp-json\/wp\/v2\/product\/3414","targetHints":{"allow":["GET"]}}],"collection":[{"href":"https:\/\/veganova.eu\/it\/wp-json\/wp\/v2\/product"}],"about":[{"href":"https:\/\/veganova.eu\/it\/wp-json\/wp\/v2\/types\/product"}],"replies":[{"embeddable":true,"href":"https:\/\/veganova.eu\/it\/wp-json\/wp\/v2\/comments?post=3414"}],"version-history":[{"count":1,"href":"https:\/\/veganova.eu\/it\/wp-json\/wp\/v2\/product\/3414\/revisions"}],"predecessor-version":[{"id":57845,"href":"https:\/\/veganova.eu\/it\/wp-json\/wp\/v2\/product\/3414\/revisions\/57845"}],"wp:featuredmedia":[{"embeddable":true,"href":"https:\/\/veganova.eu\/it\/wp-json\/wp\/v2\/media\/53560"}],"wp:attachment":[{"href":"https:\/\/veganova.eu\/it\/wp-json\/wp\/v2\/media?parent=3414"}],"wp:term":[{"taxonomy":"pwb-brand","embeddable":true,"href":"https:\/\/veganova.eu\/it\/wp-json\/wp\/v2\/pwb-brand?post=3414"},{"taxonomy":"product_brand","embeddable":true,"href":"https:\/\/veganova.eu\/it\/wp-json\/wp\/v2\/product_brand?post=3414"},{"taxonomy":"product_cat","embeddable":true,"href":"https:\/\/veganova.eu\/it\/wp-json\/wp\/v2\/product_cat?post=3414"},{"taxonomy":"product_tag","embeddable":true,"href":"https:\/\/veganova.eu\/it\/wp-json\/wp\/v2\/product_tag?post=3414"}],"curies":[{"name":"wp","href":"https:\/\/api.w.org\/{rel}","templated":true}]}}