{"id":3439,"date":"2023-10-01T17:05:40","date_gmt":"2023-10-01T15:05:40","guid":{"rendered":"https:\/\/veganova.eu\/?post_type=product&#038;p=3439"},"modified":"2026-04-21T07:24:05","modified_gmt":"2026-04-21T05:24:05","slug":"now-foods-egcg-green-tea-extract-400mg-180-kaps","status":"publish","type":"product","link":"https:\/\/veganova.eu\/it\/shop\/now-foods-egcg-green-tea-extract-400mg-180-kaps\/","title":{"rendered":"NOW Foods Estratto di t\u00e8 verde EGCg, 400 mg (180 capsule)"},"content":{"rendered":"<h3>NOW Foods Estratto di t\u00e8 verde EGCg, 400 mg (180 capsule)<\/h3>\n<p>200 mg di EGCg \/ 80% Catechine<br \/>\nSupporta la salute cellulare<\/p>\n<p>Una capsula di NOW Estratto di t\u00e8 verde con 200 mg di EGCg possiede un contenuto di fitonutrienti pari a circa 2-3 tazze di t\u00e8 verde. I composti bioattivi del t\u00e8 verde comprendono polifenoli e catechine, noti per le loro potenti propriet\u00e0 di neutralizzazione dei radicali liberi. La catechina pi\u00f9 abbondante, l'EGCg, ha dimostrato scientificamente di contribuire al mantenimento di tessuti sani in presenza di un normale stress metabolico e di sostenere la corretta regolazione del ciclo cellulare.<\/p>","protected":false},"excerpt":{"rendered":"<p>The vegan nutritional supplement NOW Foods EGCg Green Tea Extract, 400mg contains green tea extract, which fights against the effects of free radicals and promotes cell health. The package contains: 180 capsules.<\/p>","protected":false},"featured_media":51646,"comment_status":"closed","ping_status":"closed","template":"","meta":{"advanced_seo_description":"","jetpack_seo_html_title":"","jetpack_seo_noindex":false},"pwb-brand":[173],"product_brand":[4580],"product_cat":[149,177],"product_tag":[1093,860,1235,1153],"class_list":{"0":"post-3439","1":"product","2":"type-product","3":"status-publish","4":"has-post-thumbnail","6":"pwb-brand-now-foods","7":"product_brand-now-foods","8":"product_cat-superfoods","9":"product_cat-weight-loss","10":"product_tag-antioxidant","11":"product_tag-energy","12":"product_tag-free-radical-scavenger","13":"product_tag-vessels","14":"brand_woo-now-foods","16":"first","17":"instock","18":"sale","19":"taxable","20":"shipping-taxable","21":"purchasable","22":"product-type-simple"},"jetpack_sharing_enabled":true,"brands":[{"id":173,"name":"Cibi NOW","slug":"now-foods"}],"_links":{"self":[{"href":"https:\/\/veganova.eu\/it\/wp-json\/wp\/v2\/product\/3439","targetHints":{"allow":["GET"]}}],"collection":[{"href":"https:\/\/veganova.eu\/it\/wp-json\/wp\/v2\/product"}],"about":[{"href":"https:\/\/veganova.eu\/it\/wp-json\/wp\/v2\/types\/product"}],"replies":[{"embeddable":true,"href":"https:\/\/veganova.eu\/it\/wp-json\/wp\/v2\/comments?post=3439"}],"version-history":[{"count":1,"href":"https:\/\/veganova.eu\/it\/wp-json\/wp\/v2\/product\/3439\/revisions"}],"predecessor-version":[{"id":57869,"href":"https:\/\/veganova.eu\/it\/wp-json\/wp\/v2\/product\/3439\/revisions\/57869"}],"wp:featuredmedia":[{"embeddable":true,"href":"https:\/\/veganova.eu\/it\/wp-json\/wp\/v2\/media\/51646"}],"wp:attachment":[{"href":"https:\/\/veganova.eu\/it\/wp-json\/wp\/v2\/media?parent=3439"}],"wp:term":[{"taxonomy":"pwb-brand","embeddable":true,"href":"https:\/\/veganova.eu\/it\/wp-json\/wp\/v2\/pwb-brand?post=3439"},{"taxonomy":"product_brand","embeddable":true,"href":"https:\/\/veganova.eu\/it\/wp-json\/wp\/v2\/product_brand?post=3439"},{"taxonomy":"product_cat","embeddable":true,"href":"https:\/\/veganova.eu\/it\/wp-json\/wp\/v2\/product_cat?post=3439"},{"taxonomy":"product_tag","embeddable":true,"href":"https:\/\/veganova.eu\/it\/wp-json\/wp\/v2\/product_tag?post=3439"}],"curies":[{"name":"wp","href":"https:\/\/api.w.org\/{rel}","templated":true}]}}