{"id":3680,"date":"2023-10-01T17:07:22","date_gmt":"2023-10-01T15:07:22","guid":{"rendered":"https:\/\/veganova.eu\/?post_type=product&#038;p=3680"},"modified":"2026-04-21T07:24:21","modified_gmt":"2026-04-21T05:24:21","slug":"now-foods-same-400mg-30-tab","status":"publish","type":"product","link":"https:\/\/veganova.eu\/it\/shop\/now-foods-same-400mg-30-tab\/","title":{"rendered":"NOW Foods SAMe, 400 mg (30 compresse)"},"content":{"rendered":"<h3>NOW Foods SAMe, 400 mg (30 compresse)<\/h3>\n<p>Sostiene il benessere emotivo<br \/>\nSupporta la salute delle articolazioni<br \/>\nRivestimento enterico<br \/>\nLa SAMe (S-adenosilmetionina), un composto nativo dell'organismo, \u00e8 un componente di molte reazioni biochimiche, comprese quelle che influenzano la biochimica cerebrale e la salute delle articolazioni. Numerosi studi hanno indicato che la SAMe pu\u00f2 contribuire ad alleviare piccoli dolori transitori dovuti a sforzi eccessivi o a sollecitazioni. Inoltre, poich\u00e9 la SAMe \u00e8 necessaria per la sintesi dei neurotrasmettitori, svolge un ruolo importante nel sostegno dell'umore. NOW SAMe \u00e8 rivestito in forma enterica, il che lo rende molto ben tollerato e lo protegge dalla degradazione.<\/p>","protected":false},"excerpt":{"rendered":"<p>Vegan nutritional supplement NOW Foods SAMe, 400mg, is suitable for healthy joints and balanced emotional health. The package contains: 30 capsules. Gluten-free.<\/p>","protected":false},"featured_media":51540,"comment_status":"closed","ping_status":"closed","template":"","meta":{"advanced_seo_description":"","jetpack_seo_html_title":"","jetpack_seo_noindex":false},"pwb-brand":[173],"product_brand":[4580],"product_cat":[294,143],"product_tag":[1384,1272],"class_list":{"0":"post-3680","1":"product","2":"type-product","3":"status-publish","4":"has-post-thumbnail","6":"pwb-brand-now-foods","7":"product_brand-now-foods","8":"product_cat-for-seniors","9":"product_cat-health-issues","10":"product_tag-emotional-health","11":"product_tag-healthy-joints","12":"brand_woo-now-foods","14":"first","15":"instock","16":"taxable","17":"shipping-taxable","18":"purchasable","19":"product-type-simple"},"jetpack_sharing_enabled":true,"brands":[{"id":173,"name":"Cibi NOW","slug":"now-foods"}],"_links":{"self":[{"href":"https:\/\/veganova.eu\/it\/wp-json\/wp\/v2\/product\/3680","targetHints":{"allow":["GET"]}}],"collection":[{"href":"https:\/\/veganova.eu\/it\/wp-json\/wp\/v2\/product"}],"about":[{"href":"https:\/\/veganova.eu\/it\/wp-json\/wp\/v2\/types\/product"}],"replies":[{"embeddable":true,"href":"https:\/\/veganova.eu\/it\/wp-json\/wp\/v2\/comments?post=3680"}],"version-history":[{"count":1,"href":"https:\/\/veganova.eu\/it\/wp-json\/wp\/v2\/product\/3680\/revisions"}],"predecessor-version":[{"id":58070,"href":"https:\/\/veganova.eu\/it\/wp-json\/wp\/v2\/product\/3680\/revisions\/58070"}],"wp:featuredmedia":[{"embeddable":true,"href":"https:\/\/veganova.eu\/it\/wp-json\/wp\/v2\/media\/51540"}],"wp:attachment":[{"href":"https:\/\/veganova.eu\/it\/wp-json\/wp\/v2\/media?parent=3680"}],"wp:term":[{"taxonomy":"pwb-brand","embeddable":true,"href":"https:\/\/veganova.eu\/it\/wp-json\/wp\/v2\/pwb-brand?post=3680"},{"taxonomy":"product_brand","embeddable":true,"href":"https:\/\/veganova.eu\/it\/wp-json\/wp\/v2\/product_brand?post=3680"},{"taxonomy":"product_cat","embeddable":true,"href":"https:\/\/veganova.eu\/it\/wp-json\/wp\/v2\/product_cat?post=3680"},{"taxonomy":"product_tag","embeddable":true,"href":"https:\/\/veganova.eu\/it\/wp-json\/wp\/v2\/product_tag?post=3680"}],"curies":[{"name":"wp","href":"https:\/\/api.w.org\/{rel}","templated":true}]}}