{"id":3812,"date":"2023-10-01T17:08:25","date_gmt":"2023-10-01T15:08:25","guid":{"rendered":"https:\/\/veganova.eu\/?post_type=product&#038;p=3812"},"modified":"2026-04-21T07:24:30","modified_gmt":"2026-04-21T05:24:30","slug":"revive-daily-greens-180-kaps","status":"publish","type":"product","link":"https:\/\/veganova.eu\/it\/shop\/revive-daily-greens-180-kaps\/","title":{"rendered":"Revive Daily Greens (180 capsule)"},"content":{"rendered":"<h3>Revive Daily Greens<\/h3>\n<ul>\n<li>La formula Daily Greens fornisce una serie di nutrienti benefici provenienti da bacche, frutta e verdura per sostenere una dieta sana ed equilibrata.<\/li>\n<li>Ogni capsula contiene una miscela di \"superalimenti\" ricchi di antiossidanti e potenti nutrienti vegetali che aiutano a ridurre l'infiammazione e ad aumentare i livelli di energia.<\/li>\n<li>Questa formula completa favorisce l'attivit\u00e0 antiossidante e pu\u00f2 contribuire a proteggere l'organismo dallo stress cellulare.<\/li>\n<li>Daily Greens \u00e8 stato creato per le persone che seguono una dieta povera di frutta e verdura. In altre parole, se l'apporto giornaliero di frutta e verdura \u00e8 inferiore alla quantit\u00e0 raccomandata, questo integratore fa al caso vostro.<\/li>\n<li>L'uso quotidiano di questa composizione naturale pu\u00f2 contribuire a migliorare l'attivit\u00e0 antiossidante, a sostenere i processi di disintossicazione naturale e a costituire una miscela ad alta capacit\u00e0 di assorbimento dei radicali dell'ossigeno (ORAC).<\/li>\n<li>Le capsule Daily Greens sono prive di glutine e di latticini.<\/li>\n<\/ul>","protected":false},"excerpt":{"rendered":"<p>L'integratore alimentare vegano Revive Daily Greens \u00e8 adatto per il massimo utilizzo e l'assorbimento delle sostanze salutari di frutta e verdura. Ha effetti antiossidanti e antinfiammatori. La confezione contiene: 180 capsule. Senza glutine.<\/p>","protected":false},"featured_media":53419,"comment_status":"closed","ping_status":"closed","template":"","meta":{"advanced_seo_description":"","jetpack_seo_html_title":"","jetpack_seo_noindex":false},"pwb-brand":[406],"product_brand":[4719],"product_cat":[149],"product_tag":[1414,1037,1067,1117,1380,1153],"class_list":{"0":"post-3812","1":"product","2":"type-product","3":"status-publish","4":"has-post-thumbnail","6":"pwb-brand-revive","7":"product_brand-revive","8":"product_cat-superfoods","9":"product_tag-antioxidants","10":"product_tag-detox","11":"product_tag-digestion","12":"product_tag-immunity","13":"product_tag-oxidative-stress","14":"product_tag-vessels","15":"brand_woo-revive","17":"first","18":"instock","19":"sale","20":"taxable","21":"shipping-taxable","22":"purchasable","23":"product-type-simple"},"jetpack_sharing_enabled":true,"brands":[{"id":406,"name":"Rinascita","slug":"revive"}],"_links":{"self":[{"href":"https:\/\/veganova.eu\/it\/wp-json\/wp\/v2\/product\/3812","targetHints":{"allow":["GET"]}}],"collection":[{"href":"https:\/\/veganova.eu\/it\/wp-json\/wp\/v2\/product"}],"about":[{"href":"https:\/\/veganova.eu\/it\/wp-json\/wp\/v2\/types\/product"}],"replies":[{"embeddable":true,"href":"https:\/\/veganova.eu\/it\/wp-json\/wp\/v2\/comments?post=3812"}],"version-history":[{"count":1,"href":"https:\/\/veganova.eu\/it\/wp-json\/wp\/v2\/product\/3812\/revisions"}],"predecessor-version":[{"id":58185,"href":"https:\/\/veganova.eu\/it\/wp-json\/wp\/v2\/product\/3812\/revisions\/58185"}],"wp:featuredmedia":[{"embeddable":true,"href":"https:\/\/veganova.eu\/it\/wp-json\/wp\/v2\/media\/53419"}],"wp:attachment":[{"href":"https:\/\/veganova.eu\/it\/wp-json\/wp\/v2\/media?parent=3812"}],"wp:term":[{"taxonomy":"pwb-brand","embeddable":true,"href":"https:\/\/veganova.eu\/it\/wp-json\/wp\/v2\/pwb-brand?post=3812"},{"taxonomy":"product_brand","embeddable":true,"href":"https:\/\/veganova.eu\/it\/wp-json\/wp\/v2\/product_brand?post=3812"},{"taxonomy":"product_cat","embeddable":true,"href":"https:\/\/veganova.eu\/it\/wp-json\/wp\/v2\/product_cat?post=3812"},{"taxonomy":"product_tag","embeddable":true,"href":"https:\/\/veganova.eu\/it\/wp-json\/wp\/v2\/product_tag?post=3812"}],"curies":[{"name":"wp","href":"https:\/\/api.w.org\/{rel}","templated":true}]}}