{"id":3821,"date":"2023-10-01T17:08:28","date_gmt":"2023-10-01T15:08:28","guid":{"rendered":"https:\/\/veganova.eu\/?post_type=product&#038;p=3821"},"modified":"2026-04-21T07:24:31","modified_gmt":"2026-04-21T05:24:31","slug":"revive-lipid-210-tab","status":"publish","type":"product","link":"https:\/\/veganova.eu\/it\/shop\/revive-lipid-210-tab\/","title":{"rendered":"Revive Lipid (210 compresse)"},"content":{"rendered":"<h3>Revive Lipid (210 compresse)<\/h3>\n<p>Lipidi di Revive<\/p>\n<p>L'integratore di lipidi \u00e8 formulato per contribuire al mantenimento di livelli di colesterolo gi\u00e0 sani per uomini e donne. L'uso quotidiano di questa formula lipidica pu\u00f2 anche contribuire a mantenere i livelli di trigliceridi gi\u00e0 sani e a sostenere un rapporto sano tra HDL e LDL. Tutti gli ingredienti utilizzati nella nostra formula sono stati accuratamente selezionati per favorire la funzione endoteliale.<\/p>\n<p>Sostenere l'equilibrio del colesterolo<\/p>\n<p>I lipidi comprendono i trigliceridi e il colesterolo, trasportato da due tipi di lipoproteine, le lipoproteine ad alta densit\u00e0 (HDL) e le lipoproteine a bassa densit\u00e0 (LDL) (spesso definite \"colesterolo cattivo\"). Il nostro integratore di lipidi contiene bergamotto e beta-sitosterolo, due ingredienti comunemente utilizzati per mantenere un rapporto gi\u00e0 sano tra colesterolo HDL e LDL. Ogni dose di questo integratore di lipidi contiene anche estratto naturale di carciofo e resveratrolo, che possono favorire il mantenimento di livelli gi\u00e0 sani di glucosio e insulina nel sangue.<\/p>\n<p>Ingredienti chiave<\/p>\n<p>Beta Sitosterolo<br \/>\nIl beta-sitosterolo pu\u00f2 contribuire a ridurre i livelli di colesterolo limitando la quantit\u00e0 di colesterolo che riesce a entrare nell'organismo. Pu\u00f2 inoltre contribuire a ridurre il gonfiore della prostata e di altri tessuti.<\/p>\n<p>Bergamotto agli agrumi<br \/>\nIl bergamotto \u00e8 un agrume con potenti benefici per la salute, tra cui la capacit\u00e0 di ridurre i livelli di colesterolo, di abbassare i livelli di zucchero nel sangue, di avere un effetto antinfiammatorio e forse anche di essere collegato alla perdita di peso.<\/p>\n<p>Pantetina<br \/>\nLa pantetina \u00e8 un integratore alimentare di tipo vitaminico. \u00c8 correlata alla vitamina B5 (acido pantotenico). La pantetina viene utilizzata soprattutto per ridurre i livelli di colesterolo e trigliceridi.<\/p>","protected":false},"excerpt":{"rendered":"<p>L'integratore alimentare vegano Revive Lipid \u00e8 una speciale combinazione di sostanze per bilanciare e mantenere un livello sano di colesterolo. Gli ingredienti principali sono carciofi, foglie di vite rossa, bergamotto e mirtilli. \u00c8 adatto sia alle donne che agli uomini. La confezione contiene: 210 compresse. Senza glutine.<\/p>","protected":false},"featured_media":53027,"comment_status":"closed","ping_status":"closed","template":"","meta":{"advanced_seo_description":"","jetpack_seo_html_title":"","jetpack_seo_noindex":false},"pwb-brand":[406],"product_brand":[4719],"product_cat":[2591,152,177],"product_tag":[1040,1158,1117,1153],"class_list":{"0":"post-3821","1":"product","2":"type-product","3":"status-publish","4":"has-post-thumbnail","6":"pwb-brand-revive","7":"product_brand-revive","8":"product_cat-liver","9":"product_cat-vitamins-and-minerals","10":"product_cat-weight-loss","11":"product_tag-cholesterol","12":"product_tag-heart","13":"product_tag-immunity","14":"product_tag-vessels","15":"brand_woo-revive","17":"first","18":"instock","19":"taxable","20":"shipping-taxable","21":"purchasable","22":"product-type-simple"},"jetpack_sharing_enabled":true,"brands":[{"id":406,"name":"Rinascita","slug":"revive"}],"_links":{"self":[{"href":"https:\/\/veganova.eu\/it\/wp-json\/wp\/v2\/product\/3821","targetHints":{"allow":["GET"]}}],"collection":[{"href":"https:\/\/veganova.eu\/it\/wp-json\/wp\/v2\/product"}],"about":[{"href":"https:\/\/veganova.eu\/it\/wp-json\/wp\/v2\/types\/product"}],"replies":[{"embeddable":true,"href":"https:\/\/veganova.eu\/it\/wp-json\/wp\/v2\/comments?post=3821"}],"version-history":[{"count":1,"href":"https:\/\/veganova.eu\/it\/wp-json\/wp\/v2\/product\/3821\/revisions"}],"predecessor-version":[{"id":58194,"href":"https:\/\/veganova.eu\/it\/wp-json\/wp\/v2\/product\/3821\/revisions\/58194"}],"wp:featuredmedia":[{"embeddable":true,"href":"https:\/\/veganova.eu\/it\/wp-json\/wp\/v2\/media\/53027"}],"wp:attachment":[{"href":"https:\/\/veganova.eu\/it\/wp-json\/wp\/v2\/media?parent=3821"}],"wp:term":[{"taxonomy":"pwb-brand","embeddable":true,"href":"https:\/\/veganova.eu\/it\/wp-json\/wp\/v2\/pwb-brand?post=3821"},{"taxonomy":"product_brand","embeddable":true,"href":"https:\/\/veganova.eu\/it\/wp-json\/wp\/v2\/product_brand?post=3821"},{"taxonomy":"product_cat","embeddable":true,"href":"https:\/\/veganova.eu\/it\/wp-json\/wp\/v2\/product_cat?post=3821"},{"taxonomy":"product_tag","embeddable":true,"href":"https:\/\/veganova.eu\/it\/wp-json\/wp\/v2\/product_tag?post=3821"}],"curies":[{"name":"wp","href":"https:\/\/api.w.org\/{rel}","templated":true}]}}