{"id":47715,"date":"2024-09-15T12:27:40","date_gmt":"2024-09-15T10:27:40","guid":{"rendered":"https:\/\/veganova.eu\/?post_type=product&#038;p=47715"},"modified":"2026-04-21T07:25:51","modified_gmt":"2026-04-21T05:25:51","slug":"weider-ashwagandha-professional-120-vcaps","status":"publish","type":"product","link":"https:\/\/veganova.eu\/it\/shop\/weider-ashwagandha-professional-120-vcaps\/","title":{"rendered":"Weider Ashwagandha Professional - 120 vcaps"},"content":{"rendered":"<h3>Weider Ashwagandha Professional - 120 vcaps<\/h3>\n<p>L'ashwagandha (Withania somnifera), nota anche come sonnifero, viene utilizzata da migliaia di anni nella medicina tradizionale e in quella alternativa per vari scopi. L'estratto della pianta \u00e8 particolarmente apprezzato come agente terapeutico nell'arte curativa indiana dell'Ayurveda. L'Ashwaganda viene utilizzato principalmente per ridurre lo stress, ringiovanire e migliorare la vitalit\u00e0 generale. La materia prima di marca KSM-66 \u00e8 nota per la sua qualit\u00e0 eccezionalmente elevata. La radice di ashwagandha contiene una serie di componenti importanti come acidi grassi, minerali e fitonutrienti, ma i cosiddetti withanolidi sono particolarmente caratteristici e preziosi per questo tipo di pianta. KSM-66 \u00e8 standardizzato a un minimo di 5% withanolidi attraverso un processo di estrazione unico ed \u00e8 sottoposto ai pi\u00f9 severi controlli di qualit\u00e0 e analisi. Grazie all'utilizzo del potenziatore organico AstraGin, la nostra formula di Ashwagandha \u00e8 ancora pi\u00f9 efficace. La miscela di estratti vegetali pu\u00f2 migliorare l'assorbimento di vari altri ingredienti nell'intestino tenue. Si consiglia l'assunzione di due capsule di Ashwagandha Professional al giorno come integratore di sostanze nutritive nell'ambito di una dieta sana e basata sul fabbisogno e di uno stile di vita attivo e sportivo. Ashwagandha Professional pu\u00f2 essere assunto sia durante il giorno che prima di andare a letto. L'involucro delle capsule \u00e8 privo di gelatina, per cui il prodotto \u00e8 facilmente compatibile con una dieta vegetariana e vegana.<\/p>","protected":false},"excerpt":{"rendered":"<p>Capsule vegetariane Weider Ashwagandha Professional supporta la salute mentale e i livelli di energia. Contenuto: 120 capsule vegetali. Certificazione: Vegano, Vegetariano.<\/p>","protected":false},"featured_media":52115,"comment_status":"closed","ping_status":"closed","template":"","meta":{"advanced_seo_description":"","jetpack_seo_html_title":"","jetpack_seo_noindex":false},"pwb-brand":[499],"product_brand":[4792],"product_cat":[2596,152],"product_tag":[],"class_list":{"0":"post-47715","1":"product","2":"type-product","3":"status-publish","4":"has-post-thumbnail","6":"pwb-brand-weider","7":"product_brand-weider","8":"product_cat-herbs","9":"product_cat-vitamins-and-minerals","10":"brand_woo-weider","12":"first","13":"instock","14":"taxable","15":"shipping-taxable","16":"purchasable","17":"product-type-simple"},"jetpack_sharing_enabled":true,"brands":[{"id":499,"name":"Weider","slug":"weider"}],"_links":{"self":[{"href":"https:\/\/veganova.eu\/it\/wp-json\/wp\/v2\/product\/47715","targetHints":{"allow":["GET"]}}],"collection":[{"href":"https:\/\/veganova.eu\/it\/wp-json\/wp\/v2\/product"}],"about":[{"href":"https:\/\/veganova.eu\/it\/wp-json\/wp\/v2\/types\/product"}],"replies":[{"embeddable":true,"href":"https:\/\/veganova.eu\/it\/wp-json\/wp\/v2\/comments?post=47715"}],"version-history":[{"count":1,"href":"https:\/\/veganova.eu\/it\/wp-json\/wp\/v2\/product\/47715\/revisions"}],"predecessor-version":[{"id":59200,"href":"https:\/\/veganova.eu\/it\/wp-json\/wp\/v2\/product\/47715\/revisions\/59200"}],"wp:featuredmedia":[{"embeddable":true,"href":"https:\/\/veganova.eu\/it\/wp-json\/wp\/v2\/media\/52115"}],"wp:attachment":[{"href":"https:\/\/veganova.eu\/it\/wp-json\/wp\/v2\/media?parent=47715"}],"wp:term":[{"taxonomy":"pwb-brand","embeddable":true,"href":"https:\/\/veganova.eu\/it\/wp-json\/wp\/v2\/pwb-brand?post=47715"},{"taxonomy":"product_brand","embeddable":true,"href":"https:\/\/veganova.eu\/it\/wp-json\/wp\/v2\/product_brand?post=47715"},{"taxonomy":"product_cat","embeddable":true,"href":"https:\/\/veganova.eu\/it\/wp-json\/wp\/v2\/product_cat?post=47715"},{"taxonomy":"product_tag","embeddable":true,"href":"https:\/\/veganova.eu\/it\/wp-json\/wp\/v2\/product_tag?post=47715"}],"curies":[{"name":"wp","href":"https:\/\/api.w.org\/{rel}","templated":true}]}}