{"id":47899,"date":"2024-09-15T12:30:56","date_gmt":"2024-09-15T10:30:56","guid":{"rendered":"https:\/\/veganova.eu\/?post_type=product&#038;p=47899"},"modified":"2026-04-21T07:25:59","modified_gmt":"2026-04-21T05:25:59","slug":"zenwise-green-coffee-bean-extract-60-caps","status":"publish","type":"product","link":"https:\/\/veganova.eu\/it\/shop\/zenwise-green-coffee-bean-extract-60-caps\/","title":{"rendered":"Zenwise Estratto di caff\u00e8 verde in grani - 60 capsule"},"content":{"rendered":"<h3>Zenwise Estratto di caff\u00e8 verde in grani - 60 capsule<\/h3>\n<p>L'estratto di caff\u00e8 verde in grani con t\u00e8 verde \u00e8 un integratore a base di piante formulato per aiutare a stimolare il metabolismo, sostenere la gestione del peso e fornire una sana energia.<\/p>\n<p>Questa formula vegana e non OGM certificata AVA contiene 500 mg di chicchi di caff\u00e8 verde e 256 mg di t\u00e8 verde. Insieme alla dieta e all'esercizio fisico, l'estratto di caff\u00e8 verde in grani con il t\u00e8 verde pu\u00f2 aiutare a perdere peso aumentando il metabolismo e riducendo l'assorbimento dei carboidrati. Questa formula promuove anche la salute del cuore e delle funzioni cognitive, per un benessere quotidiano.<\/p>\n<p>Le ricerche suggeriscono che il chicco di caff\u00e8 verde pu\u00f2 aiutare a regolare i livelli di zucchero nel sangue, a migliorare la salute cardiovascolare e a promuovere livelli di colesterolo sani gi\u00e0 nella norma.<\/p>\n<p>L'estratto di t\u00e8 verde \u00e8 una fonte naturale dell'antiossidante EGCG, che protegge dai danni dei radicali liberi. Favorisce inoltre la gestione del peso, la salute del cuore e del colesterolo, la cognizione, la concentrazione mentale e livelli di energia sani.<\/p>\n<p>Gli integratori a base di estratto di chicchi di caff\u00e8 verde e t\u00e8 verde sono certificati AVA Vegan. Non \u00e8 necessaria la refrigerazione. Si consiglia di assumere 1 capsula fino a due volte al giorno.<\/p>\n<p>Questo prodotto non \u00e8 destinato all'uso come integratore per la \"perdita di peso\" e non deve essere consumato da persone di et\u00e0 inferiore ai 18 anni.<\/p>\n<p>Fornisce 500 mg di estratto di caff\u00e8 verde in grani<br \/>\nFornisce 256 mg di estratto di t\u00e8 verde<br \/>\nSupporta la gestione del peso<br \/>\nAiuta a stimolare il metabolismo<br \/>\nFavorisce la salute cognitiva e la concentrazione mentale<br \/>\nSostenere la salute cardiovascolare<br \/>\nFavorisce la salute del colesterolo<br \/>\nFornisce protezione antiossidante<\/p>","protected":false},"excerpt":{"rendered":"<p>L'estratto di caff\u00e8 verde in grani di Zenwise \u00e8 formulato per aiutare a stimolare il metabolismo, sostenere la gestione del peso e fornire una sana energia. Contenuto: 60 capsule. Certificazione: vegano.<\/p>","protected":false},"featured_media":52331,"comment_status":"closed","ping_status":"closed","template":"","meta":{"advanced_seo_description":"","jetpack_seo_html_title":"","jetpack_seo_noindex":false},"pwb-brand":[2300],"product_brand":[4959],"product_cat":[2593,2599,2592,289,597,152,177],"product_tag":[],"class_list":{"0":"post-47899","1":"product","2":"type-product","3":"status-publish","4":"has-post-thumbnail","6":"pwb-brand-zenwise","7":"product_brand-zenwise","8":"product_cat-antioxidants","9":"product_cat-brain-and-memory","10":"product_cat-detox","11":"product_cat-heart-and-blood-vessels","12":"product_cat-body-immunity","13":"product_cat-vitamins-and-minerals","14":"product_cat-weight-loss","15":"brand_woo-zenwise","17":"first","18":"outofstock","19":"taxable","20":"shipping-taxable","21":"purchasable","22":"product-type-simple"},"jetpack_sharing_enabled":true,"brands":[{"id":2300,"name":"Zenwise","slug":"zenwise"}],"_links":{"self":[{"href":"https:\/\/veganova.eu\/it\/wp-json\/wp\/v2\/product\/47899","targetHints":{"allow":["GET"]}}],"collection":[{"href":"https:\/\/veganova.eu\/it\/wp-json\/wp\/v2\/product"}],"about":[{"href":"https:\/\/veganova.eu\/it\/wp-json\/wp\/v2\/types\/product"}],"replies":[{"embeddable":true,"href":"https:\/\/veganova.eu\/it\/wp-json\/wp\/v2\/comments?post=47899"}],"version-history":[{"count":1,"href":"https:\/\/veganova.eu\/it\/wp-json\/wp\/v2\/product\/47899\/revisions"}],"predecessor-version":[{"id":59280,"href":"https:\/\/veganova.eu\/it\/wp-json\/wp\/v2\/product\/47899\/revisions\/59280"}],"wp:featuredmedia":[{"embeddable":true,"href":"https:\/\/veganova.eu\/it\/wp-json\/wp\/v2\/media\/52331"}],"wp:attachment":[{"href":"https:\/\/veganova.eu\/it\/wp-json\/wp\/v2\/media?parent=47899"}],"wp:term":[{"taxonomy":"pwb-brand","embeddable":true,"href":"https:\/\/veganova.eu\/it\/wp-json\/wp\/v2\/pwb-brand?post=47899"},{"taxonomy":"product_brand","embeddable":true,"href":"https:\/\/veganova.eu\/it\/wp-json\/wp\/v2\/product_brand?post=47899"},{"taxonomy":"product_cat","embeddable":true,"href":"https:\/\/veganova.eu\/it\/wp-json\/wp\/v2\/product_cat?post=47899"},{"taxonomy":"product_tag","embeddable":true,"href":"https:\/\/veganova.eu\/it\/wp-json\/wp\/v2\/product_tag?post=47899"}],"curies":[{"name":"wp","href":"https:\/\/api.w.org\/{rel}","templated":true}]}}