{"id":48023,"date":"2024-09-15T12:33:21","date_gmt":"2024-09-15T10:33:21","guid":{"rendered":"https:\/\/veganova.eu\/?post_type=product&#038;p=48023"},"modified":"2026-04-26T02:21:36","modified_gmt":"2026-04-26T00:21:36","slug":"applied-nutrition-mushroom-blend-160g","status":"publish","type":"product","link":"https:\/\/veganova.eu\/it\/shop\/applied-nutrition-mushroom-blend-160g\/","title":{"rendered":"Applied Nutrition Miscela di funghi - 160g"},"content":{"rendered":"<h3>Applied Nutrition Miscela di funghi - 160g<\/h3>\n<ul>\n<li>Funghi Superblend<\/li>\n<li>8 Formula dei funghi<\/li>\n<li>Una miscela nutriente di Lions Mane, Maitake, Chaga, Cordyceps Sinensis, Reishi,<\/li>\n<li>Shiitake, Tromba reale e Tremella<\/li>\n<\/ul>\n<p><span style=\"text-decoration: underline;\">INTEGRATORE ALIMENTARE<\/span><\/p>\n<p>160 g | 40 porzioni<\/p>\n<p>La Supermiscela di Funghi di Applied Nutrition \u00e8 una combinazione di 8 funghi tra i pi\u00f9 potenti per sostenere la salute generale, l'immunit\u00e0 e la vitalit\u00e0. La nostra esclusiva miscela di funghi \u00e8 il modo perfetto per potenziare la salute immunitaria, le capacit\u00e0 cognitive, la gestione dello stress, la salute dell'apparato digerente e migliorare i livelli di energia, in modo naturale ed efficace. Il nostro estratto di funghi in polvere pu\u00f2 essere aggiunto senza alcuna preparazione a frullati e zuppe, oppure cosparso sugli alimenti. In alternativa, aggiungete 1 cucchiaino raso alla vostra bevanda calda preferita. Mescolare bene.<\/p>","protected":false},"excerpt":{"rendered":"<p>Applied Nutrition Mushroom Blend \u00e8 una combinazione di 8 funghi tra i pi\u00f9 potenti per sostenere la salute generale, l'immunit\u00e0 e la vitalit\u00e0. Contenuto: 160g. Certificazione: vegano, senza glutine.<\/p>","protected":false},"featured_media":52292,"comment_status":"closed","ping_status":"closed","template":"","meta":{"advanced_seo_description":"","jetpack_seo_html_title":"","jetpack_seo_noindex":false},"pwb-brand":[202],"product_brand":[4592],"product_cat":[2597,152],"product_tag":[],"class_list":{"0":"post-48023","1":"product","2":"type-product","3":"status-publish","4":"has-post-thumbnail","6":"pwb-brand-applied-nutrition","7":"product_brand-applied-nutrition","8":"product_cat-mushrooms","9":"product_cat-vitamins-and-minerals","10":"brand_woo-applied-nutrition","12":"first","13":"instock","14":"taxable","15":"shipping-taxable","16":"purchasable","17":"product-type-simple"},"jetpack_sharing_enabled":true,"brands":[{"id":202,"name":"Nutrizione applicata","slug":"applied-nutrition"}],"_links":{"self":[{"href":"https:\/\/veganova.eu\/it\/wp-json\/wp\/v2\/product\/48023","targetHints":{"allow":["GET"]}}],"collection":[{"href":"https:\/\/veganova.eu\/it\/wp-json\/wp\/v2\/product"}],"about":[{"href":"https:\/\/veganova.eu\/it\/wp-json\/wp\/v2\/types\/product"}],"replies":[{"embeddable":true,"href":"https:\/\/veganova.eu\/it\/wp-json\/wp\/v2\/comments?post=48023"}],"version-history":[{"count":1,"href":"https:\/\/veganova.eu\/it\/wp-json\/wp\/v2\/product\/48023\/revisions"}],"predecessor-version":[{"id":59328,"href":"https:\/\/veganova.eu\/it\/wp-json\/wp\/v2\/product\/48023\/revisions\/59328"}],"wp:featuredmedia":[{"embeddable":true,"href":"https:\/\/veganova.eu\/it\/wp-json\/wp\/v2\/media\/52292"}],"wp:attachment":[{"href":"https:\/\/veganova.eu\/it\/wp-json\/wp\/v2\/media?parent=48023"}],"wp:term":[{"taxonomy":"pwb-brand","embeddable":true,"href":"https:\/\/veganova.eu\/it\/wp-json\/wp\/v2\/pwb-brand?post=48023"},{"taxonomy":"product_brand","embeddable":true,"href":"https:\/\/veganova.eu\/it\/wp-json\/wp\/v2\/product_brand?post=48023"},{"taxonomy":"product_cat","embeddable":true,"href":"https:\/\/veganova.eu\/it\/wp-json\/wp\/v2\/product_cat?post=48023"},{"taxonomy":"product_tag","embeddable":true,"href":"https:\/\/veganova.eu\/it\/wp-json\/wp\/v2\/product_tag?post=48023"}],"curies":[{"name":"wp","href":"https:\/\/api.w.org\/{rel}","templated":true}]}}