{"id":48121,"date":"2024-09-15T12:35:04","date_gmt":"2024-09-15T10:35:04","guid":{"rendered":"https:\/\/veganova.eu\/?post_type=product&#038;p=48121"},"modified":"2026-04-21T07:26:08","modified_gmt":"2026-04-21T05:26:08","slug":"jarrow-formulas-same-200-20-tabs","status":"publish","type":"product","link":"https:\/\/veganova.eu\/it\/shop\/jarrow-formulas-same-200-20-tabs\/","title":{"rendered":"Jarrow Formulas SAMe 200 - 20 compresse"},"content":{"rendered":"<h3>Jarrow Formulas SAMe 200 - 20 compresse<\/h3>\n<p>Jarrow Formulas SAMe 200 fornisce 200 mg di SAMe (resa netta) da 400 mg di SAMe tosilato disolfato. SAMe 200 \u00e8 prodotto in condizioni di bassa temperatura e bassa umidit\u00e0 ed \u00e8 rivestito entericamente per garantire un prodotto biologicamente attivo.<\/p>\n<p>Con una quantit\u00e0 maggiore di S,S biologicamente attivo rispetto alla forma R,S<br \/>\nPresente in tutte le cellule viventi, la SAMe \u00e8 un metabolita della metionina (un aminoacido essenziale). La SAMe \u00e8 una molecola chirale composta da due forme: (S,S) SAMe e (R,S) SAMe. La forma biologicamente attiva \u00e8 la struttura (S,S), mentre la struttura (R,S) \u00e8 biologicamente inattiva. La SAMe di Jarrow Formulas \u00e8 prodotta mediante fermentazione microbiologica e poi lavorata senza solventi chimici per preservare la SAMe 68-80% (S,S).<\/p>\n<p>SAMe supporta:<\/p>\n<p>Metabolismo cerebrale e umore*<br \/>\nLe reazioni di metilazione della SAMe sono coinvolte nella sintesi della fosfatidilcolina, un componente sostanziale della materia grigia del cervello e delle membrane cellulari*.<br \/>\nnella formazione o nel metabolismo dei neurotrasmettitori, il che contribuisce a<br \/>\nsostenere un umore equilibrato.*<\/p>\n<p>Salute delle articolazioni*<br \/>\nIn questo processo di transulfurazione, i componenti critici del tessuto connettivo noti come glicosaminoglicani (GAG), tra cui la glucosamina e la condroitina, vengono solfatati dai metaboliti della SAMe per ottenere GAG solfatati, come il solfato di glucosamina e il solfato di condroitina, che costituiscono i mattoni della cartilagine.*<\/p>\n<p>Funzione epatica*<br \/>\nLa SAMe favorisce la sintesi del glutatione (GSH), fondamentale per le difese antiossidanti e le funzioni epatiche, compresa la disintossicazione di fase II*.<\/p>\n<p>SAMe 200 di Jarrow Formulas \u00e8 confezionato in blister per massimizzare la stabilit\u00e0 e fornisce 200 mg di S-Adenosyl Methionine derivate da 400 mg di SAMe Tosylate Disulfate.<\/p>","protected":false},"excerpt":{"rendered":"<p>Jarrow Formulas SAMe 200 favorisce la salute del fegato e delle articolazioni e migliora l'umore. Contenuto: 20 compresse. Certificazione: senza glutine, vegano.<\/p>","protected":false},"featured_media":51903,"comment_status":"closed","ping_status":"closed","template":"","meta":{"advanced_seo_description":"","jetpack_seo_html_title":"","jetpack_seo_noindex":false},"pwb-brand":[165],"product_brand":[4572],"product_cat":[2593,286,143,2591,152],"product_tag":[],"class_list":{"0":"post-48121","1":"product","2":"type-product","3":"status-publish","4":"has-post-thumbnail","6":"pwb-brand-jarrow-formulas","7":"product_brand-jarrow-formulas","8":"product_cat-antioxidants","9":"product_cat-for-a-better-mood","10":"product_cat-health-issues","11":"product_cat-liver","12":"product_cat-vitamins-and-minerals","13":"brand_woo-jarrow-formulas","15":"first","16":"outofstock","17":"taxable","18":"shipping-taxable","19":"purchasable","20":"product-type-simple"},"jetpack_sharing_enabled":true,"brands":[{"id":165,"name":"Formule Jarrow","slug":"jarrow-formulas"}],"_links":{"self":[{"href":"https:\/\/veganova.eu\/it\/wp-json\/wp\/v2\/product\/48121","targetHints":{"allow":["GET"]}}],"collection":[{"href":"https:\/\/veganova.eu\/it\/wp-json\/wp\/v2\/product"}],"about":[{"href":"https:\/\/veganova.eu\/it\/wp-json\/wp\/v2\/types\/product"}],"replies":[{"embeddable":true,"href":"https:\/\/veganova.eu\/it\/wp-json\/wp\/v2\/comments?post=48121"}],"version-history":[{"count":1,"href":"https:\/\/veganova.eu\/it\/wp-json\/wp\/v2\/product\/48121\/revisions"}],"predecessor-version":[{"id":59357,"href":"https:\/\/veganova.eu\/it\/wp-json\/wp\/v2\/product\/48121\/revisions\/59357"}],"wp:featuredmedia":[{"embeddable":true,"href":"https:\/\/veganova.eu\/it\/wp-json\/wp\/v2\/media\/51903"}],"wp:attachment":[{"href":"https:\/\/veganova.eu\/it\/wp-json\/wp\/v2\/media?parent=48121"}],"wp:term":[{"taxonomy":"pwb-brand","embeddable":true,"href":"https:\/\/veganova.eu\/it\/wp-json\/wp\/v2\/pwb-brand?post=48121"},{"taxonomy":"product_brand","embeddable":true,"href":"https:\/\/veganova.eu\/it\/wp-json\/wp\/v2\/product_brand?post=48121"},{"taxonomy":"product_cat","embeddable":true,"href":"https:\/\/veganova.eu\/it\/wp-json\/wp\/v2\/product_cat?post=48121"},{"taxonomy":"product_tag","embeddable":true,"href":"https:\/\/veganova.eu\/it\/wp-json\/wp\/v2\/product_tag?post=48121"}],"curies":[{"name":"wp","href":"https:\/\/api.w.org\/{rel}","templated":true}]}}