{"id":5342,"date":"2023-10-01T17:10:36","date_gmt":"2023-10-01T15:10:36","guid":{"rendered":"https:\/\/veganova.eu\/?post_type=product&#038;p=5342"},"modified":"2026-04-21T07:24:48","modified_gmt":"2026-04-21T05:24:48","slug":"trace-minerals-ionic-selenium-liquid-59-ml","status":"publish","type":"product","link":"https:\/\/veganova.eu\/it\/shop\/trace-minerals-ionic-selenium-liquid-59-ml\/","title":{"rendered":"Trace Minerals Ionic Selenium Liquid (59 ml)"},"content":{"rendered":"<h3>Trace Minerals Ionic Selenium Liquid (59 ml)<\/h3>\n<p>Il selenio ionico \u00e8 un integratore alimentare liquido ricco e concentrato che fornisce selenio in forma ionica, la forma pi\u00f9 riconosciuta dall'organismo. Alcune prove scientifiche suggeriscono che il consumo di selenio pu\u00f2 ridurre il rischio di alcune forme di cancro; tuttavia, la FDA ha stabilito che queste prove sono limitate e non conclusive. Contiene anche uno spettro completo di oligoelementi ionici concentrati.<\/p>","protected":false},"excerpt":{"rendered":"<p>Integratore alimentare vegano Trace Minerals Ionic Selenium Liquid fornisce selenio ionico in alta concentrazione. Integrato con oligominerali ionici di alta qualit\u00e0. La confezione contiene: 59 ml. Senza glutine e senza OGM.<\/p>","protected":false},"featured_media":52908,"comment_status":"closed","ping_status":"closed","template":"","meta":{"advanced_seo_description":"","jetpack_seo_html_title":"","jetpack_seo_noindex":false},"pwb-brand":[451],"product_brand":[4756],"product_cat":[203,2598,132],"product_tag":[1182],"class_list":{"0":"post-5342","1":"product","2":"type-product","3":"status-publish","4":"has-post-thumbnail","6":"pwb-brand-trace-minerals","7":"product_brand-trace-minerals","8":"product_cat-pre-workout","9":"product_cat-recovery","10":"product_cat-sports-nutrition","11":"product_tag-hydration","12":"brand_woo-trace-minerals","14":"first","15":"instock","16":"taxable","17":"shipping-taxable","18":"purchasable","19":"product-type-simple"},"jetpack_sharing_enabled":true,"brands":[{"id":451,"name":"Oligoelementi","slug":"trace-minerals"}],"_links":{"self":[{"href":"https:\/\/veganova.eu\/it\/wp-json\/wp\/v2\/product\/5342","targetHints":{"allow":["GET"]}}],"collection":[{"href":"https:\/\/veganova.eu\/it\/wp-json\/wp\/v2\/product"}],"about":[{"href":"https:\/\/veganova.eu\/it\/wp-json\/wp\/v2\/types\/product"}],"replies":[{"embeddable":true,"href":"https:\/\/veganova.eu\/it\/wp-json\/wp\/v2\/comments?post=5342"}],"version-history":[{"count":1,"href":"https:\/\/veganova.eu\/it\/wp-json\/wp\/v2\/product\/5342\/revisions"}],"predecessor-version":[{"id":58435,"href":"https:\/\/veganova.eu\/it\/wp-json\/wp\/v2\/product\/5342\/revisions\/58435"}],"wp:featuredmedia":[{"embeddable":true,"href":"https:\/\/veganova.eu\/it\/wp-json\/wp\/v2\/media\/52908"}],"wp:attachment":[{"href":"https:\/\/veganova.eu\/it\/wp-json\/wp\/v2\/media?parent=5342"}],"wp:term":[{"taxonomy":"pwb-brand","embeddable":true,"href":"https:\/\/veganova.eu\/it\/wp-json\/wp\/v2\/pwb-brand?post=5342"},{"taxonomy":"product_brand","embeddable":true,"href":"https:\/\/veganova.eu\/it\/wp-json\/wp\/v2\/product_brand?post=5342"},{"taxonomy":"product_cat","embeddable":true,"href":"https:\/\/veganova.eu\/it\/wp-json\/wp\/v2\/product_cat?post=5342"},{"taxonomy":"product_tag","embeddable":true,"href":"https:\/\/veganova.eu\/it\/wp-json\/wp\/v2\/product_tag?post=5342"}],"curies":[{"name":"wp","href":"https:\/\/api.w.org\/{rel}","templated":true}]}}