{"id":8718,"date":"2023-10-01T17:12:20","date_gmt":"2023-10-01T15:12:20","guid":{"rendered":"https:\/\/veganova.eu\/?post_type=product&#038;p=8718"},"modified":"2026-04-21T07:25:04","modified_gmt":"2026-04-21T05:25:04","slug":"natural-vitality-calm-gummies-raspberry-lemon-60-gummies","status":"publish","type":"product","link":"https:\/\/veganova.eu\/it\/shop\/natural-vitality-calm-gummies-raspberry-lemon-60-gummies\/","title":{"rendered":"Natural Vitality Calm Gummies, Lampone Limone - 60 gummies"},"content":{"rendered":"<h3>Natural Vitality Calm Gummies, Lampone Limone - 60 gummies<\/h3>\n<p>Amiamo il magnesio per i suoi benefici sull'umore, e lo abbiamo fatto fin dal primo lancio di CALM nel 1982. Ma il fatto \u00e8 che il magnesio \u00e8 essenziale per oltre 300 processi nel corpo, eppure la maggior parte di noi non ne assume abbastanza. Quindi, anche se assumete il magnesio per la serenit\u00e0, state facendo molto di pi\u00f9 per la vostra salute e il vostro benessere totali.<\/p>\n<p>UMORE EQUILIBRATO<br \/>\nIl nostro beneficio preferito del magnesio, naturalmente, \u00e8 la sua capacit\u00e0 di favorire un umore equilibrato e una risposta sana allo stress. Inoltre, allenta la tensione e aiuta a rilassarsi.*<\/p>\n<p>DORMIRE<br \/>\nIl magnesio pu\u00f2 aiutare a preparare la mente e il corpo a rilassarsi nel sonno*.<\/p>\n<p>FUNZIONE MUSCOLARE<br \/>\nQuando diciamo che il magnesio \u00e8 un minerale essenziale, diciamo sul serio. I muscoli ne hanno bisogno per contrarsi e rilassarsi. Ci\u00f2 significa che pi\u00f9 si \u00e8 attivi, pi\u00f9 se ne ha bisogno per aiutare a regolare una sana funzione muscolare*.<\/p>\n<p>FUNZIONE DEL CERVELLO E DEL SISTEMA NERVOSO<br \/>\nIl magnesio protegge il rivestimento dei nervi e aiuta i nervi a comunicare tra loro. In definitiva, tutto ci\u00f2 favorisce il funzionamento generale dei nervi e del cervello.*<\/p>\n<p>SALUTE CARDIOVASCOLARE<br \/>\nUn altro motivo per amare il magnesio? Il cuore. Non solo contribuisce a mantenere sani i livelli di pressione sanguigna, ma \u00e8 anche necessario per la normale contrazione cardiaca.*<\/p>\n<p>DENSIT\u00c0 OSSEA<br \/>\nMantenere i livelli giornalieri di magnesio aiuta a mantenere le ossa sane. Quando non ne assumete abbastanza, la capacit\u00e0 del vostro corpo di assorbire il calcio e la vitamina D potrebbe essere compromessa.*<\/p>","protected":false},"excerpt":{"rendered":"<p>L'integratore alimentare vegano Natural Vitality Calm Gummies, contenente magnesio, \u00e8 ideale per un sonno sano, un buon umore, il corretto funzionamento dei muscoli, del cervello, del sistema nervoso, un cuore sano e ossa forti. Integratore alimentare sotto forma di gelatina. Gusto: Lampone Limone (lampone, limone). Contenuto della confezione: 60 gelatine.<\/p>","protected":false},"featured_media":12305,"comment_status":"closed","ping_status":"closed","template":"","meta":{"advanced_seo_description":"","jetpack_seo_html_title":"","jetpack_seo_noindex":false},"pwb-brand":[422],"product_brand":[4732],"product_cat":[286,143],"product_tag":[1146,1158,1208,1150,1079,1126,1403],"class_list":{"0":"post-8718","1":"product","2":"type-product","3":"status-publish","4":"has-post-thumbnail","6":"pwb-brand-natural-vitality","7":"product_brand-natural-vitality","8":"product_cat-for-a-better-mood","9":"product_cat-health-issues","10":"product_tag-good-mood","11":"product_tag-heart","12":"product_tag-muscles","13":"product_tag-nervous-system","14":"product_tag-relaxation","15":"product_tag-stress","16":"product_tag-well-being","17":"brand_woo-natural-vitality","19":"first","20":"outofstock","21":"sale","22":"taxable","23":"shipping-taxable","24":"purchasable","25":"product-type-simple"},"jetpack_sharing_enabled":true,"brands":[{"id":422,"name":"Vitalit\u00e0 naturale","slug":"natural-vitality"}],"_links":{"self":[{"href":"https:\/\/veganova.eu\/it\/wp-json\/wp\/v2\/product\/8718","targetHints":{"allow":["GET"]}}],"collection":[{"href":"https:\/\/veganova.eu\/it\/wp-json\/wp\/v2\/product"}],"about":[{"href":"https:\/\/veganova.eu\/it\/wp-json\/wp\/v2\/types\/product"}],"replies":[{"embeddable":true,"href":"https:\/\/veganova.eu\/it\/wp-json\/wp\/v2\/comments?post=8718"}],"version-history":[{"count":1,"href":"https:\/\/veganova.eu\/it\/wp-json\/wp\/v2\/product\/8718\/revisions"}],"predecessor-version":[{"id":58635,"href":"https:\/\/veganova.eu\/it\/wp-json\/wp\/v2\/product\/8718\/revisions\/58635"}],"wp:featuredmedia":[{"embeddable":true,"href":"https:\/\/veganova.eu\/it\/wp-json\/wp\/v2\/media\/12305"}],"wp:attachment":[{"href":"https:\/\/veganova.eu\/it\/wp-json\/wp\/v2\/media?parent=8718"}],"wp:term":[{"taxonomy":"pwb-brand","embeddable":true,"href":"https:\/\/veganova.eu\/it\/wp-json\/wp\/v2\/pwb-brand?post=8718"},{"taxonomy":"product_brand","embeddable":true,"href":"https:\/\/veganova.eu\/it\/wp-json\/wp\/v2\/product_brand?post=8718"},{"taxonomy":"product_cat","embeddable":true,"href":"https:\/\/veganova.eu\/it\/wp-json\/wp\/v2\/product_cat?post=8718"},{"taxonomy":"product_tag","embeddable":true,"href":"https:\/\/veganova.eu\/it\/wp-json\/wp\/v2\/product_tag?post=8718"}],"curies":[{"name":"wp","href":"https:\/\/api.w.org\/{rel}","templated":true}]}}