{"id":9150,"date":"2023-10-01T17:14:14","date_gmt":"2023-10-01T15:14:14","guid":{"rendered":"https:\/\/veganova.eu\/?post_type=product&#038;p=9150"},"modified":"2026-04-21T07:25:19","modified_gmt":"2026-04-21T05:25:19","slug":"swanson-pure-brainpower-60-vcaps","status":"publish","type":"product","link":"https:\/\/veganova.eu\/it\/shop\/swanson-pure-brainpower-60-vcaps\/","title":{"rendered":"Swanson Pure Brainpower - 60 vcaps"},"content":{"rendered":"<h3>Swanson Pure Brainpower - 60 vcaps<\/h3>\n<ul>\n<li>Erbe studiate clinicamente che hanno dimostrato di promuovere la memoria e la salute generale del cervello<\/li>\n<li>Presenta Ginkgo biloba, BaCognize Bacopa monnieri ed estratto di frutta di caff\u00e8 NeuroFactor.<\/li>\n<li>La formula adattogena fornisce dosi scientificamente studiate per la funzione cognitiva e la concentrazione<\/li>\n<\/ul>\n<p>Quando pensiamo a un invecchiamento sano, \u00e8 facile concentrarsi soprattutto sulla salute fisica, come la mobilit\u00e0, la flessibilit\u00e0 e la resistenza. Tendiamo a trascurare le altre componenti cruciali di un invecchiamento sano: la nostra salute mentale, emotiva e psicologica. In breve, dimentichiamo di pensare alla salute del cervello. Le funzioni e le prestazioni cognitive possono diminuire con l'et\u00e0, soprattutto perch\u00e9 gli studi hanno dimostrato che la produzione di fattore neurotrofico di derivazione cerebrale (BDNF), associata a funzioni cognitive sane, pu\u00f2 diminuire con l'et\u00e0.<\/p>\n<p>Swanson Pure Science Herbals propone Pure Brainpower per nutrire facilmente il cervello con ingredienti studiati clinicamente che supportano i neurotrasmettitori vitali che aiutano le funzioni cognitive, la concentrazione e la memorizzazione. Pure Brainpower \u00e8 una miscela di erbe adattogene tradizionali e di estratti di erbe all'avanguardia, in dosi studiate scientificamente, che hanno dimostrato di promuovere la concentrazione mentale generale, la funzione cognitiva e un sano flusso sanguigno al cervello. Swanson Pure Science Herbals offre questa formula pulita e potente per la salute del cervello a una frazione del prezzo rispetto al prodotto leader nazionale brands.<\/p>","protected":false},"excerpt":{"rendered":"<p>Integratore alimentare vegano per un cervello sano e per il supporto della memoria Swanson Pure Brainpower contiene Ginkgo Biloba, Bacognize Bacopa monnieri ed estratto di bacche di caff\u00e8. Certificazione vegana. Contenuto: 60 capsule vegane.<\/p>","protected":false},"featured_media":53897,"comment_status":"closed","ping_status":"closed","template":"","meta":{"advanced_seo_description":"","jetpack_seo_html_title":"","jetpack_seo_noindex":false},"pwb-brand":[450],"product_brand":[4753],"product_cat":[2599,294,143],"product_tag":[1221,855,1223],"class_list":{"0":"post-9150","1":"product","2":"type-product","3":"status-publish","4":"has-post-thumbnail","6":"pwb-brand-swanson","7":"product_brand-swanson","8":"product_cat-brain-and-memory","9":"product_cat-for-seniors","10":"product_cat-health-issues","11":"product_tag-brain","12":"product_tag-for-seniors","13":"product_tag-memory","14":"brand_woo-swanson","16":"first","17":"outofstock","18":"taxable","19":"shipping-taxable","20":"purchasable","21":"product-type-simple"},"jetpack_sharing_enabled":true,"brands":[{"id":450,"name":"Swanson","slug":"swanson"}],"_links":{"self":[{"href":"https:\/\/veganova.eu\/it\/wp-json\/wp\/v2\/product\/9150","targetHints":{"allow":["GET"]}}],"collection":[{"href":"https:\/\/veganova.eu\/it\/wp-json\/wp\/v2\/product"}],"about":[{"href":"https:\/\/veganova.eu\/it\/wp-json\/wp\/v2\/types\/product"}],"replies":[{"embeddable":true,"href":"https:\/\/veganova.eu\/it\/wp-json\/wp\/v2\/comments?post=9150"}],"version-history":[{"count":1,"href":"https:\/\/veganova.eu\/it\/wp-json\/wp\/v2\/product\/9150\/revisions"}],"predecessor-version":[{"id":58834,"href":"https:\/\/veganova.eu\/it\/wp-json\/wp\/v2\/product\/9150\/revisions\/58834"}],"wp:featuredmedia":[{"embeddable":true,"href":"https:\/\/veganova.eu\/it\/wp-json\/wp\/v2\/media\/53897"}],"wp:attachment":[{"href":"https:\/\/veganova.eu\/it\/wp-json\/wp\/v2\/media?parent=9150"}],"wp:term":[{"taxonomy":"pwb-brand","embeddable":true,"href":"https:\/\/veganova.eu\/it\/wp-json\/wp\/v2\/pwb-brand?post=9150"},{"taxonomy":"product_brand","embeddable":true,"href":"https:\/\/veganova.eu\/it\/wp-json\/wp\/v2\/product_brand?post=9150"},{"taxonomy":"product_cat","embeddable":true,"href":"https:\/\/veganova.eu\/it\/wp-json\/wp\/v2\/product_cat?post=9150"},{"taxonomy":"product_tag","embeddable":true,"href":"https:\/\/veganova.eu\/it\/wp-json\/wp\/v2\/product_tag?post=9150"}],"curies":[{"name":"wp","href":"https:\/\/api.w.org\/{rel}","templated":true}]}}