{"id":14631,"date":"2023-11-13T19:29:53","date_gmt":"2023-11-13T18:29:53","guid":{"rendered":"https:\/\/veganova.eu\/?post_type=product&#038;p=14631"},"modified":"2026-04-21T07:25:27","modified_gmt":"2026-04-21T05:25:27","slug":"neocell-collagen-beauty-builder-150-tablets","status":"publish","type":"product","link":"https:\/\/veganova.eu\/lt\/shop\/neocell-collagen-beauty-builder-150-tablets\/","title":{"rendered":"\"NeoCell Collagen Beauty Builder\" - 150 table\u010di\u0173"},"content":{"rendered":"<h3>\"NeoCell Collagen Beauty Builder\" - 150 table\u010di\u0173<\/h3>\n<p>\"NeoCell Beauty Builder\", sukurtas jaunatvi\u0161kai, skais\u010diai odai, sveikiems plaukams ir nagams, dr\u0117kina audinius hialurono r\u016bg\u0161timi ir leid\u017eia atsiskleisti j\u016bs\u0173 vidiniam gro\u017eiui. Collagen Beauty Builder suaktyvina j\u016bs\u0173 organizm\u0105 l\u0105steli\u0173 lygmeniu, o m\u016bs\u0173 hidrolizuotas kolagenas gali suteikti kai kuri\u0173 aminor\u016bg\u0161\u010di\u0173 statybini\u0173 blok\u0173, reikaling\u0173 m\u016bs\u0173 organizmui gaminti kolagen\u0105 ir skatinti nat\u016bral\u0173 gro\u017e\u012f i\u0161 vidaus.<\/p>","protected":false},"excerpt":{"rendered":"<p>Gro\u017eio maisto papildas \"NeoCell Collagen Beauty Builder\" Sud\u0117tyje yra hidrolizuoto galvij\u0173 kolageno, baltym\u0173, vitamino C, biotino, hialurono r\u016bg\u0161ties, alfa lipoin\u0117s r\u016bg\u0161ties, kad j\u016bs\u0173 gro\u017eis spind\u0117t\u0173 i\u0161 vidaus. Be glitimo, NON GMO. Sud\u0117tis: Sud\u0117tis: 150 table\u010di\u0173.<\/p>","protected":false},"featured_media":52465,"comment_status":"closed","ping_status":"closed","template":"","meta":{"advanced_seo_description":"","jetpack_seo_html_title":"","jetpack_seo_noindex":false},"pwb-brand":[703],"product_brand":[4862],"product_cat":[688,684],"product_tag":[],"class_list":{"0":"post-14631","1":"product","2":"type-product","3":"status-publish","4":"has-post-thumbnail","6":"pwb-brand-neocell","7":"product_brand-neocell","8":"product_cat-beauty-supplements","9":"product_cat-clean-beauty","10":"brand_woo-neocell","12":"first","13":"instock","14":"taxable","15":"shipping-taxable","16":"purchasable","17":"product-type-simple"},"jetpack_sharing_enabled":true,"brands":[{"id":703,"name":"\"NeoCell\"","slug":"neocell"}],"_links":{"self":[{"href":"https:\/\/veganova.eu\/lt\/wp-json\/wp\/v2\/product\/14631","targetHints":{"allow":["GET"]}}],"collection":[{"href":"https:\/\/veganova.eu\/lt\/wp-json\/wp\/v2\/product"}],"about":[{"href":"https:\/\/veganova.eu\/lt\/wp-json\/wp\/v2\/types\/product"}],"replies":[{"embeddable":true,"href":"https:\/\/veganova.eu\/lt\/wp-json\/wp\/v2\/comments?post=14631"}],"version-history":[{"count":1,"href":"https:\/\/veganova.eu\/lt\/wp-json\/wp\/v2\/product\/14631\/revisions"}],"predecessor-version":[{"id":58905,"href":"https:\/\/veganova.eu\/lt\/wp-json\/wp\/v2\/product\/14631\/revisions\/58905"}],"wp:featuredmedia":[{"embeddable":true,"href":"https:\/\/veganova.eu\/lt\/wp-json\/wp\/v2\/media\/52465"}],"wp:attachment":[{"href":"https:\/\/veganova.eu\/lt\/wp-json\/wp\/v2\/media?parent=14631"}],"wp:term":[{"taxonomy":"pwb-brand","embeddable":true,"href":"https:\/\/veganova.eu\/lt\/wp-json\/wp\/v2\/pwb-brand?post=14631"},{"taxonomy":"product_brand","embeddable":true,"href":"https:\/\/veganova.eu\/lt\/wp-json\/wp\/v2\/product_brand?post=14631"},{"taxonomy":"product_cat","embeddable":true,"href":"https:\/\/veganova.eu\/lt\/wp-json\/wp\/v2\/product_cat?post=14631"},{"taxonomy":"product_tag","embeddable":true,"href":"https:\/\/veganova.eu\/lt\/wp-json\/wp\/v2\/product_tag?post=14631"}],"curies":[{"name":"wp","href":"https:\/\/api.w.org\/{rel}","templated":true}]}}