{"id":14655,"date":"2023-11-13T19:30:01","date_gmt":"2023-11-13T18:30:01","guid":{"rendered":"https:\/\/veganova.eu\/?post_type=product&#038;p=14655"},"modified":"2026-04-21T07:25:27","modified_gmt":"2026-04-21T05:25:27","slug":"himalaya-detoxifying-scrub-with-activated-charcoal-green-tea-75-ml","status":"publish","type":"product","link":"https:\/\/veganova.eu\/lt\/shop\/himalaya-detoxifying-scrub-with-activated-charcoal-green-tea-75-ml\/","title":{"rendered":"\"Himalaya\" detoksikuojantis \u0161veitiklis su aktyvuota med\u017eio anglimi ir \u017eali\u0105ja arbata - 75 ml."},"content":{"rendered":"<h3>\"Himalaya\" detoksikuojantis \u0161veitiklis su aktyvuota med\u017eio anglimi ir \u017eali\u0105ja arbata - 75 ml.<\/h3>\n<p>Himalaya Detoxifying Scrub is a unique blend of Activated Charcoal Powder, with Coconut and Green Tea. It detoxifies skin by gently exfoliating dead skin cells leaving it smooth and clean.<\/p>\n<p>Gently Exfoliates<br \/>\nDetoxifies Skin<\/p>","protected":false},"excerpt":{"rendered":"<p>Natural peeling Himalaya Detoxifying scrub with activated charcoal and green tea &#8211; gently exfoliating dead skin and leaves skin smooth and clean. Content: 75ml.<\/p>","protected":false},"featured_media":52442,"comment_status":"closed","ping_status":"closed","template":"","meta":{"advanced_seo_description":"","jetpack_seo_html_title":"","jetpack_seo_noindex":false},"pwb-brand":[690],"product_brand":[4859],"product_cat":[684,689],"product_tag":[],"class_list":{"0":"post-14655","1":"product","2":"type-product","3":"status-publish","4":"has-post-thumbnail","6":"pwb-brand-himalaya","7":"product_brand-himalaya","8":"product_cat-clean-beauty","9":"product_cat-natural-cosmetics","10":"brand_woo-himalaya","12":"first","13":"instock","14":"taxable","15":"shipping-taxable","16":"purchasable","17":"product-type-simple"},"jetpack_sharing_enabled":true,"brands":[{"id":690,"name":"Himalaya","slug":"himalaya"}],"_links":{"self":[{"href":"https:\/\/veganova.eu\/lt\/wp-json\/wp\/v2\/product\/14655","targetHints":{"allow":["GET"]}}],"collection":[{"href":"https:\/\/veganova.eu\/lt\/wp-json\/wp\/v2\/product"}],"about":[{"href":"https:\/\/veganova.eu\/lt\/wp-json\/wp\/v2\/types\/product"}],"replies":[{"embeddable":true,"href":"https:\/\/veganova.eu\/lt\/wp-json\/wp\/v2\/comments?post=14655"}],"version-history":[{"count":1,"href":"https:\/\/veganova.eu\/lt\/wp-json\/wp\/v2\/product\/14655\/revisions"}],"predecessor-version":[{"id":58913,"href":"https:\/\/veganova.eu\/lt\/wp-json\/wp\/v2\/product\/14655\/revisions\/58913"}],"wp:featuredmedia":[{"embeddable":true,"href":"https:\/\/veganova.eu\/lt\/wp-json\/wp\/v2\/media\/52442"}],"wp:attachment":[{"href":"https:\/\/veganova.eu\/lt\/wp-json\/wp\/v2\/media?parent=14655"}],"wp:term":[{"taxonomy":"pwb-brand","embeddable":true,"href":"https:\/\/veganova.eu\/lt\/wp-json\/wp\/v2\/pwb-brand?post=14655"},{"taxonomy":"product_brand","embeddable":true,"href":"https:\/\/veganova.eu\/lt\/wp-json\/wp\/v2\/product_brand?post=14655"},{"taxonomy":"product_cat","embeddable":true,"href":"https:\/\/veganova.eu\/lt\/wp-json\/wp\/v2\/product_cat?post=14655"},{"taxonomy":"product_tag","embeddable":true,"href":"https:\/\/veganova.eu\/lt\/wp-json\/wp\/v2\/product_tag?post=14655"}],"curies":[{"name":"wp","href":"https:\/\/api.w.org\/{rel}","templated":true}]}}