{"id":14665,"date":"2023-11-13T19:30:04","date_gmt":"2023-11-13T18:30:04","guid":{"rendered":"https:\/\/veganova.eu\/?post_type=product&#038;p=14665"},"modified":"2026-04-21T07:25:28","modified_gmt":"2026-04-21T05:25:28","slug":"allnutrition-flex-all-complete-cherry-400g","status":"publish","type":"product","link":"https:\/\/veganova.eu\/lt\/shop\/allnutrition-flex-all-complete-cherry-400g\/","title":{"rendered":"\"Allnutrition Flex All Complete\", vy\u0161nia - 400g"},"content":{"rendered":"<h3>\"Allnutrition Flex All Complete\", vy\u0161nia - 400g<\/h3>\n<p>S\u0105narin\u0117 kremzl\u0117 vadinama kremzliniu audiniu ir apsaugo besilie\u010dian\u010dius kaulus nuo dilimo. Vyresniame am\u017eiuje s\u0105nario kremzl\u0117 nebesugeba atsinaujinti, d\u0117l to ji gali sunykti.<\/p>\n<p>Naudodami FLEX ALL COMPLETE galite paspartinti pa\u017eeistos kremzl\u0117s strukt\u016bros regeneracij\u0105 ir palaikyti jos atstatym\u0105, o tai skatina kolageno gamyb\u0105 ir atkuria s\u0105nari\u0173 elastingum\u0105. Lengvai vir\u0161kinami ingredientai, esantys milteli\u0173 pavidalu, yra veiksmingiausi \u0161iame regeneracijos procese.<\/p>\n<p>FLEX ALL COMPLETE yra produktas, kurio pagrind\u0105 sudaro kolagenas. Kolagenas yra baltymas, padedantis i\u0161laikyti sveikus kaulus. Be to, jame yra daug pagalbini\u0173 ingredient\u0173. Tarp j\u0173 yra vitaminas C, kuris padeda tinkamai gaminti kolagen\u0105, u\u017etikrinant\u012f tinkam\u0105 kremzli\u0173 ir odos funkcionavim\u0105.<\/p>","protected":false},"excerpt":{"rendered":"<p>Beauty and health supplement Allnutrition Flex All Complete Content hydrolysed beef collagen, L-Proline, Glucosamine, MSM, Vitamin C, Magnesium and B6. Flavor: Cherry. Content: 400g.<\/p>","protected":false},"featured_media":53753,"comment_status":"closed","ping_status":"closed","template":"","meta":{"advanced_seo_description":"","jetpack_seo_html_title":"","jetpack_seo_noindex":false},"pwb-brand":[475],"product_brand":[4774],"product_cat":[688,684],"product_tag":[],"class_list":{"0":"post-14665","1":"product","2":"type-product","3":"status-publish","4":"has-post-thumbnail","6":"pwb-brand-allnutrition","7":"product_brand-allnutrition","8":"product_cat-beauty-supplements","9":"product_cat-clean-beauty","10":"brand_woo-allnutrition","12":"first","13":"outofstock","14":"taxable","15":"shipping-taxable","16":"purchasable","17":"product-type-simple"},"jetpack_sharing_enabled":true,"brands":[{"id":475,"name":"Allnutrition","slug":"allnutrition"}],"_links":{"self":[{"href":"https:\/\/veganova.eu\/lt\/wp-json\/wp\/v2\/product\/14665","targetHints":{"allow":["GET"]}}],"collection":[{"href":"https:\/\/veganova.eu\/lt\/wp-json\/wp\/v2\/product"}],"about":[{"href":"https:\/\/veganova.eu\/lt\/wp-json\/wp\/v2\/types\/product"}],"replies":[{"embeddable":true,"href":"https:\/\/veganova.eu\/lt\/wp-json\/wp\/v2\/comments?post=14665"}],"version-history":[{"count":1,"href":"https:\/\/veganova.eu\/lt\/wp-json\/wp\/v2\/product\/14665\/revisions"}],"predecessor-version":[{"id":58918,"href":"https:\/\/veganova.eu\/lt\/wp-json\/wp\/v2\/product\/14665\/revisions\/58918"}],"wp:featuredmedia":[{"embeddable":true,"href":"https:\/\/veganova.eu\/lt\/wp-json\/wp\/v2\/media\/53753"}],"wp:attachment":[{"href":"https:\/\/veganova.eu\/lt\/wp-json\/wp\/v2\/media?parent=14665"}],"wp:term":[{"taxonomy":"pwb-brand","embeddable":true,"href":"https:\/\/veganova.eu\/lt\/wp-json\/wp\/v2\/pwb-brand?post=14665"},{"taxonomy":"product_brand","embeddable":true,"href":"https:\/\/veganova.eu\/lt\/wp-json\/wp\/v2\/product_brand?post=14665"},{"taxonomy":"product_cat","embeddable":true,"href":"https:\/\/veganova.eu\/lt\/wp-json\/wp\/v2\/product_cat?post=14665"},{"taxonomy":"product_tag","embeddable":true,"href":"https:\/\/veganova.eu\/lt\/wp-json\/wp\/v2\/product_tag?post=14665"}],"curies":[{"name":"wp","href":"https:\/\/api.w.org\/{rel}","templated":true}]}}