{"id":14741,"date":"2023-11-13T19:30:38","date_gmt":"2023-11-13T18:30:38","guid":{"rendered":"https:\/\/veganova.eu\/?post_type=product&#038;p=14741"},"modified":"2026-04-21T07:25:30","modified_gmt":"2026-04-21T05:25:30","slug":"neocell-marine-collagen-120-caps","status":"publish","type":"product","link":"https:\/\/veganova.eu\/lt\/shop\/neocell-marine-collagen-120-caps\/","title":{"rendered":"\"NeoCell\" j\u016brinis kolagenas - 120 kapsuli\u0173"},"content":{"rendered":"<h3>\"NeoCell\" j\u016brinis kolagenas - 120 kapsuli\u0173<\/h3>\n<p>Pamaitinkite savo palaim\u0105 ir puosel\u0117kite vidin\u012f gro\u017e\u012f su m\u016bs\u0173 j\u016briniu kolagenu. \u0160vytin\u010di\u0105, sveik\u0105 ir stipri\u0105 od\u0105 skatinantis kolageno ir hialurono r\u016bg\u0161ties derinys sinergi\u0161kai veikia su vita-mineral\u0173 mi\u0161iniu, kad palaikyt\u0173 sveik\u0105 kolageno formavim\u0105si ir jaunatvi\u0161k\u0105, \u0161vytin\u010di\u0105 od\u0105.<\/p>","protected":false},"excerpt":{"rendered":"<p>Gro\u017eio maisto papildas \"NeoCell Marine Collagen\", skirtas \u0161vytin\u010diai, sveikai ir skais\u010diai odai. Sud\u0117tyje yra j\u016bros kolageno, vitamino C, hialurono r\u016bg\u0161ties, vitamin\u0173 B6 ir B12, magnio, cinko ir vario. Nu\u0161vieskite savo vidin\u012f gro\u017e\u012f. Sud\u0117tis: 120 kapsuli\u0173.<\/p>","protected":false},"featured_media":52358,"comment_status":"closed","ping_status":"closed","template":"","meta":{"advanced_seo_description":"","jetpack_seo_html_title":"","jetpack_seo_noindex":false},"pwb-brand":[703],"product_brand":[4862],"product_cat":[688,684],"product_tag":[],"class_list":{"0":"post-14741","1":"product","2":"type-product","3":"status-publish","4":"has-post-thumbnail","6":"pwb-brand-neocell","7":"product_brand-neocell","8":"product_cat-beauty-supplements","9":"product_cat-clean-beauty","10":"brand_woo-neocell","12":"first","13":"instock","14":"taxable","15":"shipping-taxable","16":"purchasable","17":"product-type-simple"},"jetpack_sharing_enabled":true,"brands":[{"id":703,"name":"\"NeoCell\"","slug":"neocell"}],"_links":{"self":[{"href":"https:\/\/veganova.eu\/lt\/wp-json\/wp\/v2\/product\/14741","targetHints":{"allow":["GET"]}}],"collection":[{"href":"https:\/\/veganova.eu\/lt\/wp-json\/wp\/v2\/product"}],"about":[{"href":"https:\/\/veganova.eu\/lt\/wp-json\/wp\/v2\/types\/product"}],"replies":[{"embeddable":true,"href":"https:\/\/veganova.eu\/lt\/wp-json\/wp\/v2\/comments?post=14741"}],"version-history":[{"count":1,"href":"https:\/\/veganova.eu\/lt\/wp-json\/wp\/v2\/product\/14741\/revisions"}],"predecessor-version":[{"id":58946,"href":"https:\/\/veganova.eu\/lt\/wp-json\/wp\/v2\/product\/14741\/revisions\/58946"}],"wp:featuredmedia":[{"embeddable":true,"href":"https:\/\/veganova.eu\/lt\/wp-json\/wp\/v2\/media\/52358"}],"wp:attachment":[{"href":"https:\/\/veganova.eu\/lt\/wp-json\/wp\/v2\/media?parent=14741"}],"wp:term":[{"taxonomy":"pwb-brand","embeddable":true,"href":"https:\/\/veganova.eu\/lt\/wp-json\/wp\/v2\/pwb-brand?post=14741"},{"taxonomy":"product_brand","embeddable":true,"href":"https:\/\/veganova.eu\/lt\/wp-json\/wp\/v2\/product_brand?post=14741"},{"taxonomy":"product_cat","embeddable":true,"href":"https:\/\/veganova.eu\/lt\/wp-json\/wp\/v2\/product_cat?post=14741"},{"taxonomy":"product_tag","embeddable":true,"href":"https:\/\/veganova.eu\/lt\/wp-json\/wp\/v2\/product_tag?post=14741"}],"curies":[{"name":"wp","href":"https:\/\/api.w.org\/{rel}","templated":true}]}}