{"id":15005,"date":"2023-11-22T21:13:17","date_gmt":"2023-11-22T20:13:17","guid":{"rendered":"https:\/\/veganova.eu\/?post_type=product&#038;p=15005"},"modified":"2026-04-21T07:25:37","modified_gmt":"2026-04-21T05:25:37","slug":"now-foods-pets-joint-support-90-chewable-tablets","status":"publish","type":"product","link":"https:\/\/veganova.eu\/lt\/shop\/now-foods-pets-joint-support-90-chewable-tablets\/","title":{"rendered":"NOW Foods Pets, S\u0105nari\u0173 parama - 90 kramtom\u0173j\u0173 table\u010di\u0173"},"content":{"rendered":"<h3>NOW Foods Pets, Joint Support<\/h3>\n<p>Many cats and dogs experience joint flexibility and mobility issues as they age due to normal daily exercise and activity. This is why veterinarians often recommend a healthy diet complemented with health supplements to help alleviate occasional discomfort associated with routine daily activity. NOW Pets Joint Support is a health supplement formulated by renowned veterinarian Dr. Barbara Royal, DVM, CVA, founder of The Royal Treatment Veterinary Center.<\/p>\n<p>For use in Dogs and Cats only.<\/p>\n<p>Federal law prohibits the off-label use of this product in ruminants. An examination from a veterinarian is recommended prior to using this product.<\/p>\n<p>Administer during or after the animal has eaten to reduce incidence of gastrointestinal upset. An examination from a veterinarian is recommended prior to using this product. Keep freshness packet in bottle.<\/p>","protected":false},"excerpt":{"rendered":"<p>NOW Pets Joint Support is a health supplement formulated for cats and dogs, made by renowned veterinarian. Gluten Free. Content: 90 chewable tablets.<\/p>","protected":false},"featured_media":51366,"comment_status":"closed","ping_status":"closed","template":"","meta":{"advanced_seo_description":"","jetpack_seo_html_title":"","jetpack_seo_noindex":false},"pwb-brand":[173],"product_brand":[4580],"product_cat":[593],"product_tag":[826,828,824,829,830],"class_list":{"0":"post-15005","1":"product","2":"type-product","3":"status-publish","4":"has-post-thumbnail","6":"pwb-brand-now-foods","7":"product_brand-now-foods","8":"product_cat-for-pets","9":"product_tag-for-cats","10":"product_tag-for-dogs","11":"product_tag-for-pets","12":"product_tag-immune-system-pets","13":"product_tag-joints-pets","14":"brand_woo-now-foods","16":"first","17":"instock","18":"taxable","19":"shipping-taxable","20":"purchasable","21":"product-type-simple"},"jetpack_sharing_enabled":true,"brands":[{"id":173,"name":"NOW Foods","slug":"now-foods"}],"_links":{"self":[{"href":"https:\/\/veganova.eu\/lt\/wp-json\/wp\/v2\/product\/15005","targetHints":{"allow":["GET"]}}],"collection":[{"href":"https:\/\/veganova.eu\/lt\/wp-json\/wp\/v2\/product"}],"about":[{"href":"https:\/\/veganova.eu\/lt\/wp-json\/wp\/v2\/types\/product"}],"replies":[{"embeddable":true,"href":"https:\/\/veganova.eu\/lt\/wp-json\/wp\/v2\/comments?post=15005"}],"version-history":[{"count":1,"href":"https:\/\/veganova.eu\/lt\/wp-json\/wp\/v2\/product\/15005\/revisions"}],"predecessor-version":[{"id":59032,"href":"https:\/\/veganova.eu\/lt\/wp-json\/wp\/v2\/product\/15005\/revisions\/59032"}],"wp:featuredmedia":[{"embeddable":true,"href":"https:\/\/veganova.eu\/lt\/wp-json\/wp\/v2\/media\/51366"}],"wp:attachment":[{"href":"https:\/\/veganova.eu\/lt\/wp-json\/wp\/v2\/media?parent=15005"}],"wp:term":[{"taxonomy":"pwb-brand","embeddable":true,"href":"https:\/\/veganova.eu\/lt\/wp-json\/wp\/v2\/pwb-brand?post=15005"},{"taxonomy":"product_brand","embeddable":true,"href":"https:\/\/veganova.eu\/lt\/wp-json\/wp\/v2\/product_brand?post=15005"},{"taxonomy":"product_cat","embeddable":true,"href":"https:\/\/veganova.eu\/lt\/wp-json\/wp\/v2\/product_cat?post=15005"},{"taxonomy":"product_tag","embeddable":true,"href":"https:\/\/veganova.eu\/lt\/wp-json\/wp\/v2\/product_tag?post=15005"}],"curies":[{"name":"wp","href":"https:\/\/api.w.org\/{rel}","templated":true}]}}