{"id":15441,"date":"2023-12-20T17:29:20","date_gmt":"2023-12-20T16:29:20","guid":{"rendered":"https:\/\/veganova.eu\/?post_type=product&#038;p=15441"},"modified":"2026-04-21T07:25:40","modified_gmt":"2026-04-21T05:25:40","slug":"garden-of-life-dr-formulated-magnesium-with-pre-probiotics-gummies-orange-creme-60-gummies","status":"publish","type":"product","link":"https:\/\/veganova.eu\/lt\/shop\/garden-of-life-dr-formulated-magnesium-with-pre-probiotics-gummies-orange-creme-60-gummies\/","title":{"rendered":"Garden of Life Dr. Formulated Magnis su pre ir probiotikais, apelsin\u0173 kremas - 60 guminuk\u0173"},"content":{"rendered":"<h3>Garden of Life Dr. Formulated Magnis su pre ir probiotikais Gummies<\/h3>\n<p><strong>Kas yra magnio guminukai?<\/strong><\/p>\n<p>\"Garden of Life Dr Formulated Magnesium Gummies\" sukurtos taip, kad padidint\u0173 magnio kiek\u012f ir pad\u0117t\u0173 ma\u017einti pavargimo jausm\u0105 ir nuovarg\u012f, taip pat palaikyt\u0173 normali\u0105 raumen\u0173 funkcij\u0105.<\/p>\n<p><strong>Kas yra \"Dr Formulated Magnesium Gummies\" sud\u0117tyje?<\/strong><\/p>\n<p>M\u016bs\u0173 magnio kramtomosiose gumyt\u0117se yra 400 mg biologi\u0161kai prieinamo magnio 4 gumyt\u0117se ir jos yra skanaus avie\u010di\u0173 skonio.<\/p>\n<p>M\u016bs\u0173 magnio guminukai, kuri\u0173 sud\u0117tyje yra citrusinio pektino ir n\u0117ra prid\u0117tinio cukraus, kiekvienoje porcijoje yra 1 mlrd. klini\u0161kai i\u0161tirt\u0173 nauding\u0173j\u0173 gyv\u0173j\u0173 bakterij\u0173 vienet\u0173.<\/p>\n<p>\u0160ie magnio kramtomieji guminukai buvo sukurti tam, kad pad\u0117t\u0173 u\u017etikrinti normalias psichologines funkcijas, pavyzd\u017eiui, streso ma\u017einim\u0105, mieg\u0105, \u0161irdies sveikat\u0105, normali\u0105 raumen\u0173 ir kaul\u0173 funkcij\u0105. Jie taip pat yra geneti\u0161kai nemodifikuoti, NSF sertifikuoti kaip neturintys glitimo, tinkami veganams ir ko\u0161eriniam maistui.<\/p>\n<p><span style=\"text-decoration: underline;\"><strong>Magnio guminuk\u0173 nauda:<\/strong><\/span><\/p>\n<ul>\n<li>Padidina magnio kiek\u012f, suteikia 400 mg magnio (4 guminukai)<\/li>\n<li>Vienoje porcijoje yra 1 mlrd. mikrobiom\u0173 vienet\u0173: Bacillus subtilis DE111<\/li>\n<li>Palaiko normalias psichologines funkcijas<\/li>\n<li>Ne GMO, vegani\u0161kas ir ko\u0161erinis<\/li>\n<li>Be glitimo<\/li>\n<\/ul>","protected":false},"excerpt":{"rendered":"<p>Vegani\u0161kas maisto papildas \u017eelatinini\u0173 saldaini\u0173 pavidalu Garden of Life Dr. Formulated Magnesium with Pre \u00b4n\u00b4Probiotics sud\u0117tyje yra didelio biologinio \u012fsisavinamumo magnio, papildyto pre ir probiotikais. Idealiai tinka padid\u0117jusio fizinio ir protinio kr\u016bvio laikotarpiais. Be glitimo, be GMO. Skonis: Apelsin\u0173 kremas. Pakuot\u0117s turinys: Sud\u0117tis: 60 \u017eelatin\u0173.<\/p>","protected":false},"featured_media":51349,"comment_status":"closed","ping_status":"closed","template":"","meta":{"advanced_seo_description":"","jetpack_seo_html_title":"","jetpack_seo_noindex":false},"pwb-brand":[303],"product_brand":[4625],"product_cat":[596,597,2598],"product_tag":[],"class_list":{"0":"post-15441","1":"product","2":"type-product","3":"status-publish","4":"has-post-thumbnail","6":"pwb-brand-garden-of-life","7":"product_brand-garden-of-life","8":"product_cat-digestion","9":"product_cat-body-immunity","10":"product_cat-recovery","11":"brand_woo-garden-of-life","13":"first","14":"instock","15":"taxable","16":"shipping-taxable","17":"purchasable","18":"product-type-simple"},"jetpack_sharing_enabled":true,"brands":[{"id":303,"name":"Gyvenimo sodas","slug":"garden-of-life"}],"_links":{"self":[{"href":"https:\/\/veganova.eu\/lt\/wp-json\/wp\/v2\/product\/15441","targetHints":{"allow":["GET"]}}],"collection":[{"href":"https:\/\/veganova.eu\/lt\/wp-json\/wp\/v2\/product"}],"about":[{"href":"https:\/\/veganova.eu\/lt\/wp-json\/wp\/v2\/types\/product"}],"replies":[{"embeddable":true,"href":"https:\/\/veganova.eu\/lt\/wp-json\/wp\/v2\/comments?post=15441"}],"version-history":[{"count":1,"href":"https:\/\/veganova.eu\/lt\/wp-json\/wp\/v2\/product\/15441\/revisions"}],"predecessor-version":[{"id":59056,"href":"https:\/\/veganova.eu\/lt\/wp-json\/wp\/v2\/product\/15441\/revisions\/59056"}],"wp:featuredmedia":[{"embeddable":true,"href":"https:\/\/veganova.eu\/lt\/wp-json\/wp\/v2\/media\/51349"}],"wp:attachment":[{"href":"https:\/\/veganova.eu\/lt\/wp-json\/wp\/v2\/media?parent=15441"}],"wp:term":[{"taxonomy":"pwb-brand","embeddable":true,"href":"https:\/\/veganova.eu\/lt\/wp-json\/wp\/v2\/pwb-brand?post=15441"},{"taxonomy":"product_brand","embeddable":true,"href":"https:\/\/veganova.eu\/lt\/wp-json\/wp\/v2\/product_brand?post=15441"},{"taxonomy":"product_cat","embeddable":true,"href":"https:\/\/veganova.eu\/lt\/wp-json\/wp\/v2\/product_cat?post=15441"},{"taxonomy":"product_tag","embeddable":true,"href":"https:\/\/veganova.eu\/lt\/wp-json\/wp\/v2\/product_tag?post=15441"}],"curies":[{"name":"wp","href":"https:\/\/api.w.org\/{rel}","templated":true}]}}