{"id":15449,"date":"2023-12-20T17:29:26","date_gmt":"2023-12-20T16:29:26","guid":{"rendered":"https:\/\/veganova.eu\/?post_type=product&#038;p=15449"},"modified":"2026-04-21T07:25:40","modified_gmt":"2026-04-21T05:25:40","slug":"allnutrition-frulove-choco-in-jelly-raspberry-300g","status":"publish","type":"product","link":"https:\/\/veganova.eu\/lt\/shop\/allnutrition-frulove-choco-in-jelly-raspberry-300g\/","title":{"rendered":"Allnutrition \"Frulove\" \u0161okoladas drebu\u010diuose, avie\u010di\u0173 - 300g"},"content":{"rendered":"<p>.<\/p>","protected":false},"excerpt":{"rendered":"<p>The sweet vegan spread Allnutrition Fulove Choco In Jelly is a chocolate-raspberry spread in a &#8220;jelly-gelatin&#8221; consistency. Without sugar. Package contents: 300g.<\/p>","protected":false},"featured_media":0,"comment_status":"closed","ping_status":"closed","template":"","meta":{"advanced_seo_description":"","jetpack_seo_html_title":"","jetpack_seo_noindex":false},"pwb-brand":[475],"product_brand":[4774],"product_cat":[683],"product_tag":[],"class_list":{"0":"post-15449","1":"product","2":"type-product","3":"status-publish","5":"pwb-brand-allnutrition","6":"product_brand-allnutrition","7":"product_cat-healthy-groceries","8":"brand_woo-allnutrition","10":"first","11":"outofstock","12":"taxable","13":"shipping-taxable","14":"purchasable","15":"product-type-simple"},"jetpack_sharing_enabled":true,"brands":[{"id":475,"name":"Allnutrition","slug":"allnutrition"}],"_links":{"self":[{"href":"https:\/\/veganova.eu\/lt\/wp-json\/wp\/v2\/product\/15449","targetHints":{"allow":["GET"]}}],"collection":[{"href":"https:\/\/veganova.eu\/lt\/wp-json\/wp\/v2\/product"}],"about":[{"href":"https:\/\/veganova.eu\/lt\/wp-json\/wp\/v2\/types\/product"}],"replies":[{"embeddable":true,"href":"https:\/\/veganova.eu\/lt\/wp-json\/wp\/v2\/comments?post=15449"}],"version-history":[{"count":1,"href":"https:\/\/veganova.eu\/lt\/wp-json\/wp\/v2\/product\/15449\/revisions"}],"predecessor-version":[{"id":59060,"href":"https:\/\/veganova.eu\/lt\/wp-json\/wp\/v2\/product\/15449\/revisions\/59060"}],"wp:attachment":[{"href":"https:\/\/veganova.eu\/lt\/wp-json\/wp\/v2\/media?parent=15449"}],"wp:term":[{"taxonomy":"pwb-brand","embeddable":true,"href":"https:\/\/veganova.eu\/lt\/wp-json\/wp\/v2\/pwb-brand?post=15449"},{"taxonomy":"product_brand","embeddable":true,"href":"https:\/\/veganova.eu\/lt\/wp-json\/wp\/v2\/product_brand?post=15449"},{"taxonomy":"product_cat","embeddable":true,"href":"https:\/\/veganova.eu\/lt\/wp-json\/wp\/v2\/product_cat?post=15449"},{"taxonomy":"product_tag","embeddable":true,"href":"https:\/\/veganova.eu\/lt\/wp-json\/wp\/v2\/product_tag?post=15449"}],"curies":[{"name":"wp","href":"https:\/\/api.w.org\/{rel}","templated":true}]}}