{"id":15497,"date":"2023-12-20T17:29:58","date_gmt":"2023-12-20T16:29:58","guid":{"rendered":"https:\/\/veganova.eu\/?post_type=product&#038;p=15497"},"modified":"2026-04-21T07:25:41","modified_gmt":"2026-04-21T05:25:41","slug":"garden-of-life-mykind-organics-mens-multi-60-vegan-tab","status":"publish","type":"product","link":"https:\/\/veganova.eu\/lt\/shop\/garden-of-life-mykind-organics-mens-multi-60-vegan-tab\/","title":{"rendered":"\"Garden of Life Mykind Organics Men's Multi\" - 60 vegani\u0161k\u0173 tab."},"content":{"rendered":"<h3>Garden of Life Mykind Organics Men&#8217;s Multi vitamins for men<\/h3>\n<p>Garden of Life mykind Organics Men&#8217;s Multi Tablets are intended for men, certified USDA organic and non-GMO project verified. A mixture of nine organic whole fruits, does not contain synthetic vitamins, processed sugar and syrups, corn starch or pork gelatin. Made with non-GMO apple pectin and organic orange peel, they come in a delicious organic berry jelly.<\/p>\n<p>\u0160iuose patogiuose u\u017ekand\u017eiuose taip pat n\u0117ra gyv\u016bnin\u0117s kilm\u0117s produkt\u0173. Vietoj to, jie pagaminti i\u0161 tikr\u0173, pilno gr\u016bdo ingredient\u0173. Tod\u0117l jie yra ne tik ekologi\u0161ki ir geneti\u0161kai nemodifikuoti, bet ir vegani\u0161ki, be glitimo ir ko\u0161eriniai.<\/p>\n<p><span style=\"text-decoration: underline;\">Pagrindiniai privalumai:<\/span><\/p>\n<ul>\n<li>Contains 800 IU of Vegan Vitamin D3<\/li>\n<li>Source of Vitamin E and Folic Acid<\/li>\n<li>Whole and Organic<\/li>\n<\/ul>","protected":false},"excerpt":{"rendered":"<p>Vegan nutritional supplement intended for men Garden of Life Mykind Organic Men&#8217;s Multi contains complex vitamins, supplemented with minerals and an organic mixture of superfoods. It does not contain artificial substances and gelatin. Package contents: 60 vegan tablets.<\/p>","protected":false},"featured_media":51039,"comment_status":"closed","ping_status":"closed","template":"","meta":{"advanced_seo_description":"","jetpack_seo_html_title":"","jetpack_seo_noindex":false},"pwb-brand":[303],"product_brand":[4625],"product_cat":[321],"product_tag":[922,923],"class_list":{"0":"post-15497","1":"product","2":"type-product","3":"status-publish","4":"has-post-thumbnail","6":"pwb-brand-garden-of-life","7":"product_brand-garden-of-life","8":"product_cat-for-men","9":"product_tag-for-men","10":"product_tag-vitamins-for-men","11":"brand_woo-garden-of-life","13":"first","14":"instock","15":"sale","16":"taxable","17":"shipping-taxable","18":"purchasable","19":"product-type-simple"},"jetpack_sharing_enabled":true,"brands":[{"id":303,"name":"Gyvenimo sodas","slug":"garden-of-life"}],"_links":{"self":[{"href":"https:\/\/veganova.eu\/lt\/wp-json\/wp\/v2\/product\/15497","targetHints":{"allow":["GET"]}}],"collection":[{"href":"https:\/\/veganova.eu\/lt\/wp-json\/wp\/v2\/product"}],"about":[{"href":"https:\/\/veganova.eu\/lt\/wp-json\/wp\/v2\/types\/product"}],"replies":[{"embeddable":true,"href":"https:\/\/veganova.eu\/lt\/wp-json\/wp\/v2\/comments?post=15497"}],"version-history":[{"count":1,"href":"https:\/\/veganova.eu\/lt\/wp-json\/wp\/v2\/product\/15497\/revisions"}],"predecessor-version":[{"id":59082,"href":"https:\/\/veganova.eu\/lt\/wp-json\/wp\/v2\/product\/15497\/revisions\/59082"}],"wp:featuredmedia":[{"embeddable":true,"href":"https:\/\/veganova.eu\/lt\/wp-json\/wp\/v2\/media\/51039"}],"wp:attachment":[{"href":"https:\/\/veganova.eu\/lt\/wp-json\/wp\/v2\/media?parent=15497"}],"wp:term":[{"taxonomy":"pwb-brand","embeddable":true,"href":"https:\/\/veganova.eu\/lt\/wp-json\/wp\/v2\/pwb-brand?post=15497"},{"taxonomy":"product_brand","embeddable":true,"href":"https:\/\/veganova.eu\/lt\/wp-json\/wp\/v2\/product_brand?post=15497"},{"taxonomy":"product_cat","embeddable":true,"href":"https:\/\/veganova.eu\/lt\/wp-json\/wp\/v2\/product_cat?post=15497"},{"taxonomy":"product_tag","embeddable":true,"href":"https:\/\/veganova.eu\/lt\/wp-json\/wp\/v2\/product_tag?post=15497"}],"curies":[{"name":"wp","href":"https:\/\/api.w.org\/{rel}","templated":true}]}}