{"id":15557,"date":"2023-12-20T17:30:16","date_gmt":"2023-12-20T16:30:16","guid":{"rendered":"https:\/\/veganova.eu\/?post_type=product&#038;p=15557"},"modified":"2026-04-21T07:25:44","modified_gmt":"2026-04-21T05:25:44","slug":"betteryou-magnesium-gel-150-ml","status":"publish","type":"product","link":"https:\/\/veganova.eu\/lt\/shop\/betteryou-magnesium-gel-150-ml\/","title":{"rendered":"\"BetterYou\" magnio gelis - 150 ml."},"content":{"rendered":"<h3>\"BetterYou\" magnio gelis<\/h3>\n<p>\"BetterYou MagnesiumGel\" tikslingai suteikia b\u016btino magnio. Puikus b\u016bdas papildyti magnio kiek\u012f, palaikyti odos sveikat\u0105 ir nat\u016bral\u0173 raumen\u0173 atsinaujinim\u0105.<\/p>\n<ul>\n<li>Labai tikslingas taikymas<\/li>\n<li>Reguliuojamas atpalaidavimas ilgalaikiam pristatymui<\/li>\n<li>1ml suteikia 100 mg elementinio magnio<\/li>\n<li>Nat\u016bralus raumen\u0173 relaksantas<\/li>\n<li>Be \u017emogaus sukurt\u0173 ter\u0161al\u0173<\/li>\n<\/ul>\n<p>\"BetterYou MagnesiumGel\" u\u017etikrina reguliuojam\u0105 magnio i\u0161siskyrim\u0105, tod\u0117l idealiai tinka vartoti fizinio kr\u016bvio metu ir tikslingai. 1 ml gelio suteikia ma\u017eiausiai 100 mg optimaliai \u012fsisavinamo elementariojo magnio, o arbatinis \u0161auk\u0161telis - 500 mg.<\/p>\n<p><strong>Kod\u0117l verta rinktis magnio gel\u012f?<\/strong><\/p>\n<p>U\u017etepus \"BetterYou MagnesiumGel\" ant odos, \u0161is b\u016btinas mineralas i\u0161 karto pradeda absorbuotis, tod\u0117l tai paprastas ir moksli\u0161kai \u012frodytas b\u016bdas papildyti magnio atsargas. Magnis b\u016btinas sveikam organizmui - tai nat\u016bralus atpalaiduojamasis preparatas, ma\u017einantis raumen\u0173 \u012ftamp\u0105, sustingim\u0105 ir lankstum\u0105, taip pat padedantis odos sveikatai, kalcio \u012fsisavinimui ir ramiam miegui.<\/p>\n<p><strong>Kaip veikia transderminiai magnio papildai:<\/strong> Tiesiogiai ant odos u\u017eteptas BetterYou MagnesiumGel absorbuojamas \u012f labai por\u0117t\u0105 epiderm\u012f ir per po juo esan\u010dias kraujagysles bei raumenis. Jis visi\u0161kai aplenkia vir\u0161kinimo sistem\u0105, kurioje daugelis maistini\u0173 med\u017eiag\u0173 ne\u012fsisavinamos. Transderminis magnis yra veiksminga alternatyva tablet\u0117ms ir kapsul\u0117ms.<\/p>\n<p><strong> Sudedamosios dalys:<\/strong> Vanduo, magnio chloridas, hidroksipropilo krakmolo fosfatas. 100% nat\u016bralus magnio \u0161altinis.<\/p>\n<p><strong>Nurodymai:<\/strong> U\u017etepkite nedidel\u012f \u017eirnio dyd\u017eio kiek\u012f ant tikslin\u0117s srities ir gerai \u012fmasa\u017euokite \u012f od\u0105, vengdami pa\u017eeistos odos ir jautri\u0173 viet\u0173, pavyzd\u017eiui, aki\u0173. Sutelkite d\u0117mes\u012f \u012f s\u0105narius, raumenis ir dominan\u010dias vietas. Jei reikia, tepkite pakartotinai. Idealiai tinka naudoti po fizinio kr\u016bvio. Geriausiems rezultatams pasiekti tepkite ant \u0161varios odos. D\u0117l savo grynumo MagnesiumGel tinka vaikams ir naudoti n\u0117\u0161tumo metu. Magnio dilg\u010diojimas Pirm\u0105 kart\u0105 u\u017etepus, galite pajusti lengv\u0105 dilg\u010diojim\u0105. Tai gali rodyti ma\u017e\u0105 magnio kiek\u012f ir yra greito magnio \u012fsisavinimo per poras rezultatas. Naudojant reguliariai, \u0161is poj\u016btis i\u0161nyks, o kadangi absorbcija prasideda i\u0161 karto, po masa\u017eo od\u0105 galima nuvalyti rank\u0161luos\u010diu.<\/p>","protected":false},"excerpt":{"rendered":"<p>Nat\u016bralus magnio gelis BetterYou Magnio gelis skirtas vietiniam i\u0161oriniam naudojimui, raumen\u0173 atpalaidavimui ar odos stiprinimui. Nat\u016bralus didel\u0117s koncentracijos magnis. Idealiai tinka naudoti vakare prie\u0161 mieg\u0105 arba intensyvi\u0173 treniruo\u010di\u0173 metu. Sud\u0117tis: Sud\u0117tis: 150 ml.<\/p>","protected":false},"featured_media":51199,"comment_status":"closed","ping_status":"closed","template":"","meta":{"advanced_seo_description":"","jetpack_seo_html_title":"","jetpack_seo_noindex":false},"pwb-brand":[142],"product_brand":[4563],"product_cat":[684,172,689,2598],"product_tag":[],"class_list":{"0":"post-15557","1":"product","2":"type-product","3":"status-publish","4":"has-post-thumbnail","6":"pwb-brand-betteryou","7":"product_brand-betteryou","8":"product_cat-clean-beauty","9":"product_cat-minerals","10":"product_cat-natural-cosmetics","11":"product_cat-recovery","12":"brand_woo-betteryou","14":"first","15":"instock","16":"taxable","17":"shipping-taxable","18":"purchasable","19":"product-type-simple"},"jetpack_sharing_enabled":true,"brands":[{"id":142,"name":"BetterYou","slug":"betteryou"}],"_links":{"self":[{"href":"https:\/\/veganova.eu\/lt\/wp-json\/wp\/v2\/product\/15557","targetHints":{"allow":["GET"]}}],"collection":[{"href":"https:\/\/veganova.eu\/lt\/wp-json\/wp\/v2\/product"}],"about":[{"href":"https:\/\/veganova.eu\/lt\/wp-json\/wp\/v2\/types\/product"}],"replies":[{"embeddable":true,"href":"https:\/\/veganova.eu\/lt\/wp-json\/wp\/v2\/comments?post=15557"}],"version-history":[{"count":1,"href":"https:\/\/veganova.eu\/lt\/wp-json\/wp\/v2\/product\/15557\/revisions"}],"predecessor-version":[{"id":59107,"href":"https:\/\/veganova.eu\/lt\/wp-json\/wp\/v2\/product\/15557\/revisions\/59107"}],"wp:featuredmedia":[{"embeddable":true,"href":"https:\/\/veganova.eu\/lt\/wp-json\/wp\/v2\/media\/51199"}],"wp:attachment":[{"href":"https:\/\/veganova.eu\/lt\/wp-json\/wp\/v2\/media?parent=15557"}],"wp:term":[{"taxonomy":"pwb-brand","embeddable":true,"href":"https:\/\/veganova.eu\/lt\/wp-json\/wp\/v2\/pwb-brand?post=15557"},{"taxonomy":"product_brand","embeddable":true,"href":"https:\/\/veganova.eu\/lt\/wp-json\/wp\/v2\/product_brand?post=15557"},{"taxonomy":"product_cat","embeddable":true,"href":"https:\/\/veganova.eu\/lt\/wp-json\/wp\/v2\/product_cat?post=15557"},{"taxonomy":"product_tag","embeddable":true,"href":"https:\/\/veganova.eu\/lt\/wp-json\/wp\/v2\/product_tag?post=15557"}],"curies":[{"name":"wp","href":"https:\/\/api.w.org\/{rel}","templated":true}]}}