{"id":2816,"date":"2023-10-01T17:01:47","date_gmt":"2023-10-01T15:01:47","guid":{"rendered":"https:\/\/veganova.eu\/?post_type=product&#038;p=2816"},"modified":"2026-04-21T07:23:28","modified_gmt":"2026-04-21T05:23:28","slug":"applied-nutrition-endurance-breathe-blackcurrant-1500g","status":"publish","type":"product","link":"https:\/\/veganova.eu\/lt\/shop\/applied-nutrition-endurance-breathe-blackcurrant-1500g\/","title":{"rendered":"Applied Nutrition \"Endurance Breathe\", juodieji serbentai (1500g)"},"content":{"rendered":"<h3>Applied Nutrition \"Endurance Breathe\", juodieji serbentai (1500g)<\/h3>\n<p>I\u0161tverm\u0117s greitis - degal\u0173 kv\u0117pavimas<br \/>\nAngliavandeni\u0173 ir elektrolit\u0173 energetiniai milteliai su \"Breathe Easy\" 1,5 kg<br \/>\n30 porcij\u0173 | 48 g angliavandeni\u0173 | 300 mg elektrolit\u0173 | Lengvai kv\u0117puokite<\/p>\n<p>\"Endurance Velocity-Fuel Breathe\" sukurtas kaip lengvai vir\u0161kinamas ir greitai gaunamas energijos \u0161altinis, kuriame yra 48 g greitai \u012fsisavinam\u0173 angliavandeni\u0173 ir 300 mg elektrolit\u0173 vienoje porcijoje, be to, papildytas unikalia Applied Nutrition \"Breathe Easy\" formule, populiaria tarp vartotoj\u0173, norin\u010di\u0173 padidinti deguonies suvartojim\u0105 fizinio kr\u016bvio metu.<\/p>\n<p>\"Endurance Velocity-Fuel Breathe\" galima mai\u0161yti \u012fvairios koncentracijos, kad atitikt\u0173 j\u016bs\u0173 poreikius, ir vartoti kaip angliavandeni\u0173 \u012fkrovos plano dal\u012f likus kelioms dienoms ir valandoms iki treniruot\u0117s ar var\u017eyb\u0173 ir j\u0173 metu.<\/p>\n<p>PAGRINDINIAI PRIVALUMAI<\/p>\n<p>Informuoto sporto partija, skirta sportininkams<br \/>\nAtverkite kv\u0117pavimo takus su \"Breathe Easy\", suteikian\u010diu gaivumo ir v\u0117sos poj\u016bt\u012f.<br \/>\nDegalai treniruot\u0117ms ir puikiai tinka angliavandeni\u0173 \u012fkrovos planams<br \/>\nPuikiai tinka dviratininkams, b\u0117gikams ir visiems i\u0161tverm\u0117s pratimams<br \/>\nGreitai \u012fsisavinami labai tirp\u016bs angliavandeniai<br \/>\nTinka veganams, vegetarams, be GMO ir glitimo<br \/>\nHalal sertifikuotas produktas<\/p>","protected":false},"excerpt":{"rendered":"<p>Applied Nutrition Endurance Breathe, flavor: Blackcurrant, package contains: 1500g<\/p>","protected":false},"featured_media":53276,"comment_status":"closed","ping_status":"closed","template":"","meta":{"advanced_seo_description":"","jetpack_seo_html_title":"","jetpack_seo_noindex":false},"pwb-brand":[202],"product_brand":[4592],"product_cat":[225,132],"product_tag":[1192,1193,860,1182,1181,1183],"class_list":{"0":"post-2816","1":"product","2":"type-product","3":"status-publish","4":"has-post-thumbnail","6":"pwb-brand-applied-nutrition","7":"product_brand-applied-nutrition","8":"product_cat-carbohydrates","9":"product_cat-sports-nutrition","10":"product_tag-breathing","11":"product_tag-endurance-sports","12":"product_tag-energy","13":"product_tag-hydration","14":"product_tag-performance","15":"product_tag-sports-drink","16":"brand_woo-applied-nutrition","18":"first","19":"instock","20":"sale","21":"taxable","22":"shipping-taxable","23":"purchasable","24":"product-type-simple"},"jetpack_sharing_enabled":true,"brands":[{"id":202,"name":"Taikomoji mityba","slug":"applied-nutrition"}],"_links":{"self":[{"href":"https:\/\/veganova.eu\/lt\/wp-json\/wp\/v2\/product\/2816","targetHints":{"allow":["GET"]}}],"collection":[{"href":"https:\/\/veganova.eu\/lt\/wp-json\/wp\/v2\/product"}],"about":[{"href":"https:\/\/veganova.eu\/lt\/wp-json\/wp\/v2\/types\/product"}],"replies":[{"embeddable":true,"href":"https:\/\/veganova.eu\/lt\/wp-json\/wp\/v2\/comments?post=2816"}],"version-history":[{"count":1,"href":"https:\/\/veganova.eu\/lt\/wp-json\/wp\/v2\/product\/2816\/revisions"}],"predecessor-version":[{"id":57375,"href":"https:\/\/veganova.eu\/lt\/wp-json\/wp\/v2\/product\/2816\/revisions\/57375"}],"wp:featuredmedia":[{"embeddable":true,"href":"https:\/\/veganova.eu\/lt\/wp-json\/wp\/v2\/media\/53276"}],"wp:attachment":[{"href":"https:\/\/veganova.eu\/lt\/wp-json\/wp\/v2\/media?parent=2816"}],"wp:term":[{"taxonomy":"pwb-brand","embeddable":true,"href":"https:\/\/veganova.eu\/lt\/wp-json\/wp\/v2\/pwb-brand?post=2816"},{"taxonomy":"product_brand","embeddable":true,"href":"https:\/\/veganova.eu\/lt\/wp-json\/wp\/v2\/product_brand?post=2816"},{"taxonomy":"product_cat","embeddable":true,"href":"https:\/\/veganova.eu\/lt\/wp-json\/wp\/v2\/product_cat?post=2816"},{"taxonomy":"product_tag","embeddable":true,"href":"https:\/\/veganova.eu\/lt\/wp-json\/wp\/v2\/product_tag?post=2816"}],"curies":[{"name":"wp","href":"https:\/\/api.w.org\/{rel}","templated":true}]}}