{"id":2822,"date":"2023-10-01T17:01:49","date_gmt":"2023-10-01T15:01:49","guid":{"rendered":"https:\/\/veganova.eu\/?post_type=product&#038;p=2822"},"modified":"2026-04-21T07:23:28","modified_gmt":"2026-04-21T05:23:28","slug":"applied-nutrition-endurance-recovery-vanilla-1500g","status":"publish","type":"product","link":"https:\/\/veganova.eu\/lt\/shop\/applied-nutrition-endurance-recovery-vanilla-1500g\/","title":{"rendered":"Applied Nutrition I\u0161tverm\u0117s atstatymas, vanil\u0117 (1500g)"},"content":{"rendered":"<h3>Applied Nutrition I\u0161tverm\u0117s atk\u016brimas<\/h3>\n<ul>\n<li>atsigaivinimo po treniruot\u0117s g\u0117rimas<\/li>\n<li>Baltym\u0173, angliavandeni\u0173 ir elektrolit\u0173 mi\u0161inys<\/li>\n<li>30 porcij\u0173<\/li>\n<li>24 g angliavandeni\u0173 | 21 g baltym\u0173 | 7 g BCAA | 1500 mg elektrolit\u0173<\/li>\n<li>Partijos i\u0161bandytos sportininkams<\/li>\n<li>Momentinis atsigavimas, ma\u017eina DOMS (u\u017edelsto raumen\u0173 skausmo) poveik\u012f<\/li>\n<li>puikus skonis ir lengvas mai\u0161ymas<\/li>\n<li>sertifikuotas produktas<\/li>\n<li>tinka veganams, vegetarams<\/li>\n<li>be glitimo, be pieno, be laktoz\u0117s, be rie\u0161ut\u0173<\/li>\n<\/ul>","protected":false},"excerpt":{"rendered":"<p>Vegani\u0161kas sportin\u0117s mitybos papildas Applied Nutrition Endurance Breathe skirtas greitesnei regeneracijai po sunki\u0173 treniruo\u010di\u0173 ar sportini\u0173 rezultat\u0173. Skonis: Vanil\u0117s skonis. Be glitimo. Pakuot\u0117je yra: 1500g<\/p>","protected":false},"featured_media":53709,"comment_status":"closed","ping_status":"closed","template":"","meta":{"advanced_seo_description":"","jetpack_seo_html_title":"","jetpack_seo_noindex":false},"pwb-brand":[202],"product_brand":[4592],"product_cat":[225,132],"product_tag":[1195,1196,1199,1197,1198],"class_list":{"0":"post-2822","1":"product","2":"type-product","3":"status-publish","4":"has-post-thumbnail","6":"pwb-brand-applied-nutrition","7":"product_brand-applied-nutrition","8":"product_cat-carbohydrates","9":"product_cat-sports-nutrition","10":"product_tag-athletic-performance","11":"product_tag-muscle-soreness","12":"product_tag-muscless","13":"product_tag-regeneration","14":"product_tag-regeneration-drink","15":"brand_woo-applied-nutrition","17":"first","18":"outofstock","19":"taxable","20":"shipping-taxable","21":"purchasable","22":"product-type-simple"},"jetpack_sharing_enabled":true,"brands":[{"id":202,"name":"Taikomoji mityba","slug":"applied-nutrition"}],"_links":{"self":[{"href":"https:\/\/veganova.eu\/lt\/wp-json\/wp\/v2\/product\/2822","targetHints":{"allow":["GET"]}}],"collection":[{"href":"https:\/\/veganova.eu\/lt\/wp-json\/wp\/v2\/product"}],"about":[{"href":"https:\/\/veganova.eu\/lt\/wp-json\/wp\/v2\/types\/product"}],"replies":[{"embeddable":true,"href":"https:\/\/veganova.eu\/lt\/wp-json\/wp\/v2\/comments?post=2822"}],"version-history":[{"count":1,"href":"https:\/\/veganova.eu\/lt\/wp-json\/wp\/v2\/product\/2822\/revisions"}],"predecessor-version":[{"id":57380,"href":"https:\/\/veganova.eu\/lt\/wp-json\/wp\/v2\/product\/2822\/revisions\/57380"}],"wp:featuredmedia":[{"embeddable":true,"href":"https:\/\/veganova.eu\/lt\/wp-json\/wp\/v2\/media\/53709"}],"wp:attachment":[{"href":"https:\/\/veganova.eu\/lt\/wp-json\/wp\/v2\/media?parent=2822"}],"wp:term":[{"taxonomy":"pwb-brand","embeddable":true,"href":"https:\/\/veganova.eu\/lt\/wp-json\/wp\/v2\/pwb-brand?post=2822"},{"taxonomy":"product_brand","embeddable":true,"href":"https:\/\/veganova.eu\/lt\/wp-json\/wp\/v2\/product_brand?post=2822"},{"taxonomy":"product_cat","embeddable":true,"href":"https:\/\/veganova.eu\/lt\/wp-json\/wp\/v2\/product_cat?post=2822"},{"taxonomy":"product_tag","embeddable":true,"href":"https:\/\/veganova.eu\/lt\/wp-json\/wp\/v2\/product_tag?post=2822"}],"curies":[{"name":"wp","href":"https:\/\/api.w.org\/{rel}","templated":true}]}}