{"id":2893,"date":"2023-10-01T17:02:24","date_gmt":"2023-10-01T15:02:24","guid":{"rendered":"https:\/\/veganova.eu\/?post_type=product&#038;p=2893"},"modified":"2026-04-21T07:23:33","modified_gmt":"2026-04-21T05:23:33","slug":"doctors-best-alpha-lipoic-acid-600mg-60-kaps","status":"publish","type":"product","link":"https:\/\/veganova.eu\/lt\/shop\/doctors-best-alpha-lipoic-acid-600mg-60-kaps\/","title":{"rendered":"Geriausia gydytojo alfa lipoin\u0117 r\u016bg\u0161tis, 600 mg (60 kapsuli\u0173)"},"content":{"rendered":"<h3>Geriausia gydytojo alfa lipoin\u0117 r\u016bg\u0161tis<\/h3>\n<ul>\n<li>Alfa-lipoin\u0117 r\u016bg\u0161tis yra sieros turinti riebal\u0173 r\u016bg\u0161tis, kuri organizme atlieka vitamin\u0173 funkcijas.<\/li>\n<li>Angliavandeni\u0173 apykaitoje jis yra kofermentas, reikalingas acetil CoA, pagrindinio metabolito l\u0105steliniame procese, kurio metu gliukoz\u0117 (cukraus kiekis kraujyje) paver\u010diama energija, sintezei.<\/li>\n<li>Kadangi organizmas pats gamina alfa-lipoin\u0119 r\u016bg\u0161t\u012f, ji n\u0117ra priskiriama prie tikr\u0173 vitamin\u0173. Ta\u010diau, kaip ir kit\u0173 nepakei\u010diam\u0173j\u0173 maistini\u0173 med\u017eiag\u0173 atveju, jos gamyba viduje ne visada b\u016bna optimali.<\/li>\n<li>D\u0117l didelio med\u017eiag\u0173 apykaitos grei\u010dio smegenys yra ypa\u010d jautrios oksidaciniam stresui. Kadangi alfa-lipoin\u0117 r\u016bg\u0161tis nutraukia l\u0105steli\u0173 oksidacijos procesus tiek oksiduotu, tiek redukuotu pavidalu, ji atlieka moduliuojant\u012f vaidmen\u012f smegenyse ir nerv\u0173 sistemoje.<\/li>\n<li>Idealus antioksidantas tur\u0117t\u0173 geb\u0117ti gesinti \u012fvairius laisvuosius radikalus, palaikyti kit\u0173 antioksidant\u0173 veikim\u0105, suri\u0161ti arba \"chelatuoti\" metal\u0173 jonus, kurie gali sukelti laisv\u0173j\u0173 radikal\u0173 susidarym\u0105, veikti vandens ir riebal\u0173 aplinkoje audiniuose, l\u0105stel\u0117se ir tarpl\u0105stelin\u0117se erdv\u0117se.<\/li>\n<li>Alfa-lipoin\u0117 r\u016bg\u0161tis apib\u016bdinama kaip \"universalus antioksidantas\". Su am\u017eiumi m\u016bs\u0173 geb\u0117jimas sintetinti alfa-lipoin\u0119 r\u016bg\u0161t\u012f ma\u017e\u0117ja, o oksiduot\u0173 baltym\u0173, kurie trukdo mitochondrij\u0173 efektyvumui, kiekis did\u0117ja. \u0160i\u0105 situacij\u0105 i\u0161sprend\u017eia alfa-lipoin\u0117s r\u016bg\u0161ties, \"mitochondrij\u0173 maistin\u0117s med\u017eiagos\", papildymas.<\/li>\n<\/ul>","protected":false},"excerpt":{"rendered":"<p>Nutritional supplement in the form of vegan tablets containing alpha lipoic acid Doctor&#8217;s Best Alpha Lipoic Acid, 600mg, package contains: 60 capsules. They are gluten-free and GMO-free.<\/p>","protected":false},"featured_media":53680,"comment_status":"closed","ping_status":"closed","template":"","meta":{"advanced_seo_description":"","jetpack_seo_html_title":"","jetpack_seo_noindex":false},"pwb-brand":[147],"product_brand":[4565],"product_cat":[284,152],"product_tag":[1093,1094,1150],"class_list":{"0":"post-2893","1":"product","2":"type-product","3":"status-publish","4":"has-post-thumbnail","6":"pwb-brand-doctors-best","7":"product_brand-doctors-best","8":"product_cat-trace-elements","9":"product_cat-vitamins-and-minerals","10":"product_tag-antioxidant","11":"product_tag-metabolism","12":"product_tag-nervous-system","13":"brand_woo-doctors-best","15":"first","16":"instock","17":"taxable","18":"shipping-taxable","19":"purchasable","20":"product-type-simple"},"jetpack_sharing_enabled":true,"brands":[{"id":147,"name":"\"Doctor's Best","slug":"doctors-best"}],"_links":{"self":[{"href":"https:\/\/veganova.eu\/lt\/wp-json\/wp\/v2\/product\/2893","targetHints":{"allow":["GET"]}}],"collection":[{"href":"https:\/\/veganova.eu\/lt\/wp-json\/wp\/v2\/product"}],"about":[{"href":"https:\/\/veganova.eu\/lt\/wp-json\/wp\/v2\/types\/product"}],"replies":[{"embeddable":true,"href":"https:\/\/veganova.eu\/lt\/wp-json\/wp\/v2\/comments?post=2893"}],"version-history":[{"count":1,"href":"https:\/\/veganova.eu\/lt\/wp-json\/wp\/v2\/product\/2893\/revisions"}],"predecessor-version":[{"id":57444,"href":"https:\/\/veganova.eu\/lt\/wp-json\/wp\/v2\/product\/2893\/revisions\/57444"}],"wp:featuredmedia":[{"embeddable":true,"href":"https:\/\/veganova.eu\/lt\/wp-json\/wp\/v2\/media\/53680"}],"wp:attachment":[{"href":"https:\/\/veganova.eu\/lt\/wp-json\/wp\/v2\/media?parent=2893"}],"wp:term":[{"taxonomy":"pwb-brand","embeddable":true,"href":"https:\/\/veganova.eu\/lt\/wp-json\/wp\/v2\/pwb-brand?post=2893"},{"taxonomy":"product_brand","embeddable":true,"href":"https:\/\/veganova.eu\/lt\/wp-json\/wp\/v2\/product_brand?post=2893"},{"taxonomy":"product_cat","embeddable":true,"href":"https:\/\/veganova.eu\/lt\/wp-json\/wp\/v2\/product_cat?post=2893"},{"taxonomy":"product_tag","embeddable":true,"href":"https:\/\/veganova.eu\/lt\/wp-json\/wp\/v2\/product_tag?post=2893"}],"curies":[{"name":"wp","href":"https:\/\/api.w.org\/{rel}","templated":true}]}}