{"id":2934,"date":"2023-10-01T17:02:36","date_gmt":"2023-10-01T15:02:36","guid":{"rendered":"https:\/\/veganova.eu\/?post_type=product&#038;p=2934"},"modified":"2026-04-21T07:23:35","modified_gmt":"2026-04-21T05:23:35","slug":"doctors-best-high-absorption-coq10-with-bioperine-200mg-180-kaps","status":"publish","type":"product","link":"https:\/\/veganova.eu\/lt\/shop\/doctors-best-high-absorption-coq10-with-bioperine-200mg-180-kaps\/","title":{"rendered":"\"Doctor's Best High Absorption CoQ10\" su bioperinu, 200 mg (180 kapsuli\u0173)"},"content":{"rendered":"<h3>\"Doctor's Best High Absorption CoQ10\" su bioperinu, 200 mg (180 kapsuli\u0173)<\/h3>\n<p>\"Doctor's Best High Absorption CoQ10\" sud\u0117tyje yra gryno kofermento Q10 (ubichinono) ir bioperino. KoQ10 padeda palaikyti \u0161irdies veikl\u0105 ir yra gyvybi\u0161kai svarbus ATP (adenozintrifosfato) gamybai, ypa\u010d \u0161irdyje. Stresas, laisvieji radikalai, vaistai statinai ir sen\u0117jimas gali tur\u0117ti \u012ftakos CoQ10 kiekiui. CoQ10 labai svarbus energijos gamybai, raumen\u0173 susitraukimui ir baltym\u0173 sintezei. Tyrimai parod\u0117, kad BioPerinas padidina CoQ10 absorbcij\u0105.<\/p>\n<p>Padeda palaikyti \u0161irdies sveikat\u0105 ir l\u0105steli\u0173 energij\u0105.<br \/>\nPadeda atkurti CoQ10, kurio gali stigti d\u0117l sen\u0117jimo ir statin\u0173 vartojimo.<br \/>\nSud\u0117tyje yra juod\u0173j\u0173 pipir\u0173 ekstrakto BioPerine, kuris pagerina absorbcij\u0105 ir biologin\u012f prieinamum\u0105.<\/p>","protected":false},"excerpt":{"rendered":"<p>maisto papildas, kurio sud\u0117tyje yra kofermento Q10 Doctor's Best High Absorption CoQ10 su bioperinu, 200 mg, skirtas palaikyti sveik\u0105 \u0161ird\u012f ir kraujagysles. Pakuot\u0117je yra: Sud\u0117tyje yra 180 kapsuli\u0173. Be glitimo.<\/p>","protected":false},"featured_media":53233,"comment_status":"closed","ping_status":"closed","template":"","meta":{"advanced_seo_description":"","jetpack_seo_html_title":"","jetpack_seo_noindex":false},"pwb-brand":[147],"product_brand":[4565],"product_cat":[688,2600,2591,284,152],"product_tag":[1159,1167,1158,1052,1133],"class_list":{"0":"post-2934","1":"product","2":"type-product","3":"status-publish","4":"has-post-thumbnail","6":"pwb-brand-doctors-best","7":"product_brand-doctors-best","8":"product_cat-beauty-supplements","9":"product_cat-inflammation","10":"product_cat-liver","11":"product_cat-trace-elements","12":"product_cat-vitamins-and-minerals","13":"product_tag-aging","14":"product_tag-blood-vessels","15":"product_tag-heart","16":"product_tag-pigment-spots","17":"product_tag-wrinkles","18":"brand_woo-doctors-best","20":"first","21":"instock","22":"taxable","23":"shipping-taxable","24":"purchasable","25":"product-type-simple"},"jetpack_sharing_enabled":true,"brands":[{"id":147,"name":"\"Doctor's Best","slug":"doctors-best"}],"_links":{"self":[{"href":"https:\/\/veganova.eu\/lt\/wp-json\/wp\/v2\/product\/2934","targetHints":{"allow":["GET"]}}],"collection":[{"href":"https:\/\/veganova.eu\/lt\/wp-json\/wp\/v2\/product"}],"about":[{"href":"https:\/\/veganova.eu\/lt\/wp-json\/wp\/v2\/types\/product"}],"replies":[{"embeddable":true,"href":"https:\/\/veganova.eu\/lt\/wp-json\/wp\/v2\/comments?post=2934"}],"version-history":[{"count":1,"href":"https:\/\/veganova.eu\/lt\/wp-json\/wp\/v2\/product\/2934\/revisions"}],"predecessor-version":[{"id":57471,"href":"https:\/\/veganova.eu\/lt\/wp-json\/wp\/v2\/product\/2934\/revisions\/57471"}],"wp:featuredmedia":[{"embeddable":true,"href":"https:\/\/veganova.eu\/lt\/wp-json\/wp\/v2\/media\/53233"}],"wp:attachment":[{"href":"https:\/\/veganova.eu\/lt\/wp-json\/wp\/v2\/media?parent=2934"}],"wp:term":[{"taxonomy":"pwb-brand","embeddable":true,"href":"https:\/\/veganova.eu\/lt\/wp-json\/wp\/v2\/pwb-brand?post=2934"},{"taxonomy":"product_brand","embeddable":true,"href":"https:\/\/veganova.eu\/lt\/wp-json\/wp\/v2\/product_brand?post=2934"},{"taxonomy":"product_cat","embeddable":true,"href":"https:\/\/veganova.eu\/lt\/wp-json\/wp\/v2\/product_cat?post=2934"},{"taxonomy":"product_tag","embeddable":true,"href":"https:\/\/veganova.eu\/lt\/wp-json\/wp\/v2\/product_tag?post=2934"}],"curies":[{"name":"wp","href":"https:\/\/api.w.org\/{rel}","templated":true}]}}