{"id":2969,"date":"2023-10-01T17:02:40","date_gmt":"2023-10-01T15:02:40","guid":{"rendered":"https:\/\/veganova.eu\/?post_type=product&#038;p=2969"},"modified":"2026-04-21T07:23:36","modified_gmt":"2026-04-21T05:23:36","slug":"doctors-best-quercetin-bromelain-180-kaps","status":"publish","type":"product","link":"https:\/\/veganova.eu\/lt\/shop\/doctors-best-quercetin-bromelain-180-kaps\/","title":{"rendered":"\"Doctor's Best Quercetin Bromelain\" (180 kapsuli\u0173)"},"content":{"rendered":"<h3>\"Doctor's Best Quercetin Bromelain\" (180 kapsuli\u0173)<\/h3>\n<p>Mokslu pagr\u012fsta mityba<br \/>\nMaisto papildas<br \/>\nVegan<br \/>\nPadeda palaikyti sveik\u0105 imunitet\u0105<br \/>\nBe GMO \/ be gliuteno \/ be sojos<\/p>\n<p>Flavonoidai - tai spalvinguose vaisiuose ir augaluose esan\u010dios \u017emogaus sveikatai naudingos maistin\u0117s med\u017eiagos. Kvercetinas lemia puiki\u0105 sodri\u0105 auksin\u0119 Dimorphandra mollis augalo spalv\u0105 - flavonoidas i\u0161gaunamas i\u0161 s\u0117kl\u0173 ank\u0161\u010di\u0173. Bromelaino proteolitin\u0117s savyb\u0117s padeda skaidyti baltymus, o tai padeda palaikyti vir\u0161kinim\u0105. Bromelainas yra nat\u016braliai i\u0161 ananas\u0173 stieb\u0173 gaunamas fermentas, kuris padeda padidinti flavonoido kvercetino biologin\u012f prieinamum\u0105 ir teigiam\u0105 naud\u0105, palaiko ilgalaik\u012f imunin\u012f atsak\u0105.<\/p>\n<p>Padeda palaikyti ilgalaik\u012f imunin\u012f atsak\u0105<br \/>\nPadeda palaikyti kraujotakos ir s\u0105nari\u0173 sveikat\u0105<br \/>\nFermentas bromelainas palaiko vir\u0161kinimo sistemos sveikat\u0105<\/p>","protected":false},"excerpt":{"rendered":"<p>Vegani\u0161kas maisto papildas \"Doctor's Best Quercetin Bromelain\" tinka sveikai \u0161irdies ir kraujagysli\u0173 sistemai bei imunitetui stiprinti. Pakuot\u0117je yra: Sud\u0117tyje yra 180 kapsuli\u0173. Be glitimo ir GMO.<\/p>","protected":false},"featured_media":53226,"comment_status":"closed","ping_status":"closed","template":"","meta":{"advanced_seo_description":"","jetpack_seo_html_title":"","jetpack_seo_noindex":false},"pwb-brand":[147],"product_brand":[4565],"product_cat":[596,289,597,152],"product_tag":[1067,1239,1117,1153],"class_list":{"0":"post-2969","1":"product","2":"type-product","3":"status-publish","4":"has-post-thumbnail","6":"pwb-brand-doctors-best","7":"product_brand-doctors-best","8":"product_cat-digestion","9":"product_cat-heart-and-blood-vessels","10":"product_cat-body-immunity","11":"product_cat-vitamins-and-minerals","12":"product_tag-digestion","13":"product_tag-enzymes","14":"product_tag-immunity","15":"product_tag-vessels","16":"brand_woo-doctors-best","18":"first","19":"instock","20":"sale","21":"taxable","22":"shipping-taxable","23":"purchasable","24":"product-type-simple"},"jetpack_sharing_enabled":true,"brands":[{"id":147,"name":"\"Doctor's Best","slug":"doctors-best"}],"_links":{"self":[{"href":"https:\/\/veganova.eu\/lt\/wp-json\/wp\/v2\/product\/2969","targetHints":{"allow":["GET"]}}],"collection":[{"href":"https:\/\/veganova.eu\/lt\/wp-json\/wp\/v2\/product"}],"about":[{"href":"https:\/\/veganova.eu\/lt\/wp-json\/wp\/v2\/types\/product"}],"replies":[{"embeddable":true,"href":"https:\/\/veganova.eu\/lt\/wp-json\/wp\/v2\/comments?post=2969"}],"version-history":[{"count":1,"href":"https:\/\/veganova.eu\/lt\/wp-json\/wp\/v2\/product\/2969\/revisions"}],"predecessor-version":[{"id":57481,"href":"https:\/\/veganova.eu\/lt\/wp-json\/wp\/v2\/product\/2969\/revisions\/57481"}],"wp:featuredmedia":[{"embeddable":true,"href":"https:\/\/veganova.eu\/lt\/wp-json\/wp\/v2\/media\/53226"}],"wp:attachment":[{"href":"https:\/\/veganova.eu\/lt\/wp-json\/wp\/v2\/media?parent=2969"}],"wp:term":[{"taxonomy":"pwb-brand","embeddable":true,"href":"https:\/\/veganova.eu\/lt\/wp-json\/wp\/v2\/pwb-brand?post=2969"},{"taxonomy":"product_brand","embeddable":true,"href":"https:\/\/veganova.eu\/lt\/wp-json\/wp\/v2\/product_brand?post=2969"},{"taxonomy":"product_cat","embeddable":true,"href":"https:\/\/veganova.eu\/lt\/wp-json\/wp\/v2\/product_cat?post=2969"},{"taxonomy":"product_tag","embeddable":true,"href":"https:\/\/veganova.eu\/lt\/wp-json\/wp\/v2\/product_tag?post=2969"}],"curies":[{"name":"wp","href":"https:\/\/api.w.org\/{rel}","templated":true}]}}