{"id":2978,"date":"2023-10-01T17:02:43","date_gmt":"2023-10-01T15:02:43","guid":{"rendered":"https:\/\/veganova.eu\/?post_type=product&#038;p=2978"},"modified":"2026-04-25T02:20:30","modified_gmt":"2026-04-25T00:20:30","slug":"doctors-best-stabilized-r-lipoic-acid-with-bioenhanced-na-rala-200mg-60-kaps","status":"publish","type":"product","link":"https:\/\/veganova.eu\/lt\/shop\/doctors-best-stabilized-r-lipoic-acid-with-bioenhanced-na-rala-200mg-60-kaps\/","title":{"rendered":"\"Doctor's Best\" stabilizuota R-lipoin\u0117 r\u016bg\u0161tis su biologi\u0161kai sustiprinta Na-RALA, 200 mg (60 kapsuli\u0173)"},"content":{"rendered":"<h3>\"Doctor's Best\" stabilizuota R-lipoin\u0117 r\u016bg\u0161tis su biologi\u0161kai sustiprinta Na-RALA<\/h3>\n<ul>\n<li>Alfa-lipoin\u0117 r\u016bg\u0161tis yra sieros turinti riebal\u0173 r\u016bg\u0161tis, nat\u016braliai randama organizme.<\/li>\n<li>Su am\u017eiumi ma\u017e\u0117ja m\u016bs\u0173 geb\u0117jimas sintetinti alfa-lipoin\u0119 r\u016bg\u0161t\u012f.<\/li>\n<li>Geriausia alfa-lipoin\u0117 r\u016bg\u0161tis yra angliavandeni\u0173 apykaitos kofermentas, reikalingas acetil CoA, pagrindinio metabolito l\u0105steliniame procese, kurio metu gliukoz\u0117 (cukraus kiekis kraujyje) paver\u010diama energija, sintezei.<\/li>\n<li>Lipoin\u0117 r\u016bg\u0161tis da\u017enai vadinama \"universaliuoju antioksidantu\".<\/li>\n<\/ul>","protected":false},"excerpt":{"rendered":"<p>Vegani\u0161kas maisto papildas \"Doctor's Best Stabilized R-Lipoic Acid with BioEnhanced Na-RALA 200mg\", pakuot\u0117je yra: 60 kapsuli\u0173. Be glitimo ir GMO.<\/p>","protected":false},"featured_media":11982,"comment_status":"closed","ping_status":"closed","template":"","meta":{"advanced_seo_description":"","jetpack_seo_html_title":"","jetpack_seo_noindex":false},"pwb-brand":[147],"product_brand":[4565],"product_cat":[174,132],"product_tag":[1093,860,1235,1094],"class_list":{"0":"post-2978","1":"product","2":"type-product","3":"status-publish","4":"has-post-thumbnail","6":"pwb-brand-doctors-best","7":"product_brand-doctors-best","8":"product_cat-amino-acids","9":"product_cat-sports-nutrition","10":"product_tag-antioxidant","11":"product_tag-energy","12":"product_tag-free-radical-scavenger","13":"product_tag-metabolism","14":"brand_woo-doctors-best","16":"first","17":"instock","18":"taxable","19":"shipping-taxable","20":"purchasable","21":"product-type-simple"},"jetpack_sharing_enabled":true,"brands":[{"id":147,"name":"\"Doctor's Best","slug":"doctors-best"}],"_links":{"self":[{"href":"https:\/\/veganova.eu\/lt\/wp-json\/wp\/v2\/product\/2978","targetHints":{"allow":["GET"]}}],"collection":[{"href":"https:\/\/veganova.eu\/lt\/wp-json\/wp\/v2\/product"}],"about":[{"href":"https:\/\/veganova.eu\/lt\/wp-json\/wp\/v2\/types\/product"}],"replies":[{"embeddable":true,"href":"https:\/\/veganova.eu\/lt\/wp-json\/wp\/v2\/comments?post=2978"}],"version-history":[{"count":1,"href":"https:\/\/veganova.eu\/lt\/wp-json\/wp\/v2\/product\/2978\/revisions"}],"predecessor-version":[{"id":57484,"href":"https:\/\/veganova.eu\/lt\/wp-json\/wp\/v2\/product\/2978\/revisions\/57484"}],"wp:featuredmedia":[{"embeddable":true,"href":"https:\/\/veganova.eu\/lt\/wp-json\/wp\/v2\/media\/11982"}],"wp:attachment":[{"href":"https:\/\/veganova.eu\/lt\/wp-json\/wp\/v2\/media?parent=2978"}],"wp:term":[{"taxonomy":"pwb-brand","embeddable":true,"href":"https:\/\/veganova.eu\/lt\/wp-json\/wp\/v2\/pwb-brand?post=2978"},{"taxonomy":"product_brand","embeddable":true,"href":"https:\/\/veganova.eu\/lt\/wp-json\/wp\/v2\/product_brand?post=2978"},{"taxonomy":"product_cat","embeddable":true,"href":"https:\/\/veganova.eu\/lt\/wp-json\/wp\/v2\/product_cat?post=2978"},{"taxonomy":"product_tag","embeddable":true,"href":"https:\/\/veganova.eu\/lt\/wp-json\/wp\/v2\/product_tag?post=2978"}],"curies":[{"name":"wp","href":"https:\/\/api.w.org\/{rel}","templated":true}]}}