{"id":3014,"date":"2023-10-01T17:02:57","date_gmt":"2023-10-01T15:02:57","guid":{"rendered":"https:\/\/veganova.eu\/?post_type=product&#038;p=3014"},"modified":"2026-04-26T02:21:33","modified_gmt":"2026-04-26T00:21:33","slug":"garden-of-life-dr-formulated-whole-food-magnesium-orange-197g","status":"publish","type":"product","link":"https:\/\/veganova.eu\/lt\/shop\/garden-of-life-dr-formulated-whole-food-magnesium-orange-197g\/","title":{"rendered":"\"Garden of Life Dr. Formulated Whole Food Magnesium\", apelsinas (197g)"},"content":{"rendered":"<h3>\"Garden of Life Dr. Formulated Whole Food Magnesium\", apelsinas (197g)<\/h3>\n<p>Jei jau\u010diat\u0117s pavarg\u0119, turite problem\u0173 su miegu ar gyvenime susiduriate su stresu, pats laikas gerti - miegoti - atsigauti! Magnis yra vienas svarbiausi\u0173 \u017emogaus mitybos mikroelement\u0173, ta\u010diau dauguma \u017emoni\u0173 jo negauna pakankamai su \u012fprastu maistu. Dr. Formulated Whole Food magnio milteliai yra skanus, avie\u010di\u0173 citrin\u0173 skonio putojantis b\u016bdas, padedantis nusiraminti ir atsipalaiduoti, kartu atstatant optimal\u0173 magnio kiek\u012f organizme. Dr. Formulated Whole Food magnio sud\u0117tyje yra rud\u0173j\u0173 ry\u017ei\u0173 baltym\u0173 magnio chelato, taip pat gyv\u0173 probiotik\u0173 - 1 mlrd.<\/p>","protected":false},"excerpt":{"rendered":"<p>Vegani\u0161kas maisto papildas su magniu \"Garden of Life Dr. Formulated Whole Food Magnesium\", papildytas probiotikais, tinka streso ir padid\u0117jusios psichin\u0117s bei fizin\u0117s \u012ftampos laikotarpiais. Skonis: Apelsin\u0173 skonio, pakuot\u0117je yra: 197g.<\/p>","protected":false},"featured_media":53221,"comment_status":"closed","ping_status":"closed","template":"","meta":{"advanced_seo_description":"","jetpack_seo_html_title":"","jetpack_seo_noindex":false},"pwb-brand":[303],"product_brand":[4625],"product_cat":[172,2598,152],"product_tag":[1245,1197,1079,1126],"class_list":{"0":"post-3014","1":"product","2":"type-product","3":"status-publish","4":"has-post-thumbnail","6":"pwb-brand-garden-of-life","7":"product_brand-garden-of-life","8":"product_cat-minerals","9":"product_cat-recovery","10":"product_cat-vitamins-and-minerals","11":"product_tag-mental-well-being","12":"product_tag-regeneration","13":"product_tag-relaxation","14":"product_tag-stress","15":"brand_woo-garden-of-life","17":"first","18":"instock","19":"taxable","20":"shipping-taxable","21":"purchasable","22":"product-type-simple"},"jetpack_sharing_enabled":true,"brands":[{"id":303,"name":"Gyvenimo sodas","slug":"garden-of-life"}],"_links":{"self":[{"href":"https:\/\/veganova.eu\/lt\/wp-json\/wp\/v2\/product\/3014","targetHints":{"allow":["GET"]}}],"collection":[{"href":"https:\/\/veganova.eu\/lt\/wp-json\/wp\/v2\/product"}],"about":[{"href":"https:\/\/veganova.eu\/lt\/wp-json\/wp\/v2\/types\/product"}],"replies":[{"embeddable":true,"href":"https:\/\/veganova.eu\/lt\/wp-json\/wp\/v2\/comments?post=3014"}],"version-history":[{"count":1,"href":"https:\/\/veganova.eu\/lt\/wp-json\/wp\/v2\/product\/3014\/revisions"}],"predecessor-version":[{"id":57519,"href":"https:\/\/veganova.eu\/lt\/wp-json\/wp\/v2\/product\/3014\/revisions\/57519"}],"wp:featuredmedia":[{"embeddable":true,"href":"https:\/\/veganova.eu\/lt\/wp-json\/wp\/v2\/media\/53221"}],"wp:attachment":[{"href":"https:\/\/veganova.eu\/lt\/wp-json\/wp\/v2\/media?parent=3014"}],"wp:term":[{"taxonomy":"pwb-brand","embeddable":true,"href":"https:\/\/veganova.eu\/lt\/wp-json\/wp\/v2\/pwb-brand?post=3014"},{"taxonomy":"product_brand","embeddable":true,"href":"https:\/\/veganova.eu\/lt\/wp-json\/wp\/v2\/product_brand?post=3014"},{"taxonomy":"product_cat","embeddable":true,"href":"https:\/\/veganova.eu\/lt\/wp-json\/wp\/v2\/product_cat?post=3014"},{"taxonomy":"product_tag","embeddable":true,"href":"https:\/\/veganova.eu\/lt\/wp-json\/wp\/v2\/product_tag?post=3014"}],"curies":[{"name":"wp","href":"https:\/\/api.w.org\/{rel}","templated":true}]}}