{"id":3178,"date":"2023-10-01T17:03:59","date_gmt":"2023-10-01T15:03:59","guid":{"rendered":"https:\/\/veganova.eu\/?post_type=product&#038;p=3178"},"modified":"2026-04-21T07:23:48","modified_gmt":"2026-04-21T05:23:48","slug":"jarrow-formulas-mct-oil-591-ml","status":"publish","type":"product","link":"https:\/\/veganova.eu\/lt\/shop\/jarrow-formulas-mct-oil-591-ml\/","title":{"rendered":"\"Jarrow Formulas\" MCT aliejus (591 ml)"},"content":{"rendered":"<h3>\"Jarrow Formulas\" MCT aliejus (591 ml)<\/h3>\n<p>\"Jarrow Formulas MCT Oil\" yra nat\u016bralus kaprilo (C8) ir kaprilo (C10) riebal\u0173 r\u016bg\u0161\u010di\u0173 \u0161altinis i\u0161 100% kokos\u0173 aliejaus. Vidutin\u0117s grandin\u0117s trigliceridai (MCT) yra maistingi riebalai, kuriuos organizmas gali greitai sudeginti energijai gauti. Kitaip nei kitos ilgos ar trumpos grandin\u0117s riebal\u0173 r\u016bg\u0161tys, kurios organizme kaupiasi kaip riebalai, MCT lengviau perdirbamos ir metabolizuojamos kepenyse, kad greitai gaut\u0173 energijos. \u017dr. maistingumo informacij\u0105 apie bendr\u0105 riebal\u0173 ir so\u010di\u0173j\u0173 riebal\u0173 kiek\u012f. MCT aliejus greitai \u012fsisavinamas ir greitai suteikia organizmui degal\u0173.<\/p>\n<p>-100% Grynas kokos\u0173 aliejus<br \/>\n-Keto-Friendly<br \/>\n-Odorless<\/p>","protected":false},"excerpt":{"rendered":"<p>Maisto papildo \"Jarrow Formulas MCT Oil\" sud\u0117tyje yra gryniausios nat\u016bralios formos MCT aliejaus be kvapi\u0173j\u0173 med\u017eiag\u0173, kuris suteikia energijos smegenims ir raumenims. Tinka keto dietai. Pakuot\u0117je yra: Sud\u0117tyje: 591 ml-<\/p>","protected":false},"featured_media":53183,"comment_status":"closed","ping_status":"closed","template":"","meta":{"advanced_seo_description":"","jetpack_seo_html_title":"","jetpack_seo_noindex":false},"pwb-brand":[165],"product_brand":[4572],"product_cat":[149],"product_tag":[1221,860,1267,1097,1268,1266,1208],"class_list":{"0":"post-3178","1":"product","2":"type-product","3":"status-publish","4":"has-post-thumbnail","6":"pwb-brand-jarrow-formulas","7":"product_brand-jarrow-formulas","8":"product_cat-superfoods","9":"product_tag-brain","10":"product_tag-energy","11":"product_tag-fat-burning","12":"product_tag-fat-metabolism","13":"product_tag-healthy-fats","14":"product_tag-keto","15":"product_tag-muscles","16":"brand_woo-jarrow-formulas","18":"first","19":"outofstock","20":"taxable","21":"shipping-taxable","22":"purchasable","23":"product-type-simple"},"jetpack_sharing_enabled":true,"brands":[{"id":165,"name":"\"Jarrow Formulas","slug":"jarrow-formulas"}],"_links":{"self":[{"href":"https:\/\/veganova.eu\/lt\/wp-json\/wp\/v2\/product\/3178","targetHints":{"allow":["GET"]}}],"collection":[{"href":"https:\/\/veganova.eu\/lt\/wp-json\/wp\/v2\/product"}],"about":[{"href":"https:\/\/veganova.eu\/lt\/wp-json\/wp\/v2\/types\/product"}],"replies":[{"embeddable":true,"href":"https:\/\/veganova.eu\/lt\/wp-json\/wp\/v2\/comments?post=3178"}],"version-history":[{"count":1,"href":"https:\/\/veganova.eu\/lt\/wp-json\/wp\/v2\/product\/3178\/revisions"}],"predecessor-version":[{"id":57664,"href":"https:\/\/veganova.eu\/lt\/wp-json\/wp\/v2\/product\/3178\/revisions\/57664"}],"wp:featuredmedia":[{"embeddable":true,"href":"https:\/\/veganova.eu\/lt\/wp-json\/wp\/v2\/media\/53183"}],"wp:attachment":[{"href":"https:\/\/veganova.eu\/lt\/wp-json\/wp\/v2\/media?parent=3178"}],"wp:term":[{"taxonomy":"pwb-brand","embeddable":true,"href":"https:\/\/veganova.eu\/lt\/wp-json\/wp\/v2\/pwb-brand?post=3178"},{"taxonomy":"product_brand","embeddable":true,"href":"https:\/\/veganova.eu\/lt\/wp-json\/wp\/v2\/product_brand?post=3178"},{"taxonomy":"product_cat","embeddable":true,"href":"https:\/\/veganova.eu\/lt\/wp-json\/wp\/v2\/product_cat?post=3178"},{"taxonomy":"product_tag","embeddable":true,"href":"https:\/\/veganova.eu\/lt\/wp-json\/wp\/v2\/product_tag?post=3178"}],"curies":[{"name":"wp","href":"https:\/\/api.w.org\/{rel}","templated":true}]}}