{"id":3319,"date":"2023-10-01T17:04:49","date_gmt":"2023-10-01T15:04:49","guid":{"rendered":"https:\/\/veganova.eu\/?post_type=product&#038;p=3319"},"modified":"2026-04-21T07:23:57","modified_gmt":"2026-04-21T05:23:57","slug":"now-foods-artichoke-extract-450mg-90-kaps","status":"publish","type":"product","link":"https:\/\/veganova.eu\/lt\/shop\/now-foods-artichoke-extract-450mg-90-kaps\/","title":{"rendered":"NOW Foods Arti\u0161oko ekstraktas, 450mg (90 kapsuli\u0173)"},"content":{"rendered":"<h3>NOW Foods Arti\u0161oko ekstraktas, 450mg (90 kapsuli\u0173)<\/h3>\n<p>Standardized to 5% Cynarin<br \/>\nSveika kraujagysli\u0173 funkcija<br \/>\nLaisv\u0173j\u0173 radikal\u0173 \u0161alintojas<br \/>\nArtichoke Extract has a long history of use by herbalists as a digestive tonic. Modern scientific studies have confirmed that Artichoke Extract can promote healthy digestive function through its ability to support normal bile flow and fat digestion. In addition, Artichoke Extract features flavonoids (such as luteolin and apigenin) that have been shown to support a healthy vascular system.<\/p>","protected":false},"excerpt":{"rendered":"<p>The vegan nutritional supplement NOW Foods Artichoke Extract, 450mg is suitable for supporting healthy blood vessels, while fighting against the action of free radicals. At the same time, it tones the digestive system and helps metabolize fats. The package contains: 90 capsules. Gluten-free, GMO-free.<\/p>","protected":false},"featured_media":51555,"comment_status":"closed","ping_status":"closed","template":"","meta":{"advanced_seo_description":"","jetpack_seo_html_title":"","jetpack_seo_noindex":false},"pwb-brand":[173],"product_brand":[4580],"product_cat":[2593,2592,596,2600,149],"product_tag":[1067,1235,1094,1153],"class_list":{"0":"post-3319","1":"product","2":"type-product","3":"status-publish","4":"has-post-thumbnail","6":"pwb-brand-now-foods","7":"product_brand-now-foods","8":"product_cat-antioxidants","9":"product_cat-detox","10":"product_cat-digestion","11":"product_cat-inflammation","12":"product_cat-superfoods","13":"product_tag-digestion","14":"product_tag-free-radical-scavenger","15":"product_tag-metabolism","16":"product_tag-vessels","17":"brand_woo-now-foods","19":"first","20":"instock","21":"taxable","22":"shipping-taxable","23":"purchasable","24":"product-type-simple"},"jetpack_sharing_enabled":true,"brands":[{"id":173,"name":"NOW Foods","slug":"now-foods"}],"_links":{"self":[{"href":"https:\/\/veganova.eu\/lt\/wp-json\/wp\/v2\/product\/3319","targetHints":{"allow":["GET"]}}],"collection":[{"href":"https:\/\/veganova.eu\/lt\/wp-json\/wp\/v2\/product"}],"about":[{"href":"https:\/\/veganova.eu\/lt\/wp-json\/wp\/v2\/types\/product"}],"replies":[{"embeddable":true,"href":"https:\/\/veganova.eu\/lt\/wp-json\/wp\/v2\/comments?post=3319"}],"version-history":[{"count":1,"href":"https:\/\/veganova.eu\/lt\/wp-json\/wp\/v2\/product\/3319\/revisions"}],"predecessor-version":[{"id":57767,"href":"https:\/\/veganova.eu\/lt\/wp-json\/wp\/v2\/product\/3319\/revisions\/57767"}],"wp:featuredmedia":[{"embeddable":true,"href":"https:\/\/veganova.eu\/lt\/wp-json\/wp\/v2\/media\/51555"}],"wp:attachment":[{"href":"https:\/\/veganova.eu\/lt\/wp-json\/wp\/v2\/media?parent=3319"}],"wp:term":[{"taxonomy":"pwb-brand","embeddable":true,"href":"https:\/\/veganova.eu\/lt\/wp-json\/wp\/v2\/pwb-brand?post=3319"},{"taxonomy":"product_brand","embeddable":true,"href":"https:\/\/veganova.eu\/lt\/wp-json\/wp\/v2\/product_brand?post=3319"},{"taxonomy":"product_cat","embeddable":true,"href":"https:\/\/veganova.eu\/lt\/wp-json\/wp\/v2\/product_cat?post=3319"},{"taxonomy":"product_tag","embeddable":true,"href":"https:\/\/veganova.eu\/lt\/wp-json\/wp\/v2\/product_tag?post=3319"}],"curies":[{"name":"wp","href":"https:\/\/api.w.org\/{rel}","templated":true}]}}