{"id":3402,"date":"2023-10-01T17:05:22","date_gmt":"2023-10-01T15:05:22","guid":{"rendered":"https:\/\/veganova.eu\/?post_type=product&#038;p=3402"},"modified":"2026-04-21T07:24:02","modified_gmt":"2026-04-21T05:24:02","slug":"now-foods-coq10-60mg-60-kaps","status":"publish","type":"product","link":"https:\/\/veganova.eu\/lt\/shop\/now-foods-coq10-60mg-60-kaps\/","title":{"rendered":"NOW Foods CoQ10, 60 mg (60 kapsuli\u0173)"},"content":{"rendered":"<h3>NOW Foods CoQ10<\/h3>\n<ul>\n<li>Supports heart function<\/li>\n<li>Cellular energy production<\/li>\n<li>Kofermentas Q10 (CoQ10) yra \u012f vitamin\u0105 pana\u0161us junginys, kuris atlieka pagrindin\u012f vaidmen\u012f gaminant l\u0105steli\u0173 energij\u0105.<\/li>\n<li>CoQ10 yra visame organizme, bet ypa\u010d daug jo yra \u0161irdyje, kepenyse ir inkstuose, o su am\u017eiumi jo gamyba ma\u017e\u0117ja.<\/li>\n<li>CoQ10 veikia kaip galingas laisv\u0173j\u0173 radikal\u0173 \u0161alintojas l\u0105steli\u0173 membranose ir kraujagysl\u0117se.<\/li>\n<li>Met\u0173 metus trukusiais moksliniais tyrimais \u012frodyta, kad CoQ10 padeda palaikyti sveik\u0105 \u0161ird\u012f ir kraujagysli\u0173 sistem\u0105.<\/li>\n<li>NOW is pharmaceutical grade CoQ10.<\/li>\n<li>NOW CoQ10 products contain only the natural, all-trans form of CoQ10 produced by fermentation.<\/li>\n<\/ul>","protected":false},"excerpt":{"rendered":"<p>Vegan nutritional supplement NOW Foods CoQ10, 60mg is suitable for a healthy heart and vascular system. The package contains: 60 capsules. Gluten-free, GMO-free.<\/p>","protected":false},"featured_media":53563,"comment_status":"closed","ping_status":"closed","template":"","meta":{"advanced_seo_description":"","jetpack_seo_html_title":"","jetpack_seo_noindex":false},"pwb-brand":[173],"product_brand":[4580],"product_cat":[289,2591,152],"product_tag":[1159,1167,1235,1158,1133],"class_list":{"0":"post-3402","1":"product","2":"type-product","3":"status-publish","4":"has-post-thumbnail","6":"pwb-brand-now-foods","7":"product_brand-now-foods","8":"product_cat-heart-and-blood-vessels","9":"product_cat-liver","10":"product_cat-vitamins-and-minerals","11":"product_tag-aging","12":"product_tag-blood-vessels","13":"product_tag-free-radical-scavenger","14":"product_tag-heart","15":"product_tag-wrinkles","16":"brand_woo-now-foods","18":"first","19":"instock","20":"taxable","21":"shipping-taxable","22":"purchasable","23":"product-type-simple"},"jetpack_sharing_enabled":true,"brands":[{"id":173,"name":"NOW Foods","slug":"now-foods"}],"_links":{"self":[{"href":"https:\/\/veganova.eu\/lt\/wp-json\/wp\/v2\/product\/3402","targetHints":{"allow":["GET"]}}],"collection":[{"href":"https:\/\/veganova.eu\/lt\/wp-json\/wp\/v2\/product"}],"about":[{"href":"https:\/\/veganova.eu\/lt\/wp-json\/wp\/v2\/types\/product"}],"replies":[{"embeddable":true,"href":"https:\/\/veganova.eu\/lt\/wp-json\/wp\/v2\/comments?post=3402"}],"version-history":[{"count":1,"href":"https:\/\/veganova.eu\/lt\/wp-json\/wp\/v2\/product\/3402\/revisions"}],"predecessor-version":[{"id":57834,"href":"https:\/\/veganova.eu\/lt\/wp-json\/wp\/v2\/product\/3402\/revisions\/57834"}],"wp:featuredmedia":[{"embeddable":true,"href":"https:\/\/veganova.eu\/lt\/wp-json\/wp\/v2\/media\/53563"}],"wp:attachment":[{"href":"https:\/\/veganova.eu\/lt\/wp-json\/wp\/v2\/media?parent=3402"}],"wp:term":[{"taxonomy":"pwb-brand","embeddable":true,"href":"https:\/\/veganova.eu\/lt\/wp-json\/wp\/v2\/pwb-brand?post=3402"},{"taxonomy":"product_brand","embeddable":true,"href":"https:\/\/veganova.eu\/lt\/wp-json\/wp\/v2\/product_brand?post=3402"},{"taxonomy":"product_cat","embeddable":true,"href":"https:\/\/veganova.eu\/lt\/wp-json\/wp\/v2\/product_cat?post=3402"},{"taxonomy":"product_tag","embeddable":true,"href":"https:\/\/veganova.eu\/lt\/wp-json\/wp\/v2\/product_tag?post=3402"}],"curies":[{"name":"wp","href":"https:\/\/api.w.org\/{rel}","templated":true}]}}