{"id":3423,"date":"2023-10-01T17:05:33","date_gmt":"2023-10-01T15:05:33","guid":{"rendered":"https:\/\/veganova.eu\/?post_type=product&#038;p=3423"},"modified":"2026-04-21T07:24:04","modified_gmt":"2026-04-21T05:24:04","slug":"now-foods-d-ribose-750mg-120-kaps","status":"publish","type":"product","link":"https:\/\/veganova.eu\/lt\/shop\/now-foods-d-ribose-750mg-120-kaps\/","title":{"rendered":"NOW Foods D-riboz\u0117, 750 mg (120 kapsuli\u0173)"},"content":{"rendered":"<h3>NOW Foods D-riboz\u0117, 750 mg (120 kapsuli\u0173)<\/h3>\n<p>5000 MG<br \/>\nRaumen\u0173 kuras<br \/>\nATP gamyba<br \/>\nRiboz\u0117 yra paprastas cukrus, nat\u016braliai randamas visose gyvose l\u0105stel\u0117se. Riboz\u0117 yra ATP, pagrindin\u0117s energijos formos, naudojamos visiems l\u0105steliniams procesams, strukt\u016brinis pagrindas. ATP prieinamumo poreikis ypa\u010d svarbus \u0161ird\u017eiai ir skeleto raumenims, tod\u0117l riboz\u0117s papildai gali pad\u0117ti palaikyti optimal\u0173 energijos kiek\u012f \u0161iuose audiniuose.<\/p>","protected":false},"excerpt":{"rendered":"<p>Vegan nutritional supplement NOW Foods D-Ribose, 750mg helps to create energy in cells (especially in the heart and muscles). The package contains: 120 capsules. Gluten-free, GMO-free.<\/p>","protected":false},"featured_media":51432,"comment_status":"closed","ping_status":"closed","template":"","meta":{"advanced_seo_description":"","jetpack_seo_html_title":"","jetpack_seo_noindex":false},"pwb-brand":[173],"product_brand":[4580],"product_cat":[225,284,152],"product_tag":[860,1158,1208],"class_list":{"0":"post-3423","1":"product","2":"type-product","3":"status-publish","4":"has-post-thumbnail","6":"pwb-brand-now-foods","7":"product_brand-now-foods","8":"product_cat-carbohydrates","9":"product_cat-trace-elements","10":"product_cat-vitamins-and-minerals","11":"product_tag-energy","12":"product_tag-heart","13":"product_tag-muscles","14":"brand_woo-now-foods","16":"first","17":"instock","18":"taxable","19":"shipping-taxable","20":"purchasable","21":"product-type-simple"},"jetpack_sharing_enabled":true,"brands":[{"id":173,"name":"NOW Foods","slug":"now-foods"}],"_links":{"self":[{"href":"https:\/\/veganova.eu\/lt\/wp-json\/wp\/v2\/product\/3423","targetHints":{"allow":["GET"]}}],"collection":[{"href":"https:\/\/veganova.eu\/lt\/wp-json\/wp\/v2\/product"}],"about":[{"href":"https:\/\/veganova.eu\/lt\/wp-json\/wp\/v2\/types\/product"}],"replies":[{"embeddable":true,"href":"https:\/\/veganova.eu\/lt\/wp-json\/wp\/v2\/comments?post=3423"}],"version-history":[{"count":1,"href":"https:\/\/veganova.eu\/lt\/wp-json\/wp\/v2\/product\/3423\/revisions"}],"predecessor-version":[{"id":57854,"href":"https:\/\/veganova.eu\/lt\/wp-json\/wp\/v2\/product\/3423\/revisions\/57854"}],"wp:featuredmedia":[{"embeddable":true,"href":"https:\/\/veganova.eu\/lt\/wp-json\/wp\/v2\/media\/51432"}],"wp:attachment":[{"href":"https:\/\/veganova.eu\/lt\/wp-json\/wp\/v2\/media?parent=3423"}],"wp:term":[{"taxonomy":"pwb-brand","embeddable":true,"href":"https:\/\/veganova.eu\/lt\/wp-json\/wp\/v2\/pwb-brand?post=3423"},{"taxonomy":"product_brand","embeddable":true,"href":"https:\/\/veganova.eu\/lt\/wp-json\/wp\/v2\/product_brand?post=3423"},{"taxonomy":"product_cat","embeddable":true,"href":"https:\/\/veganova.eu\/lt\/wp-json\/wp\/v2\/product_cat?post=3423"},{"taxonomy":"product_tag","embeddable":true,"href":"https:\/\/veganova.eu\/lt\/wp-json\/wp\/v2\/product_tag?post=3423"}],"curies":[{"name":"wp","href":"https:\/\/api.w.org\/{rel}","templated":true}]}}