{"id":3568,"date":"2023-10-01T17:06:39","date_gmt":"2023-10-01T15:06:39","guid":{"rendered":"https:\/\/veganova.eu\/?post_type=product&#038;p=3568"},"modified":"2026-04-21T07:24:15","modified_gmt":"2026-04-21T05:24:15","slug":"now-foods-magnesium-ascorbate-pure-buffered-powder-227g","status":"publish","type":"product","link":"https:\/\/veganova.eu\/lt\/shop\/now-foods-magnesium-ascorbate-pure-buffered-powder-227g\/","title":{"rendered":"\"NOW Foods\" magnio askorbatas, gryni buferizuoti milteliai (227g)"},"content":{"rendered":"<h3>NOW Foods Magnio askorbatas<\/h3>\n<ul>\n<li>Gryno buferizuoto vitamino C milteliai. Vitaminas C yra labai svarbi maistin\u0117 med\u017eiaga, gerai \u017einoma d\u0117l savo gyvybi\u0161kai svarbaus vaidmens imunin\u0117s sistemos veikloje.<\/li>\n<li>Tai labai veiksmingas antioksidantas, galintis apsaugoti organizmo strukt\u016bras nuo oksidacin\u0117s pa\u017eaidos, kuri atsiranda vykstant normaliai med\u017eiag\u0173 apykaitai.<\/li>\n<li>Vitaminas C taip pat b\u016btinas kolagenui susidaryti, tod\u0117l jis svarbus odos, kaul\u0173 ir s\u0105nari\u0173 sveikatai.<\/li>\n<li>Jis taip pat b\u016btinas aminor\u016bg\u0161\u010di\u0173 apykaitai ir daugelio maistini\u0173 med\u017eiag\u0173, pavyzd\u017eiui, folio r\u016bg\u0161ties ir gele\u017eies, panaudojimui.<\/li>\n<li>Magnio askorbatas yra nekar\u010dios, ner\u016bg\u0161\u010dios, buferizuotos formos gerai tirpus vitaminas C.<\/li>\n<\/ul>","protected":false},"excerpt":{"rendered":"<p>Vegani\u0161kas maisto papildas NOW Foods Magnio askorbatas, gryni milteliai, pakuot\u0117je yra: 227g. Be glitimo, be GMO.<\/p>","protected":false},"featured_media":51689,"comment_status":"closed","ping_status":"closed","template":"","meta":{"advanced_seo_description":"","jetpack_seo_html_title":"","jetpack_seo_noindex":false},"pwb-brand":[173],"product_brand":[4580],"product_cat":[172,2598,2595,152],"product_tag":[1093,860,1117],"class_list":{"0":"post-3568","1":"product","2":"type-product","3":"status-publish","4":"has-post-thumbnail","6":"pwb-brand-now-foods","7":"product_brand-now-foods","8":"product_cat-minerals","9":"product_cat-recovery","10":"product_cat-stress","11":"product_cat-vitamins-and-minerals","12":"product_tag-antioxidant","13":"product_tag-energy","14":"product_tag-immunity","15":"brand_woo-now-foods","17":"first","18":"instock","19":"sale","20":"taxable","21":"shipping-taxable","22":"purchasable","23":"product-type-simple"},"jetpack_sharing_enabled":true,"brands":[{"id":173,"name":"NOW Foods","slug":"now-foods"}],"_links":{"self":[{"href":"https:\/\/veganova.eu\/lt\/wp-json\/wp\/v2\/product\/3568","targetHints":{"allow":["GET"]}}],"collection":[{"href":"https:\/\/veganova.eu\/lt\/wp-json\/wp\/v2\/product"}],"about":[{"href":"https:\/\/veganova.eu\/lt\/wp-json\/wp\/v2\/types\/product"}],"replies":[{"embeddable":true,"href":"https:\/\/veganova.eu\/lt\/wp-json\/wp\/v2\/comments?post=3568"}],"version-history":[{"count":1,"href":"https:\/\/veganova.eu\/lt\/wp-json\/wp\/v2\/product\/3568\/revisions"}],"predecessor-version":[{"id":57983,"href":"https:\/\/veganova.eu\/lt\/wp-json\/wp\/v2\/product\/3568\/revisions\/57983"}],"wp:featuredmedia":[{"embeddable":true,"href":"https:\/\/veganova.eu\/lt\/wp-json\/wp\/v2\/media\/51689"}],"wp:attachment":[{"href":"https:\/\/veganova.eu\/lt\/wp-json\/wp\/v2\/media?parent=3568"}],"wp:term":[{"taxonomy":"pwb-brand","embeddable":true,"href":"https:\/\/veganova.eu\/lt\/wp-json\/wp\/v2\/pwb-brand?post=3568"},{"taxonomy":"product_brand","embeddable":true,"href":"https:\/\/veganova.eu\/lt\/wp-json\/wp\/v2\/product_brand?post=3568"},{"taxonomy":"product_cat","embeddable":true,"href":"https:\/\/veganova.eu\/lt\/wp-json\/wp\/v2\/product_cat?post=3568"},{"taxonomy":"product_tag","embeddable":true,"href":"https:\/\/veganova.eu\/lt\/wp-json\/wp\/v2\/product_tag?post=3568"}],"curies":[{"name":"wp","href":"https:\/\/api.w.org\/{rel}","templated":true}]}}