{"id":3572,"date":"2023-10-01T17:06:41","date_gmt":"2023-10-01T15:06:41","guid":{"rendered":"https:\/\/veganova.eu\/?post_type=product&#038;p=3572"},"modified":"2026-04-21T07:24:15","modified_gmt":"2026-04-21T05:24:15","slug":"now-foods-magnesium-citrate-400mg-120-kaps","status":"publish","type":"product","link":"https:\/\/veganova.eu\/lt\/shop\/now-foods-magnesium-citrate-400mg-120-kaps\/","title":{"rendered":"\"NOW Foods\" magnio citratas, 400 mg (120 kapsuli\u0173)"},"content":{"rendered":"<h3>\"NOW Foods\" magnio citratas, 400 mg (120 kapsuli\u0173)<\/h3>\n<p>Remia energijos gamyb\u0105<br \/>\nLabai svarbus ferment\u0173 funkcijai<br \/>\nMagnis yra mineralas, kuris yra labai svarbus energijos gamybai ir med\u017eiag\u0173 apykaitai, raumen\u0173 susitraukimui, nervini\u0173 impuls\u0173 perdavimui ir kaul\u0173 mineralizacijai. Jis yra b\u016btinas ma\u017edaug 300 ferment\u0173 kofaktorius. Tarp \u0161i\u0173 ferment\u0173 katalizuojam\u0173 reakcij\u0173 yra riebal\u0173 r\u016bg\u0161\u010di\u0173 sintez\u0117, baltym\u0173 sintez\u0117 ir gliukoz\u0117s apykaita. Magnis taip pat svarbus kalcio pusiausvyrai reguliuoti, nes veikia prieskydines liaukas.<\/p>","protected":false},"excerpt":{"rendered":"<p>Vegan nutrition supplement NOW Foods Magnesium Citrate, 400 mg, package contains: 120 tablets. Gluten-free, GMO-free.<\/p>","protected":false},"featured_media":51380,"comment_status":"closed","ping_status":"closed","template":"","meta":{"advanced_seo_description":"","jetpack_seo_html_title":"","jetpack_seo_noindex":false},"pwb-brand":[173],"product_brand":[4580],"product_cat":[172,2598,152],"product_tag":[1208,1197,1079,1126],"class_list":{"0":"post-3572","1":"product","2":"type-product","3":"status-publish","4":"has-post-thumbnail","6":"pwb-brand-now-foods","7":"product_brand-now-foods","8":"product_cat-minerals","9":"product_cat-recovery","10":"product_cat-vitamins-and-minerals","11":"product_tag-muscles","12":"product_tag-regeneration","13":"product_tag-relaxation","14":"product_tag-stress","15":"brand_woo-now-foods","17":"first","18":"instock","19":"taxable","20":"shipping-taxable","21":"purchasable","22":"product-type-simple"},"jetpack_sharing_enabled":true,"brands":[{"id":173,"name":"NOW Foods","slug":"now-foods"}],"_links":{"self":[{"href":"https:\/\/veganova.eu\/lt\/wp-json\/wp\/v2\/product\/3572","targetHints":{"allow":["GET"]}}],"collection":[{"href":"https:\/\/veganova.eu\/lt\/wp-json\/wp\/v2\/product"}],"about":[{"href":"https:\/\/veganova.eu\/lt\/wp-json\/wp\/v2\/types\/product"}],"replies":[{"embeddable":true,"href":"https:\/\/veganova.eu\/lt\/wp-json\/wp\/v2\/comments?post=3572"}],"version-history":[{"count":1,"href":"https:\/\/veganova.eu\/lt\/wp-json\/wp\/v2\/product\/3572\/revisions"}],"predecessor-version":[{"id":57987,"href":"https:\/\/veganova.eu\/lt\/wp-json\/wp\/v2\/product\/3572\/revisions\/57987"}],"wp:featuredmedia":[{"embeddable":true,"href":"https:\/\/veganova.eu\/lt\/wp-json\/wp\/v2\/media\/51380"}],"wp:attachment":[{"href":"https:\/\/veganova.eu\/lt\/wp-json\/wp\/v2\/media?parent=3572"}],"wp:term":[{"taxonomy":"pwb-brand","embeddable":true,"href":"https:\/\/veganova.eu\/lt\/wp-json\/wp\/v2\/pwb-brand?post=3572"},{"taxonomy":"product_brand","embeddable":true,"href":"https:\/\/veganova.eu\/lt\/wp-json\/wp\/v2\/product_brand?post=3572"},{"taxonomy":"product_cat","embeddable":true,"href":"https:\/\/veganova.eu\/lt\/wp-json\/wp\/v2\/product_cat?post=3572"},{"taxonomy":"product_tag","embeddable":true,"href":"https:\/\/veganova.eu\/lt\/wp-json\/wp\/v2\/product_tag?post=3572"}],"curies":[{"name":"wp","href":"https:\/\/api.w.org\/{rel}","templated":true}]}}