{"id":3680,"date":"2023-10-01T17:07:22","date_gmt":"2023-10-01T15:07:22","guid":{"rendered":"https:\/\/veganova.eu\/?post_type=product&#038;p=3680"},"modified":"2026-04-21T07:24:21","modified_gmt":"2026-04-21T05:24:21","slug":"now-foods-same-400mg-30-tab","status":"publish","type":"product","link":"https:\/\/veganova.eu\/lt\/shop\/now-foods-same-400mg-30-tab\/","title":{"rendered":"NOW Foods SAMe, 400 mg (30 tab)"},"content":{"rendered":"<h3>NOW Foods SAMe, 400 mg (30 tab)<\/h3>\n<p>Palaiko emocin\u0119 gerov\u0119<br \/>\nPalaiko s\u0105nari\u0173 sveikat\u0105<br \/>\nDengtas enteriniu apvalkalu<br \/>\nSAMe (S-adenozilmetioninas) - organizmui b\u016bdingas junginys, kuris yra daugelio biochemini\u0173 reakcij\u0173, \u012fskaitant tas, kurios turi \u012ftakos smegen\u0173 biochemijai ir s\u0105nari\u0173 sveikatai, sudedamoji dalis. Daugyb\u0117 tyrim\u0173 parod\u0117, kad SAMe gali pad\u0117ti palengvinti trumpalaikius nedidelius skausmus, atsirandan\u010dius d\u0117l per didelio fizinio kr\u016bvio ar pervargimo. Be to, kadangi SAMe taip pat b\u016btinas neuromediatori\u0173 sintezei, jis atlieka svarb\u0173 vaidmen\u012f palaikant nuotaik\u0105. NOW SAMe yra dengtas enteriniu apvalkalu, tod\u0117l labai gerai toleruojamas ir apsaugotas nuo irimo.<\/p>","protected":false},"excerpt":{"rendered":"<p>Vegani\u0161kas maisto papildas NOW Foods SAMe, 400 mg, skirtas sveikiems s\u0105nariams ir subalansuotai emocinei sveikatai palaikyti. Pakuot\u0117je yra: Sud\u0117tyje yra 30 kapsuli\u0173. Be glitimo.<\/p>","protected":false},"featured_media":51540,"comment_status":"closed","ping_status":"closed","template":"","meta":{"advanced_seo_description":"","jetpack_seo_html_title":"","jetpack_seo_noindex":false},"pwb-brand":[173],"product_brand":[4580],"product_cat":[294,143],"product_tag":[1384,1272],"class_list":{"0":"post-3680","1":"product","2":"type-product","3":"status-publish","4":"has-post-thumbnail","6":"pwb-brand-now-foods","7":"product_brand-now-foods","8":"product_cat-for-seniors","9":"product_cat-health-issues","10":"product_tag-emotional-health","11":"product_tag-healthy-joints","12":"brand_woo-now-foods","14":"first","15":"instock","16":"taxable","17":"shipping-taxable","18":"purchasable","19":"product-type-simple"},"jetpack_sharing_enabled":true,"brands":[{"id":173,"name":"NOW Foods","slug":"now-foods"}],"_links":{"self":[{"href":"https:\/\/veganova.eu\/lt\/wp-json\/wp\/v2\/product\/3680","targetHints":{"allow":["GET"]}}],"collection":[{"href":"https:\/\/veganova.eu\/lt\/wp-json\/wp\/v2\/product"}],"about":[{"href":"https:\/\/veganova.eu\/lt\/wp-json\/wp\/v2\/types\/product"}],"replies":[{"embeddable":true,"href":"https:\/\/veganova.eu\/lt\/wp-json\/wp\/v2\/comments?post=3680"}],"version-history":[{"count":1,"href":"https:\/\/veganova.eu\/lt\/wp-json\/wp\/v2\/product\/3680\/revisions"}],"predecessor-version":[{"id":58070,"href":"https:\/\/veganova.eu\/lt\/wp-json\/wp\/v2\/product\/3680\/revisions\/58070"}],"wp:featuredmedia":[{"embeddable":true,"href":"https:\/\/veganova.eu\/lt\/wp-json\/wp\/v2\/media\/51540"}],"wp:attachment":[{"href":"https:\/\/veganova.eu\/lt\/wp-json\/wp\/v2\/media?parent=3680"}],"wp:term":[{"taxonomy":"pwb-brand","embeddable":true,"href":"https:\/\/veganova.eu\/lt\/wp-json\/wp\/v2\/pwb-brand?post=3680"},{"taxonomy":"product_brand","embeddable":true,"href":"https:\/\/veganova.eu\/lt\/wp-json\/wp\/v2\/product_brand?post=3680"},{"taxonomy":"product_cat","embeddable":true,"href":"https:\/\/veganova.eu\/lt\/wp-json\/wp\/v2\/product_cat?post=3680"},{"taxonomy":"product_tag","embeddable":true,"href":"https:\/\/veganova.eu\/lt\/wp-json\/wp\/v2\/product_tag?post=3680"}],"curies":[{"name":"wp","href":"https:\/\/api.w.org\/{rel}","templated":true}]}}