{"id":3812,"date":"2023-10-01T17:08:25","date_gmt":"2023-10-01T15:08:25","guid":{"rendered":"https:\/\/veganova.eu\/?post_type=product&#038;p=3812"},"modified":"2026-04-21T07:24:30","modified_gmt":"2026-04-21T05:24:30","slug":"revive-daily-greens-180-kaps","status":"publish","type":"product","link":"https:\/\/veganova.eu\/lt\/shop\/revive-daily-greens-180-kaps\/","title":{"rendered":"\"Revive Daily Greens\" (180 kapsuli\u0173)"},"content":{"rendered":"<h3>\"Revive Daily Greens<\/h3>\n<ul>\n<li>\"Daily Greens\" formul\u0117je yra daug nauding\u0173 maistini\u0173 med\u017eiag\u0173, gaunam\u0173 i\u0161 uog\u0173, vaisi\u0173 ir dar\u017eovi\u0173, kurios palaiko sveik\u0105 ir subalansuot\u0105 mityb\u0105.<\/li>\n<li>Kiekvienoje kapsul\u0117je yra \"supermaisto\" mi\u0161inys, kuriame gausu antioksidant\u0173 ir galing\u0173 augalini\u0173 maistini\u0173 med\u017eiag\u0173, padedan\u010di\u0173 ma\u017einti u\u017edegim\u0105 ir didinti energijos kiek\u012f.<\/li>\n<li>\u0160i visavert\u0117 formul\u0117 padeda palaikyti antioksidacin\u012f aktyvum\u0105 ir gali pad\u0117ti apsaugoti organizm\u0105 nuo l\u0105steli\u0173 streso.<\/li>\n<li>\"Daily Greens\" buvo sukurta \u017emon\u0117ms, kuri\u0173 mityboje ma\u017eai vaisi\u0173 ir dar\u017eovi\u0173. Kitaip tariant, jei per dien\u0105 suvartojate ma\u017eiau vaisi\u0173 ir dar\u017eovi\u0173 nei rekomenduojama, \u0161is papildas skirtas jums.<\/li>\n<li>Kasdien vartojant \u0161i\u0105 nat\u016brali\u0105 kompozicij\u0105 galima pagerinti antioksidacin\u012f aktyvum\u0105, palaikyti nat\u016bralius detoksikacijos procesus, be to, ji pasi\u017eymi dideliu ORAC (deguonies radikal\u0173 absorbcijos paj\u0117gumu).<\/li>\n<li>\"Daily Greens\" kapsul\u0117se n\u0117ra glitimo ir pieno.<\/li>\n<\/ul>","protected":false},"excerpt":{"rendered":"<p>Vegani\u0161kas maisto papildas \"Revive Daily Greens\" tinka maksimaliam sveik\u0173 med\u017eiag\u0173 i\u0161 vaisi\u0173 ir dar\u017eovi\u0173 vartojimui ir \u012fsisavinimui. Jis pasi\u017eymi antioksidaciniu ir prie\u0161u\u017edegiminiu poveikiu. Pakuot\u0117je yra: Sud\u0117tyje yra 180 kapsuli\u0173. Be glitimo.<\/p>","protected":false},"featured_media":53419,"comment_status":"closed","ping_status":"closed","template":"","meta":{"advanced_seo_description":"","jetpack_seo_html_title":"","jetpack_seo_noindex":false},"pwb-brand":[406],"product_brand":[4719],"product_cat":[149],"product_tag":[1414,1037,1067,1117,1380,1153],"class_list":{"0":"post-3812","1":"product","2":"type-product","3":"status-publish","4":"has-post-thumbnail","6":"pwb-brand-revive","7":"product_brand-revive","8":"product_cat-superfoods","9":"product_tag-antioxidants","10":"product_tag-detox","11":"product_tag-digestion","12":"product_tag-immunity","13":"product_tag-oxidative-stress","14":"product_tag-vessels","15":"brand_woo-revive","17":"first","18":"instock","19":"sale","20":"taxable","21":"shipping-taxable","22":"purchasable","23":"product-type-simple"},"jetpack_sharing_enabled":true,"brands":[{"id":406,"name":"Atgaivinti","slug":"revive"}],"_links":{"self":[{"href":"https:\/\/veganova.eu\/lt\/wp-json\/wp\/v2\/product\/3812","targetHints":{"allow":["GET"]}}],"collection":[{"href":"https:\/\/veganova.eu\/lt\/wp-json\/wp\/v2\/product"}],"about":[{"href":"https:\/\/veganova.eu\/lt\/wp-json\/wp\/v2\/types\/product"}],"replies":[{"embeddable":true,"href":"https:\/\/veganova.eu\/lt\/wp-json\/wp\/v2\/comments?post=3812"}],"version-history":[{"count":1,"href":"https:\/\/veganova.eu\/lt\/wp-json\/wp\/v2\/product\/3812\/revisions"}],"predecessor-version":[{"id":58185,"href":"https:\/\/veganova.eu\/lt\/wp-json\/wp\/v2\/product\/3812\/revisions\/58185"}],"wp:featuredmedia":[{"embeddable":true,"href":"https:\/\/veganova.eu\/lt\/wp-json\/wp\/v2\/media\/53419"}],"wp:attachment":[{"href":"https:\/\/veganova.eu\/lt\/wp-json\/wp\/v2\/media?parent=3812"}],"wp:term":[{"taxonomy":"pwb-brand","embeddable":true,"href":"https:\/\/veganova.eu\/lt\/wp-json\/wp\/v2\/pwb-brand?post=3812"},{"taxonomy":"product_brand","embeddable":true,"href":"https:\/\/veganova.eu\/lt\/wp-json\/wp\/v2\/product_brand?post=3812"},{"taxonomy":"product_cat","embeddable":true,"href":"https:\/\/veganova.eu\/lt\/wp-json\/wp\/v2\/product_cat?post=3812"},{"taxonomy":"product_tag","embeddable":true,"href":"https:\/\/veganova.eu\/lt\/wp-json\/wp\/v2\/product_tag?post=3812"}],"curies":[{"name":"wp","href":"https:\/\/api.w.org\/{rel}","templated":true}]}}