{"id":47767,"date":"2024-09-15T12:28:38","date_gmt":"2024-09-15T10:28:38","guid":{"rendered":"https:\/\/veganova.eu\/?post_type=product&#038;p=47767"},"modified":"2026-04-21T07:25:54","modified_gmt":"2026-04-21T05:25:54","slug":"trained-by-jp-cream-of-rice-banoffee-2000g","status":"publish","type":"product","link":"https:\/\/veganova.eu\/lt\/shop\/trained-by-jp-cream-of-rice-banoffee-2000g\/","title":{"rendered":"\"Trained by JP\" ry\u017ei\u0173 kremas, \"Banoffee\" - 2000g"},"content":{"rendered":"<h3>\"Trained by JP\" ry\u017ei\u0173 kremas, \"Banoffee\" - 2000g<\/h3>\n<p>Kod\u0117l ry\u017ei\u0173 kremas?<\/p>\n<p>Pasiruo\u0161imo, tarpsezonio ar bet kurio kito treniruo\u010di\u0173 etapo metu, valgydami skani\u0173 skonio dalyk\u0173, o ne nuobod\u017ei\u0173 ry\u017ei\u0173, galite laikytis dietos, nes da\u017enai tai atrodys kaip skan\u0117stas, bet j\u012f bus lengva \u012ftraukti \u012f dienos angliavandeni\u0173 poreik\u012f.<\/p>\n<p>Ne sezono metu, kai maistas gali b\u016bti didesnis, vir\u0161kinimas da\u017enai gali tapti \u0161iek tiek sunkesnis, tod\u0117l \u0161iame etape, tur\u0117dami \u012fvairi\u0173 skoni\u0173, kurie visada puikiai vir\u0161kinami , gal\u0117site i\u0161laikyti apetit\u0105 ir siekti pa\u017eangos.<\/p>\n<p>JP pats daug d\u0117mesio skiria vir\u0161kinimui, nes jo k\u016bno svoris ir suvartojam\u0173 kalorij\u0173 kiekis yra labai dideli, tod\u0117l visk\u0105, k\u0105 gaminame, jis i\u0161bando ir patikrina, kad b\u016bt\u0173 u\u017etikrinta, jog sud\u0117tyje n\u0117ra per daug saldikli\u0173, kad skonis n\u0117ra per stiprus - visi dalykai, kurie yra svarb\u016bs, kai i\u0161 tikr\u0173j\u0173 gyveni ir kv\u0117puoji kult\u016brizmu.<\/p>\n<p>2 kg COR yra 13 skani\u0173 skoni\u0173, kad j\u016bs\u0173 skonio receptoriai b\u016bt\u0173 patenkinti!<\/p>\n<p>Greitai veikiantys angliavandeniai<\/p>\n<pre><code>Incredible Taste\nEasy to Mix\nPerfectly Digested\n2KG is 80x 25g servings \n<\/code><\/pre>","protected":false},"excerpt":{"rendered":"<p>Power fitness breakfast Trained by JP Cream of Rice, flavor: Banoffee. Content: 2000g. Certification: vegan, vegetarian, gluten free.<\/p>","protected":false},"featured_media":47366,"comment_status":"closed","ping_status":"closed","template":"","meta":{"advanced_seo_description":"","jetpack_seo_html_title":"","jetpack_seo_noindex":false},"pwb-brand":[2217],"product_brand":[4954],"product_cat":[225,132],"product_tag":[],"class_list":{"0":"post-47767","1":"product","2":"type-product","3":"status-publish","4":"has-post-thumbnail","6":"pwb-brand-trained-by-jp","7":"product_brand-trained-by-jp","8":"product_cat-carbohydrates","9":"product_cat-sports-nutrition","10":"brand_woo-trained-by-jp","12":"first","13":"instock","14":"taxable","15":"shipping-taxable","16":"purchasable","17":"product-type-simple"},"jetpack_sharing_enabled":true,"brands":[{"id":2217,"name":"Apmokytas JP","slug":"trained-by-jp"}],"_links":{"self":[{"href":"https:\/\/veganova.eu\/lt\/wp-json\/wp\/v2\/product\/47767","targetHints":{"allow":["GET"]}}],"collection":[{"href":"https:\/\/veganova.eu\/lt\/wp-json\/wp\/v2\/product"}],"about":[{"href":"https:\/\/veganova.eu\/lt\/wp-json\/wp\/v2\/types\/product"}],"replies":[{"embeddable":true,"href":"https:\/\/veganova.eu\/lt\/wp-json\/wp\/v2\/comments?post=47767"}],"version-history":[{"count":1,"href":"https:\/\/veganova.eu\/lt\/wp-json\/wp\/v2\/product\/47767\/revisions"}],"predecessor-version":[{"id":59220,"href":"https:\/\/veganova.eu\/lt\/wp-json\/wp\/v2\/product\/47767\/revisions\/59220"}],"wp:featuredmedia":[{"embeddable":true,"href":"https:\/\/veganova.eu\/lt\/wp-json\/wp\/v2\/media\/47366"}],"wp:attachment":[{"href":"https:\/\/veganova.eu\/lt\/wp-json\/wp\/v2\/media?parent=47767"}],"wp:term":[{"taxonomy":"pwb-brand","embeddable":true,"href":"https:\/\/veganova.eu\/lt\/wp-json\/wp\/v2\/pwb-brand?post=47767"},{"taxonomy":"product_brand","embeddable":true,"href":"https:\/\/veganova.eu\/lt\/wp-json\/wp\/v2\/product_brand?post=47767"},{"taxonomy":"product_cat","embeddable":true,"href":"https:\/\/veganova.eu\/lt\/wp-json\/wp\/v2\/product_cat?post=47767"},{"taxonomy":"product_tag","embeddable":true,"href":"https:\/\/veganova.eu\/lt\/wp-json\/wp\/v2\/product_tag?post=47767"}],"curies":[{"name":"wp","href":"https:\/\/api.w.org\/{rel}","templated":true}]}}