{"id":47805,"date":"2024-09-15T12:29:13","date_gmt":"2024-09-15T10:29:13","guid":{"rendered":"https:\/\/veganova.eu\/?post_type=product&#038;p=47805"},"modified":"2026-04-21T07:25:56","modified_gmt":"2026-04-21T05:25:56","slug":"applied-nutrition-cream-of-rice-unflavoured-1000g","status":"publish","type":"product","link":"https:\/\/veganova.eu\/lt\/shop\/applied-nutrition-cream-of-rice-unflavoured-1000g\/","title":{"rendered":"Applied Nutrition Ry\u017ei\u0173 grietin\u0117l\u0117 be skonio - 1000g"},"content":{"rendered":"<h3>Applied Nutrition Ry\u017ei\u0173 grietin\u0117l\u0117 be skonio - 1000g<\/h3>\n<p>PUIKUS ANGLIAVANDENI\u0172 U\u017dKANDIS!<\/p>\n<p>30 g porcijoje<br \/>\n24 g angliavandeni\u0173 | 106 kalorij\u0173<\/p>\n<p>1 kg | 33 porcijos<\/p>\n<p>DAUG ANGLIAVANDENI\u0172 TURINTIS MAISTO PAPILDAS SU SALDIKLIU<\/p>\n<p>Ry\u017ei\u0173 grietin\u0117l\u0117 yra puikus angliavandeni\u0173 \u0161altinis, kur\u012f lengva valgyti ir kuris yra skanus. Tai puikus energijos \u0161altinis, tinkantis veganams, kad jaustum\u0117t\u0117s sot\u016bs ir pasiruo\u0161\u0119 b\u016bsimai dienai.<\/p>","protected":false},"excerpt":{"rendered":"<p>Puikus rytinis sveikatingumo patiekalas Applied Nutrition Ry\u017ei\u0173 grietin\u0117l\u0117, skonis: be skonio. Sud\u0117tis: 1000g. Sertifikavimas: Sud\u0117tis: vegani\u0161ka, halal.<\/p>","protected":false},"featured_media":52291,"comment_status":"closed","ping_status":"closed","template":"","meta":{"advanced_seo_description":"","jetpack_seo_html_title":"","jetpack_seo_noindex":false},"pwb-brand":[202],"product_brand":[4592],"product_cat":[225,132],"product_tag":[],"class_list":{"0":"post-47805","1":"product","2":"type-product","3":"status-publish","4":"has-post-thumbnail","6":"pwb-brand-applied-nutrition","7":"product_brand-applied-nutrition","8":"product_cat-carbohydrates","9":"product_cat-sports-nutrition","10":"brand_woo-applied-nutrition","12":"first","13":"instock","14":"taxable","15":"shipping-taxable","16":"purchasable","17":"product-type-simple"},"jetpack_sharing_enabled":true,"brands":[{"id":202,"name":"Taikomoji mityba","slug":"applied-nutrition"}],"_links":{"self":[{"href":"https:\/\/veganova.eu\/lt\/wp-json\/wp\/v2\/product\/47805","targetHints":{"allow":["GET"]}}],"collection":[{"href":"https:\/\/veganova.eu\/lt\/wp-json\/wp\/v2\/product"}],"about":[{"href":"https:\/\/veganova.eu\/lt\/wp-json\/wp\/v2\/types\/product"}],"replies":[{"embeddable":true,"href":"https:\/\/veganova.eu\/lt\/wp-json\/wp\/v2\/comments?post=47805"}],"version-history":[{"count":1,"href":"https:\/\/veganova.eu\/lt\/wp-json\/wp\/v2\/product\/47805\/revisions"}],"predecessor-version":[{"id":59238,"href":"https:\/\/veganova.eu\/lt\/wp-json\/wp\/v2\/product\/47805\/revisions\/59238"}],"wp:featuredmedia":[{"embeddable":true,"href":"https:\/\/veganova.eu\/lt\/wp-json\/wp\/v2\/media\/52291"}],"wp:attachment":[{"href":"https:\/\/veganova.eu\/lt\/wp-json\/wp\/v2\/media?parent=47805"}],"wp:term":[{"taxonomy":"pwb-brand","embeddable":true,"href":"https:\/\/veganova.eu\/lt\/wp-json\/wp\/v2\/pwb-brand?post=47805"},{"taxonomy":"product_brand","embeddable":true,"href":"https:\/\/veganova.eu\/lt\/wp-json\/wp\/v2\/product_brand?post=47805"},{"taxonomy":"product_cat","embeddable":true,"href":"https:\/\/veganova.eu\/lt\/wp-json\/wp\/v2\/product_cat?post=47805"},{"taxonomy":"product_tag","embeddable":true,"href":"https:\/\/veganova.eu\/lt\/wp-json\/wp\/v2\/product_tag?post=47805"}],"curies":[{"name":"wp","href":"https:\/\/api.w.org\/{rel}","templated":true}]}}