{"id":47815,"date":"2024-09-15T12:29:22","date_gmt":"2024-09-15T10:29:22","guid":{"rendered":"https:\/\/veganova.eu\/?post_type=product&#038;p=47815"},"modified":"2026-04-26T02:21:35","modified_gmt":"2026-04-26T00:21:35","slug":"applied-nutrition-critical-greens-lemon-lime-150g","status":"publish","type":"product","link":"https:\/\/veganova.eu\/lt\/shop\/applied-nutrition-critical-greens-lemon-lime-150g\/","title":{"rendered":"Applied Nutrition Kritiniai \u017ealumynai, citrina ir laimas - 150g"},"content":{"rendered":"<h3>Applied Nutrition Kritiniai \u017ealumynai, citrina ir laimas - 150g<\/h3>\n<p>\"Critical Greens\" sud\u0117tyje yra 17 super\u017eali\u0173 ekstrakt\u0173, \u012fskaitant brokoli\u0173, salier\u0173, \u0161pinat\u0173, kvie\u010di\u0173 \u017eol\u0117s ir lapini\u0173 kop\u016bst\u0173 miltelius. M\u016bs\u0173 \"Critical\" mi\u0161in\u012f galima tiesiog \u012fmai\u0161yti \u012f baltym\u0173 kokteil\u012f, vaisi\u0173 kokteil\u012f arba sumai\u0161yti su vandeniu, kad skonis b\u016bt\u0173 gaivus ir nat\u016bralus.<\/p>\n<p>PAGRINDINIAI PRIVALUMAI<\/p>\n<p>Galutinis atleti\u0161kas super \u017ealumyn\u0173 mi\u0161inys<br \/>\nNaudojamas kartu su penkiomis dienomis<br \/>\n17 super\u017eali\u0173 ingredient\u0173<br \/>\n\u0160vie\u017eias nat\u016bralus skonis<br \/>\nTinka veganams ir vegetarams<br \/>\nHalal sertifikuotas produktas<\/p>","protected":false},"excerpt":{"rendered":"<p>Supermaisto g\u0117rimas milteli\u0173 pavidalu Applied Nutrition Critical Greens, su skoniu: citrinos ir laimo. Sud\u0117tis: 150g. Sertifikatas: Sud\u0117tis: vegani\u0161ka, vegetari\u0161ka, halal.<\/p>","protected":false},"featured_media":52021,"comment_status":"closed","ping_status":"closed","template":"","meta":{"advanced_seo_description":"","jetpack_seo_html_title":"","jetpack_seo_noindex":false},"pwb-brand":[202],"product_brand":[4592],"product_cat":[149],"product_tag":[],"class_list":{"0":"post-47815","1":"product","2":"type-product","3":"status-publish","4":"has-post-thumbnail","6":"pwb-brand-applied-nutrition","7":"product_brand-applied-nutrition","8":"product_cat-superfoods","9":"brand_woo-applied-nutrition","11":"first","12":"instock","13":"taxable","14":"shipping-taxable","15":"purchasable","16":"product-type-simple"},"jetpack_sharing_enabled":true,"brands":[{"id":202,"name":"Taikomoji mityba","slug":"applied-nutrition"}],"_links":{"self":[{"href":"https:\/\/veganova.eu\/lt\/wp-json\/wp\/v2\/product\/47815","targetHints":{"allow":["GET"]}}],"collection":[{"href":"https:\/\/veganova.eu\/lt\/wp-json\/wp\/v2\/product"}],"about":[{"href":"https:\/\/veganova.eu\/lt\/wp-json\/wp\/v2\/types\/product"}],"replies":[{"embeddable":true,"href":"https:\/\/veganova.eu\/lt\/wp-json\/wp\/v2\/comments?post=47815"}],"version-history":[{"count":1,"href":"https:\/\/veganova.eu\/lt\/wp-json\/wp\/v2\/product\/47815\/revisions"}],"predecessor-version":[{"id":59243,"href":"https:\/\/veganova.eu\/lt\/wp-json\/wp\/v2\/product\/47815\/revisions\/59243"}],"wp:featuredmedia":[{"embeddable":true,"href":"https:\/\/veganova.eu\/lt\/wp-json\/wp\/v2\/media\/52021"}],"wp:attachment":[{"href":"https:\/\/veganova.eu\/lt\/wp-json\/wp\/v2\/media?parent=47815"}],"wp:term":[{"taxonomy":"pwb-brand","embeddable":true,"href":"https:\/\/veganova.eu\/lt\/wp-json\/wp\/v2\/pwb-brand?post=47815"},{"taxonomy":"product_brand","embeddable":true,"href":"https:\/\/veganova.eu\/lt\/wp-json\/wp\/v2\/product_brand?post=47815"},{"taxonomy":"product_cat","embeddable":true,"href":"https:\/\/veganova.eu\/lt\/wp-json\/wp\/v2\/product_cat?post=47815"},{"taxonomy":"product_tag","embeddable":true,"href":"https:\/\/veganova.eu\/lt\/wp-json\/wp\/v2\/product_tag?post=47815"}],"curies":[{"name":"wp","href":"https:\/\/api.w.org\/{rel}","templated":true}]}}