{"id":47867,"date":"2024-09-15T12:30:19","date_gmt":"2024-09-15T10:30:19","guid":{"rendered":"https:\/\/veganova.eu\/?post_type=product&#038;p=47867"},"modified":"2026-04-21T07:25:58","modified_gmt":"2026-04-21T05:25:58","slug":"garden-of-life-dr-formulated-organic-digest-tropical-fruit-90-chewables","status":"publish","type":"product","link":"https:\/\/veganova.eu\/lt\/shop\/garden-of-life-dr-formulated-organic-digest-tropical-fruit-90-chewables\/","title":{"rendered":"Garden of Life Dr. Formulated Organic Digest+, tropiniai vaisiai - 90 kramtom\u0173j\u0173 table\u010di\u0173"},"content":{"rendered":"<h3>Garden of Life Dr. Formulated Organic Digest+, tropiniai vaisiai - 90 kramtom\u0173j\u0173 table\u010di\u0173<\/h3>\n<p>\"Enzymes Organic Digest+\" yra pirmasis ir vienintelis USDA sertifikuotas ekologi\u0161kas ir geneti\u0161kai nemodifikuotas skanus kramtomasis vegani\u0161kas fermentas. Pagamintas i\u0161 ekologi\u0161k\u0173 sveik\u0173 maisto produkt\u0173 ir patvirtintas \"Non-GMO Project Verified\", jo sud\u0117tyje yra 29 vaisi\u0173 ir dar\u017eovi\u0173 milteliai kartu su atrinktu galing\u0173 vir\u0161kinimo ferment\u0173 mi\u0161iniu.<\/p>\n<p>Pagrindiniai privalumai:<\/p>\n<p>29 ekologi\u0161ki vaisiai ir dar\u017eov\u0117s<br \/>\n13 vir\u0161kinimo ferment\u0173 (120 000 vienet\u0173 papaino)<br \/>\nSkanus tropini\u0173 vaisi\u0173 skonio kramtomosios tablet\u0117s<\/p>\n<p>Informacija apie mityb\u0105:<\/p>\n<p>Be pieno produkt\u0173<br \/>\nBe sojos<br \/>\nBe glitimo<br \/>\nVegan<br \/>\nVegetari\u0161kas<\/p>","protected":false},"excerpt":{"rendered":"<p>Kramtomieji fermentai \"Garden of Life Dr. Formulated Organic Digesst+\" palaiko sveik\u0105 vir\u0161kinim\u0105. Skonis: Atogr\u0105\u017e\u0173 vaisiai. Pakuot\u0117s turinys: Sud\u0117tis: 90 kramtom\u0173j\u0173 table\u010di\u0173. Sertifikavimas: \u017duvis yra i\u0161tirpusi: Vegetari\u0161kas, vegani\u0161kas, be sojos, be glitimo, be GMO.<\/p>","protected":false},"featured_media":51879,"comment_status":"closed","ping_status":"closed","template":"","meta":{"advanced_seo_description":"","jetpack_seo_html_title":"","jetpack_seo_noindex":false},"pwb-brand":[303],"product_brand":[4625],"product_cat":[596,143],"product_tag":[],"class_list":{"0":"post-47867","1":"product","2":"type-product","3":"status-publish","4":"has-post-thumbnail","6":"pwb-brand-garden-of-life","7":"product_brand-garden-of-life","8":"product_cat-digestion","9":"product_cat-health-issues","10":"brand_woo-garden-of-life","12":"first","13":"instock","14":"sale","15":"taxable","16":"shipping-taxable","17":"purchasable","18":"product-type-simple"},"jetpack_sharing_enabled":true,"brands":[{"id":303,"name":"Gyvenimo sodas","slug":"garden-of-life"}],"_links":{"self":[{"href":"https:\/\/veganova.eu\/lt\/wp-json\/wp\/v2\/product\/47867","targetHints":{"allow":["GET"]}}],"collection":[{"href":"https:\/\/veganova.eu\/lt\/wp-json\/wp\/v2\/product"}],"about":[{"href":"https:\/\/veganova.eu\/lt\/wp-json\/wp\/v2\/types\/product"}],"replies":[{"embeddable":true,"href":"https:\/\/veganova.eu\/lt\/wp-json\/wp\/v2\/comments?post=47867"}],"version-history":[{"count":1,"href":"https:\/\/veganova.eu\/lt\/wp-json\/wp\/v2\/product\/47867\/revisions"}],"predecessor-version":[{"id":59266,"href":"https:\/\/veganova.eu\/lt\/wp-json\/wp\/v2\/product\/47867\/revisions\/59266"}],"wp:featuredmedia":[{"embeddable":true,"href":"https:\/\/veganova.eu\/lt\/wp-json\/wp\/v2\/media\/51879"}],"wp:attachment":[{"href":"https:\/\/veganova.eu\/lt\/wp-json\/wp\/v2\/media?parent=47867"}],"wp:term":[{"taxonomy":"pwb-brand","embeddable":true,"href":"https:\/\/veganova.eu\/lt\/wp-json\/wp\/v2\/pwb-brand?post=47867"},{"taxonomy":"product_brand","embeddable":true,"href":"https:\/\/veganova.eu\/lt\/wp-json\/wp\/v2\/product_brand?post=47867"},{"taxonomy":"product_cat","embeddable":true,"href":"https:\/\/veganova.eu\/lt\/wp-json\/wp\/v2\/product_cat?post=47867"},{"taxonomy":"product_tag","embeddable":true,"href":"https:\/\/veganova.eu\/lt\/wp-json\/wp\/v2\/product_tag?post=47867"}],"curies":[{"name":"wp","href":"https:\/\/api.w.org\/{rel}","templated":true}]}}