{"id":47899,"date":"2024-09-15T12:30:56","date_gmt":"2024-09-15T10:30:56","guid":{"rendered":"https:\/\/veganova.eu\/?post_type=product&#038;p=47899"},"modified":"2026-04-21T07:25:59","modified_gmt":"2026-04-21T05:25:59","slug":"zenwise-green-coffee-bean-extract-60-caps","status":"publish","type":"product","link":"https:\/\/veganova.eu\/lt\/shop\/zenwise-green-coffee-bean-extract-60-caps\/","title":{"rendered":"\"Zenwise\" \u017ealiosios kavos pupeli\u0173 ekstraktas - 60 kapsuli\u0173"},"content":{"rendered":"<h3>\"Zenwise\" \u017ealiosios kavos pupeli\u0173 ekstraktas - 60 kapsuli\u0173<\/h3>\n<p>\u017daliosios kavos pupeli\u0173 ekstraktas su \u017eali\u0105ja arbata - tai augalin\u0117s kilm\u0117s papildas, skirtas med\u017eiag\u0173 apykaitai skatinti, svoriui reguliuoti ir sveikai energijai suteikti.<\/p>\n<p>\u0160ioje AVA sertifikuotoje vegani\u0161koje, geneti\u0161kai nemodifikuotoje formul\u0117je yra 500 mg \u017ealiosios kavos pupeli\u0173 ir 256 mg \u017ealiosios arbatos. Kartu su dieta ir fiziniais pratimais \u017ealiosios kavos pupeli\u0173 ekstraktas su \u017eali\u0105ja arbata gali pad\u0117ti numesti svorio, nes skatina med\u017eiag\u0173 apykait\u0105 ir ma\u017eina angliavandeni\u0173 \u012fsisavinim\u0105. \u0160i formul\u0117 taip pat skatina \u0161irdies ir kognityvin\u0119 sveikat\u0105 kasdienei gerai savijautai.<\/p>\n<p>Tyrimai rodo, kad \u017ealiosios kavos pupel\u0117s gali pad\u0117ti reguliuoti cukraus kiek\u012f kraujyje, pagerinti \u0161irdies ir kraujagysli\u0173 sistemos sveikat\u0105 ir skatinti sveik\u0105 cholesterolio kiek\u012f kraujyje, kuris jau yra normalus.<\/p>\n<p>\u017daliosios arbatos ekstraktas yra nat\u016bralus antioksidanto EGCG \u0161altinis, kuris apsaugo nuo laisv\u0173j\u0173 radikal\u0173 \u017ealos. Jis taip pat palaiko svorio kontrol\u0119, \u0161irdies ir cholesterolio sveikat\u0105, pa\u017einim\u0105, protin\u012f susikaupim\u0105 ir sveik\u0105 energijos lyg\u012f.<\/p>\n<p>\u017daliosios kavos pupeli\u0173 ekstraktas su \u017eali\u0105ja arbata yra AVA sertifikuoti veganai. Nereikia \u0161aldyti. Si\u016blome vartoti po 1 kapsul\u0119 iki dviej\u0173 kart\u0173 per dien\u0105.<\/p>\n<p>\u0160is produktas n\u0117ra skirtas naudoti kaip \"svorio metimo\" papildas ir jo netur\u0117t\u0173 vartoti jaunesni nei 18 met\u0173 asmenys.<\/p>\n<p>500 mg \u017ealiosios kavos pupeli\u0173 ekstrakto<br \/>\n256 mg \u017ealiosios arbatos ekstrakto<br \/>\nPalaiko svorio valdym\u0105<br \/>\nPadeda skatinti med\u017eiag\u0173 apykait\u0105<br \/>\nPalaiko kognityvin\u0119 sveikat\u0105 ir protin\u012f d\u0117mes\u012f<br \/>\nPalaikyti \u0161irdies ir kraujagysli\u0173 sveikat\u0105<br \/>\nSkatina sveik\u0105 cholesterolio kiek\u012f<br \/>\nSuteikia antioksidacin\u0119 apsaug\u0105<\/p>","protected":false},"excerpt":{"rendered":"<p>Zenwise \u017ealiosios kavos pupeli\u0173 ekstraktas yra sukurtas taip, kad pad\u0117t\u0173 pagreitinti med\u017eiag\u0173 apykait\u0105, palaikyt\u0173 svorio valdym\u0105 ir suteikt\u0173 sveikos energijos. Sud\u0117tis: Sud\u0117tis: 60 kapsuli\u0173. Sertifikatas: vegani\u0161kas.<\/p>","protected":false},"featured_media":52331,"comment_status":"closed","ping_status":"closed","template":"","meta":{"advanced_seo_description":"","jetpack_seo_html_title":"","jetpack_seo_noindex":false},"pwb-brand":[2300],"product_brand":[4959],"product_cat":[2593,2599,2592,289,597,152,177],"product_tag":[],"class_list":{"0":"post-47899","1":"product","2":"type-product","3":"status-publish","4":"has-post-thumbnail","6":"pwb-brand-zenwise","7":"product_brand-zenwise","8":"product_cat-antioxidants","9":"product_cat-brain-and-memory","10":"product_cat-detox","11":"product_cat-heart-and-blood-vessels","12":"product_cat-body-immunity","13":"product_cat-vitamins-and-minerals","14":"product_cat-weight-loss","15":"brand_woo-zenwise","17":"first","18":"outofstock","19":"taxable","20":"shipping-taxable","21":"purchasable","22":"product-type-simple"},"jetpack_sharing_enabled":true,"brands":[{"id":2300,"name":"Zenwise","slug":"zenwise"}],"_links":{"self":[{"href":"https:\/\/veganova.eu\/lt\/wp-json\/wp\/v2\/product\/47899","targetHints":{"allow":["GET"]}}],"collection":[{"href":"https:\/\/veganova.eu\/lt\/wp-json\/wp\/v2\/product"}],"about":[{"href":"https:\/\/veganova.eu\/lt\/wp-json\/wp\/v2\/types\/product"}],"replies":[{"embeddable":true,"href":"https:\/\/veganova.eu\/lt\/wp-json\/wp\/v2\/comments?post=47899"}],"version-history":[{"count":1,"href":"https:\/\/veganova.eu\/lt\/wp-json\/wp\/v2\/product\/47899\/revisions"}],"predecessor-version":[{"id":59280,"href":"https:\/\/veganova.eu\/lt\/wp-json\/wp\/v2\/product\/47899\/revisions\/59280"}],"wp:featuredmedia":[{"embeddable":true,"href":"https:\/\/veganova.eu\/lt\/wp-json\/wp\/v2\/media\/52331"}],"wp:attachment":[{"href":"https:\/\/veganova.eu\/lt\/wp-json\/wp\/v2\/media?parent=47899"}],"wp:term":[{"taxonomy":"pwb-brand","embeddable":true,"href":"https:\/\/veganova.eu\/lt\/wp-json\/wp\/v2\/pwb-brand?post=47899"},{"taxonomy":"product_brand","embeddable":true,"href":"https:\/\/veganova.eu\/lt\/wp-json\/wp\/v2\/product_brand?post=47899"},{"taxonomy":"product_cat","embeddable":true,"href":"https:\/\/veganova.eu\/lt\/wp-json\/wp\/v2\/product_cat?post=47899"},{"taxonomy":"product_tag","embeddable":true,"href":"https:\/\/veganova.eu\/lt\/wp-json\/wp\/v2\/product_tag?post=47899"}],"curies":[{"name":"wp","href":"https:\/\/api.w.org\/{rel}","templated":true}]}}