{"id":47985,"date":"2024-09-15T12:32:41","date_gmt":"2024-09-15T10:32:41","guid":{"rendered":"https:\/\/veganova.eu\/?post_type=product&#038;p=47985"},"modified":"2026-05-02T02:27:34","modified_gmt":"2026-05-02T00:27:34","slug":"swanson-magnesium-gummies-watermelon-120-gummies","status":"publish","type":"product","link":"https:\/\/veganova.eu\/lt\/shop\/swanson-magnesium-gummies-watermelon-120-gummies\/","title":{"rendered":"\"Swanson\" magnio kramtomosios gumos, arb\u016bzas - 120 kramtom\u0173j\u0173 gum\u0173"},"content":{"rendered":"<h3>\"Swanson\" magnio kramtomosios gumos, arb\u016bzas - 120 kramtom\u0173j\u0173 gum\u0173<\/h3>\n<p>Streso, raumen\u0173 ir kaul\u0173 palaikymas<br \/>\nVegan<br \/>\nBe glitimo<br \/>\nNe GMO<br \/>\nMaisto papildas<br \/>\nPalaiko sveik\u0105 reakcij\u0105 \u012f stres\u0105<br \/>\nLabai svarbus \u0161irdies, kaul\u0173 ir raumen\u0173 sveikatai<br \/>\nSkatina proto ir k\u016bno atsipalaidavim\u0105<br \/>\nVegetari\u0161kas<\/p>\n<p>Magnis jau kelis de\u0161imtme\u010dius u\u017eima svarbi\u0105 viet\u0105 kaul\u0173 sveikatos schemose, ta\u010diau vis labiau populiar\u0117ja kaip psichin\u012f ir fizin\u012f atsipalaidavim\u0105 skatinanti med\u017eiaga. Jei norite skaniai paskaninti \u0161\u012f svarb\u0173 mineral\u0105, i\u0161bandykite \"Swanson\" magnio citrato guminukus. \u0160ie vegani\u0161ki ir be glitimo guminukai, kuri\u0173 kiekviename guminuke yra 84 mg \u0161velnaus magnio citrato, yra sultingo arb\u016bzo skonio, kuris tikrai patiks bet kuriam gomuriui.<\/p>","protected":false},"excerpt":{"rendered":"<p>\"Swanson\" magnio kramtomosios gumos palaiko prot\u0105 ir k\u016bn\u0105. Sud\u0117tis: Sud\u0117tis: 120 guminuk\u0173. Sertifikatas: vegani\u0161kas, be glitimo, be gmo.<\/p>","protected":false},"featured_media":52304,"comment_status":"closed","ping_status":"closed","template":"","meta":{"advanced_seo_description":"","jetpack_seo_html_title":"","jetpack_seo_noindex":false},"pwb-brand":[450],"product_brand":[4753],"product_cat":[172,2598,132,152],"product_tag":[],"class_list":{"0":"post-47985","1":"product","2":"type-product","3":"status-publish","4":"has-post-thumbnail","6":"pwb-brand-swanson","7":"product_brand-swanson","8":"product_cat-minerals","9":"product_cat-recovery","10":"product_cat-sports-nutrition","11":"product_cat-vitamins-and-minerals","12":"brand_woo-swanson","14":"first","15":"outofstock","16":"taxable","17":"shipping-taxable","18":"purchasable","19":"product-type-simple"},"jetpack_sharing_enabled":true,"brands":[{"id":450,"name":"Swanson","slug":"swanson"}],"_links":{"self":[{"href":"https:\/\/veganova.eu\/lt\/wp-json\/wp\/v2\/product\/47985","targetHints":{"allow":["GET"]}}],"collection":[{"href":"https:\/\/veganova.eu\/lt\/wp-json\/wp\/v2\/product"}],"about":[{"href":"https:\/\/veganova.eu\/lt\/wp-json\/wp\/v2\/types\/product"}],"replies":[{"embeddable":true,"href":"https:\/\/veganova.eu\/lt\/wp-json\/wp\/v2\/comments?post=47985"}],"version-history":[{"count":1,"href":"https:\/\/veganova.eu\/lt\/wp-json\/wp\/v2\/product\/47985\/revisions"}],"predecessor-version":[{"id":59313,"href":"https:\/\/veganova.eu\/lt\/wp-json\/wp\/v2\/product\/47985\/revisions\/59313"}],"wp:featuredmedia":[{"embeddable":true,"href":"https:\/\/veganova.eu\/lt\/wp-json\/wp\/v2\/media\/52304"}],"wp:attachment":[{"href":"https:\/\/veganova.eu\/lt\/wp-json\/wp\/v2\/media?parent=47985"}],"wp:term":[{"taxonomy":"pwb-brand","embeddable":true,"href":"https:\/\/veganova.eu\/lt\/wp-json\/wp\/v2\/pwb-brand?post=47985"},{"taxonomy":"product_brand","embeddable":true,"href":"https:\/\/veganova.eu\/lt\/wp-json\/wp\/v2\/product_brand?post=47985"},{"taxonomy":"product_cat","embeddable":true,"href":"https:\/\/veganova.eu\/lt\/wp-json\/wp\/v2\/product_cat?post=47985"},{"taxonomy":"product_tag","embeddable":true,"href":"https:\/\/veganova.eu\/lt\/wp-json\/wp\/v2\/product_tag?post=47985"}],"curies":[{"name":"wp","href":"https:\/\/api.w.org\/{rel}","templated":true}]}}