{"id":47987,"date":"2024-09-15T12:32:43","date_gmt":"2024-09-15T10:32:43","guid":{"rendered":"https:\/\/veganova.eu\/?post_type=product&#038;p=47987"},"modified":"2026-04-21T07:26:03","modified_gmt":"2026-04-21T05:26:03","slug":"enzymedica-magnesium-motion-120-caps","status":"publish","type":"product","link":"https:\/\/veganova.eu\/lt\/shop\/enzymedica-magnesium-motion-120-caps\/","title":{"rendered":"\"Enzymedica Magnesium Motion\" - 120 kapsuli\u0173"},"content":{"rendered":"<h3>\"Enzymedica Magnesium Motion\" - 120 kapsuli\u0173<\/h3>\n<p>Visas skausmas ir joki\u0173 \u017eaidim\u0173 - ne j\u016bs\u0173 b\u016bdas! Pasiprie\u0161inkite atsitiktiniams skausmams ir diskomfortui su trimis magnio formomis, kurios suteiks jums papildom\u0105 l\u0105steli\u0173 stimul\u0105, reikaling\u0105 geriausiai savijautai.<\/p>\n<p>ATA Mg kartu su magnio malatu ir magnio glicinatu padeda organizmui ir protui. \u0160is sinergetinis trio mal\u0161ina kasdienius skausmus, skatina sveik\u0105 raumen\u0173 funkcij\u0105 ir atsigavim\u0105, taip pat palaiko sveikus kaulus ir \u0161irdies bei kraujagysli\u0173 sistemos veikl\u0105.<\/p>\n<p>Gerai \u017einoma, kad magnio glicinatas palaiko ram\u0173 mieg\u0105, nerv\u0173 sistem\u0105, sveikus kaulus ir \u0161irdies veikl\u0105. Magnio malatas mal\u0161ina kasdienius skausmus ir skatina sveik\u0105 raumen\u0173 funkcij\u0105 bei atsigavim\u0105.<\/p>","protected":false},"excerpt":{"rendered":"<p>\"Enzymedica Magnesium Motion\" skatina sveik\u0105 raumen\u0173 funkcij\u0105 ir atsigavim\u0105, taip pat palaiko sveikus kaulus ir \u0161irdies bei kraujagysli\u0173 sistemos veikl\u0105. Sud\u0117tis: Sud\u0117tis: 120 kapsuli\u0173. Sertifikatas: vegani\u0161kas.<\/p>","protected":false},"featured_media":52315,"comment_status":"closed","ping_status":"closed","template":"","meta":{"advanced_seo_description":"","jetpack_seo_html_title":"","jetpack_seo_noindex":false},"pwb-brand":[467],"product_brand":[4767],"product_cat":[172,2598,132,152],"product_tag":[],"class_list":{"0":"post-47987","1":"product","2":"type-product","3":"status-publish","4":"has-post-thumbnail","6":"pwb-brand-enzymedica","7":"product_brand-enzymedica","8":"product_cat-minerals","9":"product_cat-recovery","10":"product_cat-sports-nutrition","11":"product_cat-vitamins-and-minerals","12":"brand_woo-enzymedica","14":"first","15":"instock","16":"taxable","17":"shipping-taxable","18":"purchasable","19":"product-type-simple"},"jetpack_sharing_enabled":true,"brands":[{"id":467,"name":"Enzymedica","slug":"enzymedica"}],"_links":{"self":[{"href":"https:\/\/veganova.eu\/lt\/wp-json\/wp\/v2\/product\/47987","targetHints":{"allow":["GET"]}}],"collection":[{"href":"https:\/\/veganova.eu\/lt\/wp-json\/wp\/v2\/product"}],"about":[{"href":"https:\/\/veganova.eu\/lt\/wp-json\/wp\/v2\/types\/product"}],"replies":[{"embeddable":true,"href":"https:\/\/veganova.eu\/lt\/wp-json\/wp\/v2\/comments?post=47987"}],"version-history":[{"count":1,"href":"https:\/\/veganova.eu\/lt\/wp-json\/wp\/v2\/product\/47987\/revisions"}],"predecessor-version":[{"id":59314,"href":"https:\/\/veganova.eu\/lt\/wp-json\/wp\/v2\/product\/47987\/revisions\/59314"}],"wp:featuredmedia":[{"embeddable":true,"href":"https:\/\/veganova.eu\/lt\/wp-json\/wp\/v2\/media\/52315"}],"wp:attachment":[{"href":"https:\/\/veganova.eu\/lt\/wp-json\/wp\/v2\/media?parent=47987"}],"wp:term":[{"taxonomy":"pwb-brand","embeddable":true,"href":"https:\/\/veganova.eu\/lt\/wp-json\/wp\/v2\/pwb-brand?post=47987"},{"taxonomy":"product_brand","embeddable":true,"href":"https:\/\/veganova.eu\/lt\/wp-json\/wp\/v2\/product_brand?post=47987"},{"taxonomy":"product_cat","embeddable":true,"href":"https:\/\/veganova.eu\/lt\/wp-json\/wp\/v2\/product_cat?post=47987"},{"taxonomy":"product_tag","embeddable":true,"href":"https:\/\/veganova.eu\/lt\/wp-json\/wp\/v2\/product_tag?post=47987"}],"curies":[{"name":"wp","href":"https:\/\/api.w.org\/{rel}","templated":true}]}}