{"id":47997,"date":"2024-09-15T12:32:52","date_gmt":"2024-09-15T10:32:52","guid":{"rendered":"https:\/\/veganova.eu\/?post_type=product&#038;p=47997"},"modified":"2026-04-21T07:26:03","modified_gmt":"2026-04-21T05:26:03","slug":"applied-nutrition-mct-oil-490-ml","status":"publish","type":"product","link":"https:\/\/veganova.eu\/lt\/shop\/applied-nutrition-mct-oil-490-ml\/","title":{"rendered":"Taikomoji mityba MCT aliejus - 490 ml."},"content":{"rendered":"<h3>Applied Nutrition MCT aliejus - 490 ml<\/h3>\n<p>MCT ALIEJUS - 100% VIDUTIN\u0116S GRANDIN\u0116S TRIGLICERIDAI<\/p>\n<p>490 ml | 35 porcijos<\/p>\n<ul>\n<li>Applied Nutrition MCT aliejus yra vieno \u0161altinio kilm\u0117s MCT, kuriame yra daug C8 ir C10.<\/li>\n<li>Vidutin\u0117s grandin\u0117s trigliceridai yra naudingas riebal\u0173 r\u016bg\u0161\u010di\u0173 \u0161altinis, kurio galima d\u0117ti \u012f kav\u0105, kokteilius ar maisto produktus.<\/li>\n<\/ul>","protected":false},"excerpt":{"rendered":"<p>Applied Nutrition MCT aliejus puikiai tinka keto dietai. Galima d\u0117ti \u012f kav\u0105, kokteil\u012f ar maist\u0105. Sud\u0117tis: Sud\u0117tis: 490 ml. Sertifikatas: vegani\u0161kas, halal.<\/p>","protected":false},"featured_media":52295,"comment_status":"closed","ping_status":"closed","template":"","meta":{"advanced_seo_description":"","jetpack_seo_html_title":"","jetpack_seo_noindex":false},"pwb-brand":[202],"product_brand":[4592],"product_cat":[2599,143,177],"product_tag":[],"class_list":{"0":"post-47997","1":"product","2":"type-product","3":"status-publish","4":"has-post-thumbnail","6":"pwb-brand-applied-nutrition","7":"product_brand-applied-nutrition","8":"product_cat-brain-and-memory","9":"product_cat-health-issues","10":"product_cat-weight-loss","11":"brand_woo-applied-nutrition","13":"first","14":"instock","15":"taxable","16":"shipping-taxable","17":"purchasable","18":"product-type-simple"},"jetpack_sharing_enabled":true,"brands":[{"id":202,"name":"Taikomoji mityba","slug":"applied-nutrition"}],"_links":{"self":[{"href":"https:\/\/veganova.eu\/lt\/wp-json\/wp\/v2\/product\/47997","targetHints":{"allow":["GET"]}}],"collection":[{"href":"https:\/\/veganova.eu\/lt\/wp-json\/wp\/v2\/product"}],"about":[{"href":"https:\/\/veganova.eu\/lt\/wp-json\/wp\/v2\/types\/product"}],"replies":[{"embeddable":true,"href":"https:\/\/veganova.eu\/lt\/wp-json\/wp\/v2\/comments?post=47997"}],"version-history":[{"count":1,"href":"https:\/\/veganova.eu\/lt\/wp-json\/wp\/v2\/product\/47997\/revisions"}],"predecessor-version":[{"id":59316,"href":"https:\/\/veganova.eu\/lt\/wp-json\/wp\/v2\/product\/47997\/revisions\/59316"}],"wp:featuredmedia":[{"embeddable":true,"href":"https:\/\/veganova.eu\/lt\/wp-json\/wp\/v2\/media\/52295"}],"wp:attachment":[{"href":"https:\/\/veganova.eu\/lt\/wp-json\/wp\/v2\/media?parent=47997"}],"wp:term":[{"taxonomy":"pwb-brand","embeddable":true,"href":"https:\/\/veganova.eu\/lt\/wp-json\/wp\/v2\/pwb-brand?post=47997"},{"taxonomy":"product_brand","embeddable":true,"href":"https:\/\/veganova.eu\/lt\/wp-json\/wp\/v2\/product_brand?post=47997"},{"taxonomy":"product_cat","embeddable":true,"href":"https:\/\/veganova.eu\/lt\/wp-json\/wp\/v2\/product_cat?post=47997"},{"taxonomy":"product_tag","embeddable":true,"href":"https:\/\/veganova.eu\/lt\/wp-json\/wp\/v2\/product_tag?post=47997"}],"curies":[{"name":"wp","href":"https:\/\/api.w.org\/{rel}","templated":true}]}}