{"id":48015,"date":"2024-09-15T12:33:13","date_gmt":"2024-09-15T10:33:13","guid":{"rendered":"https:\/\/veganova.eu\/?post_type=product&#038;p=48015"},"modified":"2026-04-21T07:26:04","modified_gmt":"2026-04-21T05:26:04","slug":"jarrow-formulas-milk-thistle-150mg-200-vcaps","status":"publish","type":"product","link":"https:\/\/veganova.eu\/lt\/shop\/jarrow-formulas-milk-thistle-150mg-200-vcaps\/","title":{"rendered":"Jarrow Formulas Pieno rakta\u017eol\u0117, 150 mg - 200 vcaps"},"content":{"rendered":"<h3>Jarrow Formulas Pieno rakta\u017eol\u0117, 150 mg - 200 vcaps<\/h3>\n<p>\"Jarrow Formulas\" pieno rakta\u017eoli\u0173 (Silybum marianum) 30:1 ekstraktas standartizuotas taip, kad jame b\u016bt\u0173 80% vis\u0173 pieno rakta\u017eoli\u0173 flavonoid\u0173, \u012fskaitant izosilibininus, silibininus, silychristin\u0105 ir silydianin\u0105. \u0160i flavonoid\u0173 grup\u0117, bendrai vadinama silimarinu, palaiko kepen\u0173 funkcij\u0105, palaikydama glutationo kiek\u012f.<\/p>","protected":false},"excerpt":{"rendered":"<p>\"Jarrow Formulas\" pieno rakta\u017eol\u0117s palaiko kepen\u0173 funkcijas. Sud\u0117tis: Sud\u0117tis: 200 vegetari\u0161k\u0173 kapsuli\u0173. Sertifikatas: vegani\u0161kas, be glitimo, be gmo.<\/p>","protected":false},"featured_media":51898,"comment_status":"closed","ping_status":"closed","template":"","meta":{"advanced_seo_description":"","jetpack_seo_html_title":"","jetpack_seo_noindex":false},"pwb-brand":[165],"product_brand":[4572],"product_cat":[143,2591,152],"product_tag":[],"class_list":{"0":"post-48015","1":"product","2":"type-product","3":"status-publish","4":"has-post-thumbnail","6":"pwb-brand-jarrow-formulas","7":"product_brand-jarrow-formulas","8":"product_cat-health-issues","9":"product_cat-liver","10":"product_cat-vitamins-and-minerals","11":"brand_woo-jarrow-formulas","13":"first","14":"instock","15":"taxable","16":"shipping-taxable","17":"purchasable","18":"product-type-simple"},"jetpack_sharing_enabled":true,"brands":[{"id":165,"name":"\"Jarrow Formulas","slug":"jarrow-formulas"}],"_links":{"self":[{"href":"https:\/\/veganova.eu\/lt\/wp-json\/wp\/v2\/product\/48015","targetHints":{"allow":["GET"]}}],"collection":[{"href":"https:\/\/veganova.eu\/lt\/wp-json\/wp\/v2\/product"}],"about":[{"href":"https:\/\/veganova.eu\/lt\/wp-json\/wp\/v2\/types\/product"}],"replies":[{"embeddable":true,"href":"https:\/\/veganova.eu\/lt\/wp-json\/wp\/v2\/comments?post=48015"}],"version-history":[{"count":1,"href":"https:\/\/veganova.eu\/lt\/wp-json\/wp\/v2\/product\/48015\/revisions"}],"predecessor-version":[{"id":59324,"href":"https:\/\/veganova.eu\/lt\/wp-json\/wp\/v2\/product\/48015\/revisions\/59324"}],"wp:featuredmedia":[{"embeddable":true,"href":"https:\/\/veganova.eu\/lt\/wp-json\/wp\/v2\/media\/51898"}],"wp:attachment":[{"href":"https:\/\/veganova.eu\/lt\/wp-json\/wp\/v2\/media?parent=48015"}],"wp:term":[{"taxonomy":"pwb-brand","embeddable":true,"href":"https:\/\/veganova.eu\/lt\/wp-json\/wp\/v2\/pwb-brand?post=48015"},{"taxonomy":"product_brand","embeddable":true,"href":"https:\/\/veganova.eu\/lt\/wp-json\/wp\/v2\/product_brand?post=48015"},{"taxonomy":"product_cat","embeddable":true,"href":"https:\/\/veganova.eu\/lt\/wp-json\/wp\/v2\/product_cat?post=48015"},{"taxonomy":"product_tag","embeddable":true,"href":"https:\/\/veganova.eu\/lt\/wp-json\/wp\/v2\/product_tag?post=48015"}],"curies":[{"name":"wp","href":"https:\/\/api.w.org\/{rel}","templated":true}]}}