{"id":48037,"date":"2024-09-15T12:33:34","date_gmt":"2024-09-15T10:33:34","guid":{"rendered":"https:\/\/veganova.eu\/?post_type=product&#038;p=48037"},"modified":"2026-04-21T07:26:04","modified_gmt":"2026-04-21T05:26:04","slug":"himalaya-organic-bacopa-60-caplets","status":"publish","type":"product","link":"https:\/\/veganova.eu\/lt\/shop\/himalaya-organic-bacopa-60-caplets\/","title":{"rendered":"Himalaya Organic Bacopa - 60 kapsuli\u0173"},"content":{"rendered":"<h3>Himalaya Organic Bacopa - 60 kapsuli\u0173<\/h3>\n<p>Koncentracija ir atmintis, kognityvin\u0117s funkcijos, mokymosi geb\u0117jimai.<br \/>\nBacopa \u0161imtme\u010dius vartojama atmin\u010diai ir koncentracijai stiprinti, vertinama d\u0117l adaptogenini\u0173 savybi\u0173. \"Himalaya Organic Bacopa\" - tai viso augalo milteli\u0173 ir viso augalo sausojo ekstrakto mi\u0161inys, kuris palaiko pa\u017eintines funkcijas ir protin\u012f budrum\u0105, gerina koncentracij\u0105, atmint\u012f ir mokymosi geb\u0117jimus. \u0160is augalin\u0117s kilm\u0117s nootropinis preparatas prisideda prie normalios kraujotakos, kuri siejama su smegen\u0173 veikla. Sertifikuotas ekologi\u0161kas produktas. 100% Bacopa be joki\u0173 pried\u0173, dirbtini\u0173 u\u017epild\u0173 ar ri\u0161am\u0173j\u0173 med\u017eiag\u0173. Draugi\u0161ka veganams. Be glitimo, pieno, soj\u0173.<\/p>","protected":false},"excerpt":{"rendered":"<p>\"Himalaya Organic Bacopa\" palaiko koncentracij\u0105 ir atmint\u012f, pa\u017einimo funkcijas ir mokymosi geb\u0117jimus. Sud\u0117tis: Sud\u0117tis: 60 kapsuli\u0173.<\/p>","protected":false},"featured_media":52200,"comment_status":"closed","ping_status":"closed","template":"","meta":{"advanced_seo_description":"","jetpack_seo_html_title":"","jetpack_seo_noindex":false},"pwb-brand":[690],"product_brand":[4859],"product_cat":[2599,294,143],"product_tag":[],"class_list":{"0":"post-48037","1":"product","2":"type-product","3":"status-publish","4":"has-post-thumbnail","6":"pwb-brand-himalaya","7":"product_brand-himalaya","8":"product_cat-brain-and-memory","9":"product_cat-for-seniors","10":"product_cat-health-issues","11":"brand_woo-himalaya","13":"first","14":"instock","15":"taxable","16":"shipping-taxable","17":"purchasable","18":"product-type-simple"},"jetpack_sharing_enabled":true,"brands":[{"id":690,"name":"Himalaya","slug":"himalaya"}],"_links":{"self":[{"href":"https:\/\/veganova.eu\/lt\/wp-json\/wp\/v2\/product\/48037","targetHints":{"allow":["GET"]}}],"collection":[{"href":"https:\/\/veganova.eu\/lt\/wp-json\/wp\/v2\/product"}],"about":[{"href":"https:\/\/veganova.eu\/lt\/wp-json\/wp\/v2\/types\/product"}],"replies":[{"embeddable":true,"href":"https:\/\/veganova.eu\/lt\/wp-json\/wp\/v2\/comments?post=48037"}],"version-history":[{"count":1,"href":"https:\/\/veganova.eu\/lt\/wp-json\/wp\/v2\/product\/48037\/revisions"}],"predecessor-version":[{"id":59331,"href":"https:\/\/veganova.eu\/lt\/wp-json\/wp\/v2\/product\/48037\/revisions\/59331"}],"wp:featuredmedia":[{"embeddable":true,"href":"https:\/\/veganova.eu\/lt\/wp-json\/wp\/v2\/media\/52200"}],"wp:attachment":[{"href":"https:\/\/veganova.eu\/lt\/wp-json\/wp\/v2\/media?parent=48037"}],"wp:term":[{"taxonomy":"pwb-brand","embeddable":true,"href":"https:\/\/veganova.eu\/lt\/wp-json\/wp\/v2\/pwb-brand?post=48037"},{"taxonomy":"product_brand","embeddable":true,"href":"https:\/\/veganova.eu\/lt\/wp-json\/wp\/v2\/product_brand?post=48037"},{"taxonomy":"product_cat","embeddable":true,"href":"https:\/\/veganova.eu\/lt\/wp-json\/wp\/v2\/product_cat?post=48037"},{"taxonomy":"product_tag","embeddable":true,"href":"https:\/\/veganova.eu\/lt\/wp-json\/wp\/v2\/product_tag?post=48037"}],"curies":[{"name":"wp","href":"https:\/\/api.w.org\/{rel}","templated":true}]}}